{"id":469,"date":"2019-06-03T14:49:17","date_gmt":"2019-06-03T11:49:17","guid":{"rendered":"http:\/\/www.ecdmedya.com\/demo2\/?page_id=469"},"modified":"2024-02-16T10:27:25","modified_gmt":"2024-02-16T07:27:25","slug":"sac-mezoterapisi","status":"publish","type":"page","link":"https:\/\/caglayanyagmur.com.tr\/en\/sac-mezoterapisi\/","title":{"rendered":"Sa\u00e7 Mezoterapisi"},"content":{"rendered":"<div class=\"row\"  id=\"row-1073830439\">\n\n\t<div id=\"col-2112078075\" class=\"col small-12 large-12\"  >\n\t\t\t\t<div class=\"col-inner\"  >\n\t\t\t\n\t\t\t\n<div class=\"slider-wrapper relative\" id=\"slider-946601531\" >\n    <div class=\"slider slider-nav-circle slider-nav-large slider-nav-light slider-style-normal\"\n        data-flickity-options='{\n            \"cellAlign\": \"center\",\n            \"imagesLoaded\": true,\n            \"lazyLoad\": 1,\n            \"freeScroll\": false,\n            \"wrapAround\": false,\n            \"autoPlay\": 6000,\n            \"pauseAutoPlayOnHover\" : true,\n            \"prevNextButtons\": false,\n            \"contain\" : true,\n            \"adaptiveHeight\" : true,\n            \"dragThreshold\" : 10,\n            \"percentPosition\": true,\n            \"pageDots\": false,\n            \"rightToLeft\": false,\n            \"draggable\": false,\n            \"selectedAttraction\": 0.1,\n            \"parallax\" : 0,\n            \"friction\": 0.6        }'\n        >\n        \n\n  <div class=\"banner has-hover bg-color\" id=\"banner-268075348\">\n          <div class=\"banner-inner fill\">\n        <div class=\"banner-bg fill\" >\n            <img decoding=\"async\" width=\"1048\" height=\"350\" src=\"https:\/\/caglayanyagmur.com.tr\/wp-content\/uploads\/2019\/06\/Sac\u0327-Mezoterapisi-Samsun.jpg\" class=\"bg attachment-original size-original\" alt=\"\" \/>                                    \n                    <\/div>\n\t\t\n        <div class=\"banner-layers container\">\n            <div class=\"fill banner-link\"><\/div>            \n        <\/div>\n      <\/div>\n\n            \n<style>\n#banner-268075348 {\n  padding-top: 350px;\n  background-color: rgb(255, 255, 255);\n}\n#banner-268075348 .banner-bg img {\n  object-position: 26% 78%;\n}\n<\/style>\n  <\/div>\n\n\n     <\/div>\n\n     <div class=\"loading-spin dark large centered\"><\/div>\n\n\t<\/div>\n\n\n\t\t<\/div>\n\t\t\t\t\t<\/div>\n\n\t\n\n\t<div id=\"col-1091654066\" class=\"col small-12 large-12\"  >\n\t\t\t\t<div class=\"col-inner\"  >\n\t\t\t\n\t\t\t\n<p>Sa\u00e7 mezoterapisi, sa\u00e7 folik\u00fcllerinin daha fazla beslenmesini sa\u011flamak i\u00e7in sa\u00e7 k\u00f6klerinde yer alan damarlarda ki kan ak\u0131\u015f\u0131n\u0131 canland\u0131ran bir uygulamad\u0131r. Sa\u00e7 k\u0131r\u0131lmas\u0131, sa\u00e7 d\u00f6k\u00fclmesi, sa\u00e7 u\u00e7lar\u0131nda ki \u00e7atlamalar ve k\u0131r\u0131lmalar gibi pek \u00e7ok sa\u00e7 sorununa iyi geldi\u011fi ispatlanm\u0131\u015f bir alternatif tedavi y\u00f6ntemidir. \u00d6zellikle sa\u00e7 kalitesinin bozulmas\u0131na ve sa\u00e7\u0131lar\u0131n d\u00f6k\u00fclmesine yol a\u00e7an vitamin eksiklikleri, k\u00f6t\u00fc beslenme, stres, s\u0131k s\u0131k diyet yapmak ve hormon bozukluklar\u0131 gibi problemler sa\u00e7lar\u0131n geli\u015fimine engel olmaktad\u0131r. Sa\u00e7lar\u0131n sa\u011fl\u0131kl\u0131 b\u00fcy\u00fcmesi i\u00e7in ihtiya\u00e7 duyulan protein, mineral ve vitaminler sa\u00e7 mezoterapisi y\u00f6ntemi ile sa\u00e7 k\u00f6klerine ula\u015ft\u0131r\u0131l\u0131r.<\/p>\n<p><strong>Sa\u00e7 mezoterapisi nas\u0131l uygulan\u0131r? <\/strong><\/p>\n<p>\u00d6zel haz\u0131rlanan bir kokteylde yer alan mikro elementler, vitaminler ve besleyici enzimler sa\u00e7 derisinin hemen alt\u0131na \u00f6zel i\u011fneler yard\u0131m\u0131yla enjekte edilmektedir. Bu sayede oksijen, besin ve vitaminler sa\u00e7 k\u00f6klerine h\u0131zl\u0131ca ula\u015fmakta ve sa\u00e7 d\u00f6k\u00fclmeleri, kepek olu\u015fumu ve sa\u00e7larda g\u00f6r\u00fclen zay\u0131fl\u0131klar giderilmektedir. Mezoterapi i\u00e7in kullan\u0131lan \u00f6zel kokteylin i\u00e7erisinde magnezyum, \u00e7inko, B grubu vitaminleri ve amino asitler gibi sa\u00e7lara etkin \u015fekilde faydas\u0131 olan maddeler bulunmaktad\u0131r.<\/p>\n<p><strong>Sa\u00e7 mezoterapisi ne i\u015fe yarar?<\/strong><\/p>\n<p><strong> Sa\u00e7 Mezoterapisi<\/strong>, ba\u015fta sa\u00e7 d\u00f6k\u00fclmesi olmak \u00fczere, sa\u00e7 ve sa\u00e7 k\u00f6klerinde olu\u015fan bir\u00e7ok probleme \u00e7\u00f6z\u00fcm olmaktad\u0131r. Sa\u00e7 mezoterapisi ile;<\/p>\n<ol>\n<li>Sa\u00e7 d\u00f6k\u00fclmesini azaltmak ve durdurmak<\/li>\n<li>Daha g\u00fc\u00e7l\u00fc bir sa\u00e7 yap\u0131s\u0131n\u0131n olu\u015fumuna yard\u0131mc\u0131 olmak<\/li>\n<li>Sa\u00e7lar\u0131n toz, hava kirlili\u011fi ile mevsim ve hava de\u011fi\u015fiklikleri gibi bir\u00e7ok etkene kar\u015f\u0131, daha dayan\u0131kl\u0131 olmas\u0131n\u0131 sa\u011flamak<\/li>\n<li>Sa\u00e7 cildinde olu\u015fan a\u015f\u0131r\u0131 ya\u011flanman\u0131n dengelenmesi<\/li>\n<li>Kepek sorunun giderilmesine yard\u0131mc\u0131 olmak<\/li>\n<li>Sa\u00e7\u0131n parlak bir g\u00f6r\u00fcn\u00fcme sahip olmas\u0131n\u0131 sa\u011flamak<\/li>\n<li>Sa\u00e7lar\u0131 g\u00fc\u00e7lendirerek, k\u0131r\u0131lmas\u0131n\u0131 \u00f6nlemek<\/li>\n<li>G\u00fcne\u015f ve f\u00f6n gibi \u0131s\u0131lara kar\u015f\u0131 koruma sa\u011flamak<\/li>\n<li>Sa\u00e7 rengini koruyarak, beyazla\u015fmas\u0131n\u0131 geciktirmek<\/li>\n<\/ol>\n<p><strong>NOT :\u00a0<\/strong>Sayfa i\u00e7eri\u011fi sadece bilgilendirme ama\u00e7l\u0131d\u0131r, tan\u0131 ve tedavi i\u00e7in mutlaka doktorunuza ba\u015fvurunuz.<\/p>\n\t\t<\/div>\n\t\t\t\t\t<\/div>\n\n\t\n<\/div>\n<p>&nbsp;<\/p>\n","protected":false},"excerpt":{"rendered":"<p>&nbsp;<\/p>\n","protected":false},"author":1,"featured_media":0,"parent":0,"menu_order":0,"comment_status":"closed","ping_status":"closed","template":"page-blank-title-center.php","meta":{"footnotes":""},"class_list":["post-469","page","type-page","status-publish","hentry"],"yoast_head":"<!-- This site is optimized with the Yoast SEO plugin v26.4 - https:\/\/yoast.com\/wordpress\/plugins\/seo\/ -->\n<title>Sa\u00e7 Mezoterapisi ve 2024 Fiyatlar\u0131 | Do\u00e7. Dr. \u00c7a\u011flayan YA\u011eMUR<\/title>\n<meta name=\"description\" content=\"Sa\u00e7lar\u0131n\u0131z\u0131 g\u00fc\u00e7lendirmek ve sa\u00e7 d\u00f6k\u00fclmesini \u00f6nlemek i\u00e7in Do\u00e7. Dr. \u00c7a\u011flayan YA\u011eMUR&#039;un sa\u00e7 mezoterapisi hizmetlerinden faydalan\u0131n!\" \/>\n<meta name=\"robots\" content=\"index, follow, max-snippet:-1, max-image-preview:large, max-video-preview:-1\" \/>\n<link rel=\"canonical\" href=\"https:\/\/caglayanyagmur.com.tr\/en\/sac-mezoterapisi\/\" \/>\n<meta property=\"og:locale\" content=\"en_US\" \/>\n<meta property=\"og:locale:alternate\" content=\"tr_TR\" \/>\n<meta property=\"og:locale:alternate\" content=\"de_DE\" \/>\n<meta property=\"og:type\" content=\"article\" \/>\n<meta property=\"og:title\" content=\"Sa\u00e7 Mezoterapisi ve 2024 Fiyatlar\u0131 | Do\u00e7. Dr. \u00c7a\u011flayan YA\u011eMUR\" \/>\n<meta property=\"og:description\" content=\"Sa\u00e7lar\u0131n\u0131z\u0131 g\u00fc\u00e7lendirmek ve sa\u00e7 d\u00f6k\u00fclmesini \u00f6nlemek i\u00e7in Do\u00e7. Dr. \u00c7a\u011flayan YA\u011eMUR&#039;un sa\u00e7 mezoterapisi hizmetlerinden faydalan\u0131n!\" \/>\n<meta property=\"og:url\" content=\"https:\/\/caglayanyagmur.com.tr\/en\/sac-mezoterapisi\/\" \/>\n<meta property=\"og:site_name\" content=\"Do\u00e7. Dr. \u00c7a\u011flayan YA\u011eMUR\" \/>\n<meta property=\"article:publisher\" content=\"https:\/\/www.facebook.com\/drcaglayanyagmurestetik\/\" \/>\n<meta property=\"article:modified_time\" content=\"2024-02-16T07:27:25+00:00\" \/>\n<meta property=\"og:image\" content=\"https:\/\/caglayanyagmur.com.tr\/wp-content\/uploads\/2022\/02\/caglayan-yagmur-tanitim-videosu.png\" \/>\n\t<meta property=\"og:image:width\" content=\"1440\" \/>\n\t<meta property=\"og:image:height\" content=\"614\" \/>\n\t<meta property=\"og:image:type\" content=\"image\/png\" \/>\n<meta name=\"twitter:card\" content=\"summary_large_image\" \/>\n<meta name=\"twitter:label1\" content=\"Est. reading time\" \/>\n\t<meta name=\"twitter:data1\" content=\"2 minutes\" \/>\n<script type=\"application\/ld+json\" class=\"yoast-schema-graph\">{\"@context\":\"https:\/\/schema.org\",\"@graph\":[{\"@type\":\"WebPage\",\"@id\":\"https:\/\/caglayanyagmur.com.tr\/sac-mezoterapisi\/\",\"url\":\"https:\/\/caglayanyagmur.com.tr\/sac-mezoterapisi\/\",\"name\":\"Sa\u00e7 Mezoterapisi ve 2024 Fiyatlar\u0131 | Do\u00e7. Dr. \u00c7a\u011flayan YA\u011eMUR\",\"isPartOf\":{\"@id\":\"https:\/\/caglayanyagmur.com.tr\/#website\"},\"datePublished\":\"2019-06-03T11:49:17+00:00\",\"dateModified\":\"2024-02-16T07:27:25+00:00\",\"description\":\"Sa\u00e7lar\u0131n\u0131z\u0131 g\u00fc\u00e7lendirmek ve sa\u00e7 d\u00f6k\u00fclmesini \u00f6nlemek i\u00e7in Do\u00e7. Dr. \u00c7a\u011flayan YA\u011eMUR'un sa\u00e7 mezoterapisi hizmetlerinden faydalan\u0131n!\",\"breadcrumb\":{\"@id\":\"https:\/\/caglayanyagmur.com.tr\/sac-mezoterapisi\/#breadcrumb\"},\"inLanguage\":\"en-US\",\"potentialAction\":[{\"@type\":\"ReadAction\",\"target\":[\"https:\/\/caglayanyagmur.com.tr\/sac-mezoterapisi\/\"]}]},{\"@type\":\"BreadcrumbList\",\"@id\":\"https:\/\/caglayanyagmur.com.tr\/sac-mezoterapisi\/#breadcrumb\",\"itemListElement\":[{\"@type\":\"ListItem\",\"position\":1,\"name\":\"Ana sayfa\",\"item\":\"https:\/\/caglayanyagmur.com.tr\/\"},{\"@type\":\"ListItem\",\"position\":2,\"name\":\"Sa\u00e7 Mezoterapisi\"}]},{\"@type\":\"WebSite\",\"@id\":\"https:\/\/caglayanyagmur.com.tr\/#website\",\"url\":\"https:\/\/caglayanyagmur.com.tr\/\",\"name\":\"Do\u00e7. Dr. \u00c7a\u011flayan YA\u011eMUR\",\"description\":\"Plastik ve Estetik Cerrahi Uzman\u0131\",\"publisher\":{\"@id\":\"https:\/\/caglayanyagmur.com.tr\/#organization\"},\"alternateName\":\"\u00c7a\u011flayan Ya\u011fmur\",\"potentialAction\":[{\"@type\":\"SearchAction\",\"target\":{\"@type\":\"EntryPoint\",\"urlTemplate\":\"https:\/\/caglayanyagmur.com.tr\/?s={search_term_string}\"},\"query-input\":{\"@type\":\"PropertyValueSpecification\",\"valueRequired\":true,\"valueName\":\"search_term_string\"}}],\"inLanguage\":\"en-US\"},{\"@type\":\"Organization\",\"@id\":\"https:\/\/caglayanyagmur.com.tr\/#organization\",\"name\":\"Do\u00e7. Dr. \u00c7a\u011flayan YA\u011eMUR Muayenehanesi\",\"alternateName\":\"Estetik Cerrahi Klini\u011fi\",\"url\":\"https:\/\/caglayanyagmur.com.tr\/\",\"logo\":{\"@type\":\"ImageObject\",\"inLanguage\":\"en-US\",\"@id\":\"https:\/\/caglayanyagmur.com.tr\/#\/schema\/logo\/image\/\",\"url\":\"https:\/\/caglayanyagmur.com.tr\/wp-content\/uploads\/2023\/03\/Doc-dr-caglayan-yagmur-4.png\",\"contentUrl\":\"https:\/\/caglayanyagmur.com.tr\/wp-content\/uploads\/2023\/03\/Doc-dr-caglayan-yagmur-4.png\",\"width\":693,\"height\":620,\"caption\":\"Do\u00e7. Dr. \u00c7a\u011flayan YA\u011eMUR Muayenehanesi\"},\"image\":{\"@id\":\"https:\/\/caglayanyagmur.com.tr\/#\/schema\/logo\/image\/\"},\"sameAs\":[\"https:\/\/www.facebook.com\/drcaglayanyagmurestetik\/\",\"https:\/\/www.instagram.com\/caglayanyagmurestetik\/\",\"https:\/\/www.linkedin.com\/in\/caglayan-yagmur-86592731\",\"https:\/\/www.youtube.com\/@caglayanyagmurestetik\"]}]}<\/script>\n<!-- \/ Yoast SEO plugin. -->","yoast_head_json":{"title":"Sa\u00e7 Mezoterapisi ve 2024 Fiyatlar\u0131 | Do\u00e7. Dr. \u00c7a\u011flayan YA\u011eMUR","description":"Sa\u00e7lar\u0131n\u0131z\u0131 g\u00fc\u00e7lendirmek ve sa\u00e7 d\u00f6k\u00fclmesini \u00f6nlemek i\u00e7in Do\u00e7. Dr. \u00c7a\u011flayan YA\u011eMUR'un sa\u00e7 mezoterapisi hizmetlerinden faydalan\u0131n!","robots":{"index":"index","follow":"follow","max-snippet":"max-snippet:-1","max-image-preview":"max-image-preview:large","max-video-preview":"max-video-preview:-1"},"canonical":"https:\/\/caglayanyagmur.com.tr\/en\/sac-mezoterapisi\/","og_locale":"en_US","og_type":"article","og_title":"Sa\u00e7 Mezoterapisi ve 2024 Fiyatlar\u0131 | Do\u00e7. Dr. \u00c7a\u011flayan YA\u011eMUR","og_description":"Sa\u00e7lar\u0131n\u0131z\u0131 g\u00fc\u00e7lendirmek ve sa\u00e7 d\u00f6k\u00fclmesini \u00f6nlemek i\u00e7in Do\u00e7. Dr. \u00c7a\u011flayan YA\u011eMUR'un sa\u00e7 mezoterapisi hizmetlerinden faydalan\u0131n!","og_url":"https:\/\/caglayanyagmur.com.tr\/en\/sac-mezoterapisi\/","og_site_name":"Do\u00e7. Dr. \u00c7a\u011flayan YA\u011eMUR","article_publisher":"https:\/\/www.facebook.com\/drcaglayanyagmurestetik\/","article_modified_time":"2024-02-16T07:27:25+00:00","og_image":[{"width":1440,"height":614,"url":"https:\/\/caglayanyagmur.com.tr\/wp-content\/uploads\/2022\/02\/caglayan-yagmur-tanitim-videosu.png","type":"image\/png"}],"twitter_card":"summary_large_image","twitter_misc":{"Est. reading time":"2 minutes"},"schema":{"@context":"https:\/\/schema.org","@graph":[{"@type":"WebPage","@id":"https:\/\/caglayanyagmur.com.tr\/sac-mezoterapisi\/","url":"https:\/\/caglayanyagmur.com.tr\/sac-mezoterapisi\/","name":"Sa\u00e7 Mezoterapisi ve 2024 Fiyatlar\u0131 | Do\u00e7. Dr. \u00c7a\u011flayan YA\u011eMUR","isPartOf":{"@id":"https:\/\/caglayanyagmur.com.tr\/#website"},"datePublished":"2019-06-03T11:49:17+00:00","dateModified":"2024-02-16T07:27:25+00:00","description":"Sa\u00e7lar\u0131n\u0131z\u0131 g\u00fc\u00e7lendirmek ve sa\u00e7 d\u00f6k\u00fclmesini \u00f6nlemek i\u00e7in Do\u00e7. Dr. \u00c7a\u011flayan YA\u011eMUR'un sa\u00e7 mezoterapisi hizmetlerinden faydalan\u0131n!","breadcrumb":{"@id":"https:\/\/caglayanyagmur.com.tr\/sac-mezoterapisi\/#breadcrumb"},"inLanguage":"en-US","potentialAction":[{"@type":"ReadAction","target":["https:\/\/caglayanyagmur.com.tr\/sac-mezoterapisi\/"]}]},{"@type":"BreadcrumbList","@id":"https:\/\/caglayanyagmur.com.tr\/sac-mezoterapisi\/#breadcrumb","itemListElement":[{"@type":"ListItem","position":1,"name":"Ana sayfa","item":"https:\/\/caglayanyagmur.com.tr\/"},{"@type":"ListItem","position":2,"name":"Sa\u00e7 Mezoterapisi"}]},{"@type":"WebSite","@id":"https:\/\/caglayanyagmur.com.tr\/#website","url":"https:\/\/caglayanyagmur.com.tr\/","name":"Do\u00e7. Dr. \u00c7a\u011flayan YA\u011eMUR","description":"Plastik ve Estetik Cerrahi Uzman\u0131","publisher":{"@id":"https:\/\/caglayanyagmur.com.tr\/#organization"},"alternateName":"\u00c7a\u011flayan Ya\u011fmur","potentialAction":[{"@type":"SearchAction","target":{"@type":"EntryPoint","urlTemplate":"https:\/\/caglayanyagmur.com.tr\/?s={search_term_string}"},"query-input":{"@type":"PropertyValueSpecification","valueRequired":true,"valueName":"search_term_string"}}],"inLanguage":"en-US"},{"@type":"Organization","@id":"https:\/\/caglayanyagmur.com.tr\/#organization","name":"Do\u00e7. Dr. \u00c7a\u011flayan YA\u011eMUR Muayenehanesi","alternateName":"Estetik Cerrahi Klini\u011fi","url":"https:\/\/caglayanyagmur.com.tr\/","logo":{"@type":"ImageObject","inLanguage":"en-US","@id":"https:\/\/caglayanyagmur.com.tr\/#\/schema\/logo\/image\/","url":"https:\/\/caglayanyagmur.com.tr\/wp-content\/uploads\/2023\/03\/Doc-dr-caglayan-yagmur-4.png","contentUrl":"https:\/\/caglayanyagmur.com.tr\/wp-content\/uploads\/2023\/03\/Doc-dr-caglayan-yagmur-4.png","width":693,"height":620,"caption":"Do\u00e7. Dr. \u00c7a\u011flayan YA\u011eMUR Muayenehanesi"},"image":{"@id":"https:\/\/caglayanyagmur.com.tr\/#\/schema\/logo\/image\/"},"sameAs":["https:\/\/www.facebook.com\/drcaglayanyagmurestetik\/","https:\/\/www.instagram.com\/caglayanyagmurestetik\/","https:\/\/www.linkedin.com\/in\/caglayan-yagmur-86592731","https:\/\/www.youtube.com\/@caglayanyagmurestetik"]}]}},"_links":{"self":[{"href":"https:\/\/caglayanyagmur.com.tr\/en\/wp-json\/wp\/v2\/pages\/469","targetHints":{"allow":["GET"]}}],"collection":[{"href":"https:\/\/caglayanyagmur.com.tr\/en\/wp-json\/wp\/v2\/pages"}],"about":[{"href":"https:\/\/caglayanyagmur.com.tr\/en\/wp-json\/wp\/v2\/types\/page"}],"author":[{"embeddable":true,"href":"https:\/\/caglayanyagmur.com.tr\/en\/wp-json\/wp\/v2\/users\/1"}],"replies":[{"embeddable":true,"href":"https:\/\/caglayanyagmur.com.tr\/en\/wp-json\/wp\/v2\/comments?post=469"}],"version-history":[{"count":18,"href":"https:\/\/caglayanyagmur.com.tr\/en\/wp-json\/wp\/v2\/pages\/469\/revisions"}],"predecessor-version":[{"id":3253,"href":"https:\/\/caglayanyagmur.com.tr\/en\/wp-json\/wp\/v2\/pages\/469\/revisions\/3253"}],"wp:attachment":[{"href":"https:\/\/caglayanyagmur.com.tr\/en\/wp-json\/wp\/v2\/media?parent=469"}],"curies":[{"name":"wp","href":"https:\/\/api.w.org\/{rel}","templated":true}]}}