{"id":467,"date":"2019-06-03T14:47:37","date_gmt":"2019-06-03T11:47:37","guid":{"rendered":"http:\/\/www.ecdmedya.com\/demo2\/?page_id=467"},"modified":"2022-11-11T13:31:09","modified_gmt":"2022-11-11T10:31:09","slug":"vucut-mezoterapisi","status":"publish","type":"page","link":"https:\/\/caglayanyagmur.com.tr\/en\/vucut-mezoterapisi\/","title":{"rendered":"Body Mesotherapy"},"content":{"rendered":"<\/p>\n<div class=\"row\"  id=\"row-1552975144\">\n\n\t<div id=\"col-1827773840\" class=\"col small-12 large-12\"  >\n\t\t\t\t<div class=\"col-inner\"  >\n\t\t\t\n\t\t\t\n<div class=\"slider-wrapper relative\" id=\"slider-535958667\" >\n    <div class=\"slider slider-nav-circle slider-nav-large slider-nav-light slider-style-normal\"\n        data-flickity-options='{\n            \"cellAlign\": \"center\",\n            \"imagesLoaded\": true,\n            \"lazyLoad\": 1,\n            \"freeScroll\": false,\n            \"wrapAround\": false,\n            \"autoPlay\": 6000,\n            \"pauseAutoPlayOnHover\" : true,\n            \"prevNextButtons\": false,\n            \"contain\" : true,\n            \"adaptiveHeight\" : true,\n            \"dragThreshold\" : 10,\n            \"percentPosition\": true,\n            \"pageDots\": false,\n            \"rightToLeft\": false,\n            \"draggable\": false,\n            \"selectedAttraction\": 0.1,\n            \"parallax\" : 0,\n            \"friction\": 0.6        }'\n        >\n        \n\n  <div class=\"banner has-hover bg-color\" id=\"banner-53693050\">\n          <div class=\"banner-inner fill\">\n        <div class=\"banner-bg fill\" >\n            <img decoding=\"async\" width=\"1048\" height=\"350\" src=\"https:\/\/caglayanyagmur.com.tr\/wp-content\/uploads\/2019\/06\/Samsun-Vu\u0308cut-Mezoterapi.jpg\" class=\"bg attachment-original size-original\" alt=\"\" \/>                                    \n                    <\/div>\n\t\t\n        <div class=\"banner-layers container\">\n            <div class=\"fill banner-link\"><\/div>            \n        <\/div>\n      <\/div>\n\n            \n<style>\n#banner-53693050 {\n  padding-top: 350px;\n  background-color: rgb(255, 255, 255);\n}\n#banner-53693050 .banner-bg img {\n  object-position: 69% 70%;\n}\n<\/style>\n  <\/div>\n\n\n     <\/div>\n\n     <div class=\"loading-spin dark large centered\"><\/div>\n\n\t<\/div>\n\n\n\t\t<\/div>\n\t\t\t\t\t<\/div>\n\n\t\n\n\t<div id=\"col-1918134494\" class=\"col small-12 large-12\"  >\n\t\t\t\t<div class=\"col-inner\"  >\n\t\t\t\n\t\t\t\n<p>Body mesotherapy is the application of a specially prepared cocktail that contains micro-elements, vitamins, fat burning and restorative enzymes to the middle layer of the skin through micro injection method. It is a frequently applied treatment method for cellulite removal, tightening and slimming demands.<\/p>\n<p><strong>How is it applied ?<\/strong><\/p>\n<p>The special mixture containing circulatory enhancers, oxygen providers and lipolytic oil breaker substances is applied to the concerned area with the help of very fine-tipped needles. The number and intervals of sessions vary from patient to patient.<\/p>\n<p>Patients\u2019 attention to their nutrition during the treatment process and increased water consumption increases the success of treatment.<\/p>\n<p><strong>NOTE:   <\/strong>The content of this page is for informational purposes only and you should always consult your doctor for diagnosis and treatment.<\/p>\n\t\t<\/div>\n\t\t\t\t\t<\/div>\n\n\t\n<\/div>\n<p>\n","protected":false},"excerpt":{"rendered":"","protected":false},"author":1,"featured_media":0,"parent":0,"menu_order":0,"comment_status":"closed","ping_status":"closed","template":"page-blank-title-center.php","meta":{"footnotes":""},"class_list":["post-467","page","type-page","status-publish","hentry"],"yoast_head":"<!-- This site is optimized with the Yoast SEO plugin v26.4 - https:\/\/yoast.com\/wordpress\/plugins\/seo\/ -->\n<title>Body Mesotherapy<\/title>\n<meta name=\"robots\" content=\"index, follow, max-snippet:-1, max-image-preview:large, max-video-preview:-1\" \/>\n<link rel=\"canonical\" href=\"https:\/\/caglayanyagmur.com.tr\/en\/vucut-mezoterapisi\/\" \/>\n<meta property=\"og:locale\" content=\"en_US\" \/>\n<meta property=\"og:locale:alternate\" content=\"tr_TR\" \/>\n<meta property=\"og:locale:alternate\" content=\"de_DE\" \/>\n<meta property=\"og:type\" content=\"article\" \/>\n<meta property=\"og:title\" content=\"Body Mesotherapy\" \/>\n<meta property=\"og:url\" content=\"https:\/\/caglayanyagmur.com.tr\/en\/vucut-mezoterapisi\/\" \/>\n<meta property=\"og:site_name\" content=\"Do\u00e7. Dr. \u00c7a\u011flayan YA\u011eMUR\" \/>\n<meta property=\"article:publisher\" content=\"https:\/\/www.facebook.com\/drcaglayanyagmurestetik\/\" \/>\n<meta property=\"article:modified_time\" content=\"2022-11-11T10:31:09+00:00\" \/>\n<meta property=\"og:image\" content=\"https:\/\/caglayanyagmur.com.tr\/wp-content\/uploads\/2022\/02\/caglayan-yagmur-tanitim-videosu.png\" \/>\n\t<meta property=\"og:image:width\" content=\"1440\" \/>\n\t<meta property=\"og:image:height\" content=\"614\" \/>\n\t<meta property=\"og:image:type\" content=\"image\/png\" \/>\n<meta name=\"twitter:card\" content=\"summary_large_image\" \/>\n<meta name=\"twitter:label1\" content=\"Est. reading time\" \/>\n\t<meta name=\"twitter:data1\" content=\"3 minutes\" \/>\n<script type=\"application\/ld+json\" class=\"yoast-schema-graph\">{\"@context\":\"https:\/\/schema.org\",\"@graph\":[{\"@type\":\"WebPage\",\"@id\":\"https:\/\/caglayanyagmur.com.tr\/vucut-mezoterapisi\/\",\"url\":\"https:\/\/caglayanyagmur.com.tr\/vucut-mezoterapisi\/\",\"name\":\"Body Mesotherapy\",\"isPartOf\":{\"@id\":\"https:\/\/caglayanyagmur.com.tr\/#website\"},\"datePublished\":\"2019-06-03T11:47:37+00:00\",\"dateModified\":\"2022-11-11T10:31:09+00:00\",\"breadcrumb\":{\"@id\":\"https:\/\/caglayanyagmur.com.tr\/vucut-mezoterapisi\/#breadcrumb\"},\"inLanguage\":\"en-US\",\"potentialAction\":[{\"@type\":\"ReadAction\",\"target\":[\"https:\/\/caglayanyagmur.com.tr\/vucut-mezoterapisi\/\"]}]},{\"@type\":\"BreadcrumbList\",\"@id\":\"https:\/\/caglayanyagmur.com.tr\/vucut-mezoterapisi\/#breadcrumb\",\"itemListElement\":[{\"@type\":\"ListItem\",\"position\":1,\"name\":\"Ana sayfa\",\"item\":\"https:\/\/caglayanyagmur.com.tr\/\"},{\"@type\":\"ListItem\",\"position\":2,\"name\":\"V\u00fccut Mezoterapisi\"}]},{\"@type\":\"WebSite\",\"@id\":\"https:\/\/caglayanyagmur.com.tr\/#website\",\"url\":\"https:\/\/caglayanyagmur.com.tr\/\",\"name\":\"Do\u00e7. Dr. \u00c7a\u011flayan YA\u011eMUR\",\"description\":\"Plastik ve Estetik Cerrahi Uzman\u0131\",\"publisher\":{\"@id\":\"https:\/\/caglayanyagmur.com.tr\/#organization\"},\"alternateName\":\"\u00c7a\u011flayan Ya\u011fmur\",\"potentialAction\":[{\"@type\":\"SearchAction\",\"target\":{\"@type\":\"EntryPoint\",\"urlTemplate\":\"https:\/\/caglayanyagmur.com.tr\/?s={search_term_string}\"},\"query-input\":{\"@type\":\"PropertyValueSpecification\",\"valueRequired\":true,\"valueName\":\"search_term_string\"}}],\"inLanguage\":\"en-US\"},{\"@type\":\"Organization\",\"@id\":\"https:\/\/caglayanyagmur.com.tr\/#organization\",\"name\":\"Do\u00e7. Dr. \u00c7a\u011flayan YA\u011eMUR Muayenehanesi\",\"alternateName\":\"Estetik Cerrahi Klini\u011fi\",\"url\":\"https:\/\/caglayanyagmur.com.tr\/\",\"logo\":{\"@type\":\"ImageObject\",\"inLanguage\":\"en-US\",\"@id\":\"https:\/\/caglayanyagmur.com.tr\/#\/schema\/logo\/image\/\",\"url\":\"https:\/\/caglayanyagmur.com.tr\/wp-content\/uploads\/2023\/03\/Doc-dr-caglayan-yagmur-4.png\",\"contentUrl\":\"https:\/\/caglayanyagmur.com.tr\/wp-content\/uploads\/2023\/03\/Doc-dr-caglayan-yagmur-4.png\",\"width\":693,\"height\":620,\"caption\":\"Do\u00e7. Dr. \u00c7a\u011flayan YA\u011eMUR Muayenehanesi\"},\"image\":{\"@id\":\"https:\/\/caglayanyagmur.com.tr\/#\/schema\/logo\/image\/\"},\"sameAs\":[\"https:\/\/www.facebook.com\/drcaglayanyagmurestetik\/\",\"https:\/\/www.instagram.com\/caglayanyagmurestetik\/\",\"https:\/\/www.linkedin.com\/in\/caglayan-yagmur-86592731\",\"https:\/\/www.youtube.com\/@caglayanyagmurestetik\"]}]}<\/script>\n<!-- \/ Yoast SEO plugin. -->","yoast_head_json":{"title":"Body Mesotherapy","robots":{"index":"index","follow":"follow","max-snippet":"max-snippet:-1","max-image-preview":"max-image-preview:large","max-video-preview":"max-video-preview:-1"},"canonical":"https:\/\/caglayanyagmur.com.tr\/en\/vucut-mezoterapisi\/","og_locale":"en_US","og_type":"article","og_title":"[:tr]V\u00fccut Mezoterapisi[:de]Mesotherapie Fu\u0308r Problemzonen[:en]Body Mesotherapy[:] | Do\u00e7. Dr. \u00c7a\u011flayan YA\u011eMUR","og_url":"https:\/\/caglayanyagmur.com.tr\/en\/vucut-mezoterapisi\/","og_site_name":"Do\u00e7. Dr. \u00c7a\u011flayan YA\u011eMUR","article_publisher":"https:\/\/www.facebook.com\/drcaglayanyagmurestetik\/","article_modified_time":"2022-11-11T10:31:09+00:00","og_image":[{"width":1440,"height":614,"url":"https:\/\/caglayanyagmur.com.tr\/wp-content\/uploads\/2022\/02\/caglayan-yagmur-tanitim-videosu.png","type":"image\/png"}],"twitter_card":"summary_large_image","twitter_misc":{"Est. reading time":"3 minutes"},"schema":{"@context":"https:\/\/schema.org","@graph":[{"@type":"WebPage","@id":"https:\/\/caglayanyagmur.com.tr\/vucut-mezoterapisi\/","url":"https:\/\/caglayanyagmur.com.tr\/vucut-mezoterapisi\/","name":"Body Mesotherapy","isPartOf":{"@id":"https:\/\/caglayanyagmur.com.tr\/#website"},"datePublished":"2019-06-03T11:47:37+00:00","dateModified":"2022-11-11T10:31:09+00:00","breadcrumb":{"@id":"https:\/\/caglayanyagmur.com.tr\/vucut-mezoterapisi\/#breadcrumb"},"inLanguage":"en-US","potentialAction":[{"@type":"ReadAction","target":["https:\/\/caglayanyagmur.com.tr\/vucut-mezoterapisi\/"]}]},{"@type":"BreadcrumbList","@id":"https:\/\/caglayanyagmur.com.tr\/vucut-mezoterapisi\/#breadcrumb","itemListElement":[{"@type":"ListItem","position":1,"name":"Ana sayfa","item":"https:\/\/caglayanyagmur.com.tr\/"},{"@type":"ListItem","position":2,"name":"V\u00fccut Mezoterapisi"}]},{"@type":"WebSite","@id":"https:\/\/caglayanyagmur.com.tr\/#website","url":"https:\/\/caglayanyagmur.com.tr\/","name":"Do\u00e7. Dr. \u00c7a\u011flayan YA\u011eMUR","description":"Plastik ve Estetik Cerrahi Uzman\u0131","publisher":{"@id":"https:\/\/caglayanyagmur.com.tr\/#organization"},"alternateName":"\u00c7a\u011flayan Ya\u011fmur","potentialAction":[{"@type":"SearchAction","target":{"@type":"EntryPoint","urlTemplate":"https:\/\/caglayanyagmur.com.tr\/?s={search_term_string}"},"query-input":{"@type":"PropertyValueSpecification","valueRequired":true,"valueName":"search_term_string"}}],"inLanguage":"en-US"},{"@type":"Organization","@id":"https:\/\/caglayanyagmur.com.tr\/#organization","name":"Do\u00e7. Dr. \u00c7a\u011flayan YA\u011eMUR Muayenehanesi","alternateName":"Estetik Cerrahi Klini\u011fi","url":"https:\/\/caglayanyagmur.com.tr\/","logo":{"@type":"ImageObject","inLanguage":"en-US","@id":"https:\/\/caglayanyagmur.com.tr\/#\/schema\/logo\/image\/","url":"https:\/\/caglayanyagmur.com.tr\/wp-content\/uploads\/2023\/03\/Doc-dr-caglayan-yagmur-4.png","contentUrl":"https:\/\/caglayanyagmur.com.tr\/wp-content\/uploads\/2023\/03\/Doc-dr-caglayan-yagmur-4.png","width":693,"height":620,"caption":"Do\u00e7. Dr. \u00c7a\u011flayan YA\u011eMUR Muayenehanesi"},"image":{"@id":"https:\/\/caglayanyagmur.com.tr\/#\/schema\/logo\/image\/"},"sameAs":["https:\/\/www.facebook.com\/drcaglayanyagmurestetik\/","https:\/\/www.instagram.com\/caglayanyagmurestetik\/","https:\/\/www.linkedin.com\/in\/caglayan-yagmur-86592731","https:\/\/www.youtube.com\/@caglayanyagmurestetik"]}]}},"_links":{"self":[{"href":"https:\/\/caglayanyagmur.com.tr\/en\/wp-json\/wp\/v2\/pages\/467","targetHints":{"allow":["GET"]}}],"collection":[{"href":"https:\/\/caglayanyagmur.com.tr\/en\/wp-json\/wp\/v2\/pages"}],"about":[{"href":"https:\/\/caglayanyagmur.com.tr\/en\/wp-json\/wp\/v2\/types\/page"}],"author":[{"embeddable":true,"href":"https:\/\/caglayanyagmur.com.tr\/en\/wp-json\/wp\/v2\/users\/1"}],"replies":[{"embeddable":true,"href":"https:\/\/caglayanyagmur.com.tr\/en\/wp-json\/wp\/v2\/comments?post=467"}],"version-history":[{"count":29,"href":"https:\/\/caglayanyagmur.com.tr\/en\/wp-json\/wp\/v2\/pages\/467\/revisions"}],"predecessor-version":[{"id":1989,"href":"https:\/\/caglayanyagmur.com.tr\/en\/wp-json\/wp\/v2\/pages\/467\/revisions\/1989"}],"wp:attachment":[{"href":"https:\/\/caglayanyagmur.com.tr\/en\/wp-json\/wp\/v2\/media?parent=467"}],"curies":[{"name":"wp","href":"https:\/\/api.w.org\/{rel}","templated":true}]}}