{"id":517,"date":"2019-06-03T15:00:11","date_gmt":"2019-06-03T12:00:11","guid":{"rendered":"http:\/\/www.ecdmedya.com\/demo2\/?page_id=517"},"modified":"2024-02-21T16:07:08","modified_gmt":"2024-02-21T13:07:08","slug":"meme-estetigi","status":"publish","type":"page","link":"https:\/\/caglayanyagmur.com.tr\/de\/meme-estetigi\/","title":{"rendered":"Meme Esteti\u011fi"},"content":{"rendered":"<\/p>\n<\/p>\n\n<div class=\"row align-middle align-center\"  id=\"row-1036887687\">\n\n\n\t<div id=\"col-1974573837\" class=\"col medium-6 small-11 large-4\"  >\n\t\t\t\t<div class=\"col-inner box-shadow-5-hover\"  >\n\t\t\t\n\t<div class=\"is-border\"\n\t\tstyle=\"border-color:rgb(0, 0, 0);border-width:0px 0px 5px 0px;margin:0px 0px -6px 0px;\">\n\t<\/div>\n\t\t\t\n\n\t<div class=\"box has-hover   has-hover box-default box-text-bottom\" >\n\n\t\t<div class=\"box-image\" >\n\t\t\t<a href=\"https:\/\/caglayanyagmur.com.tr\/de\/meme-buyutme\/\" >\t\t\t<div class=\"image-color\" >\n\t\t\t\t<img decoding=\"async\" width=\"750\" height=\"750\" src=\"https:\/\/caglayanyagmur.com.tr\/wp-content\/uploads\/2019\/06\/Meme-bu\u0308yu\u0308tme-operasyonu.jpg\" class=\"attachment- size-\" alt=\"\" srcset=\"https:\/\/caglayanyagmur.com.tr\/wp-content\/uploads\/2019\/06\/Meme-bu\u0308yu\u0308tme-operasyonu.jpg 750w, https:\/\/caglayanyagmur.com.tr\/wp-content\/uploads\/2019\/06\/Meme-bu\u0308yu\u0308tme-operasyonu-280x280.jpg 280w, https:\/\/caglayanyagmur.com.tr\/wp-content\/uploads\/2019\/06\/Meme-bu\u0308yu\u0308tme-operasyonu-400x400.jpg 400w\" sizes=\"(max-width: 750px) 100vw, 750px\" \/>\t\t\t\t\t\t\t\t\t\t\t<\/div>\n\t\t\t<\/a>\t\t<\/div>\n\n\t\t<div class=\"box-text text-center\" style=\"padding:4px 0px 4px 0px;\">\n\t\t\t<div class=\"box-text-inner\">\n\t\t\t\t\n\n\t<div id=\"text-363356755\" class=\"text\">\n\t\t\n\n<h2 class=\"uppercase\">BRUSTVERGR\u00d6SSERUNG<\/h2>\n\n\t\t\n<style>\n#text-363356755 {\n  font-size: 1.1rem;\n}\n@media (min-width:550px) {\n  #text-363356755 {\n    font-size: 0.9rem;\n  }\n}\n@media (min-width:850px) {\n  #text-363356755 {\n    font-size: 0.8rem;\n  }\n}\n<\/style>\n\t<\/div>\n\t\n\n\t\t\t<\/div>\n\t\t<\/div>\n\t<\/div>\n\t\n\n\t\t<\/div>\n\t\t\t\t\n<style>\n#col-1974573837 > .col-inner {\n  margin: 0px 0px 30px 0px;\n}\n<\/style>\n\t<\/div>\n\n\t\n\n\t<div id=\"col-228803450\" class=\"col medium-6 small-11 large-4\"  >\n\t\t\t\t<div class=\"col-inner box-shadow-5-hover\"  >\n\t\t\t\n\t<div class=\"is-border\"\n\t\tstyle=\"border-color:rgb(0, 0, 0);border-width:0px 0px 5px 0px;margin:0px 0px -6px 0px;\">\n\t<\/div>\n\t\t\t\n\n\t<div class=\"box has-hover   has-hover box-default box-text-bottom\" >\n\n\t\t<div class=\"box-image\" >\n\t\t\t<a href=\"https:\/\/caglayanyagmur.com.tr\/de\/meme-diklestirme\/\" >\t\t\t<div class=\"image-color\" >\n\t\t\t\t<img decoding=\"async\" width=\"750\" height=\"750\" src=\"https:\/\/caglayanyagmur.com.tr\/wp-content\/uploads\/2019\/06\/meme-dikles\u0327tirme-uygulamas\u0131-Samsun.jpg\" class=\"attachment- size-\" alt=\"\" srcset=\"https:\/\/caglayanyagmur.com.tr\/wp-content\/uploads\/2019\/06\/meme-dikles\u0327tirme-uygulamas\u0131-Samsun.jpg 750w, https:\/\/caglayanyagmur.com.tr\/wp-content\/uploads\/2019\/06\/meme-dikles\u0327tirme-uygulamas\u0131-Samsun-280x280.jpg 280w, https:\/\/caglayanyagmur.com.tr\/wp-content\/uploads\/2019\/06\/meme-dikles\u0327tirme-uygulamas\u0131-Samsun-400x400.jpg 400w\" sizes=\"(max-width: 750px) 100vw, 750px\" \/>\t\t\t\t\t\t\t\t\t\t\t<\/div>\n\t\t\t<\/a>\t\t<\/div>\n\n\t\t<div class=\"box-text text-center\" style=\"padding:4px 0px 4px 0px;\">\n\t\t\t<div class=\"box-text-inner\">\n\t\t\t\t\n\n\t<div id=\"text-1950595868\" class=\"text\">\n\t\t\n\n<h2 class=\"uppercase\">BRUSTSTRAFFUNG<\/h2>\n\n\t\t\n<style>\n#text-1950595868 {\n  font-size: 1.1rem;\n}\n@media (min-width:550px) {\n  #text-1950595868 {\n    font-size: 0.9rem;\n  }\n}\n@media (min-width:850px) {\n  #text-1950595868 {\n    font-size: 0.8rem;\n  }\n}\n<\/style>\n\t<\/div>\n\t\n\n\t\t\t<\/div>\n\t\t<\/div>\n\t<\/div>\n\t\n\n\t\t<\/div>\n\t\t\t\t\n<style>\n#col-228803450 > .col-inner {\n  margin: 0px 0px 30px 0px;\n}\n<\/style>\n\t<\/div>\n\n\t\n\n\t<div id=\"col-1578606744\" class=\"col medium-6 small-11 large-4\"  >\n\t\t\t\t<div class=\"col-inner box-shadow-5-hover\"  >\n\t\t\t\n\t<div class=\"is-border\"\n\t\tstyle=\"border-color:rgb(0, 0, 0);border-width:0px 0px 5px 0px;margin:0px 0px -6px 0px;\">\n\t<\/div>\n\t\t\t\n\n\t<div class=\"box has-hover   has-hover box-default box-text-bottom\" >\n\n\t\t<div class=\"box-image\" >\n\t\t\t<a href=\"https:\/\/caglayanyagmur.com.tr\/de\/meme-kucultme\/\" >\t\t\t<div class=\"image-color\" >\n\t\t\t\t<img decoding=\"async\" width=\"750\" height=\"750\" src=\"https:\/\/caglayanyagmur.com.tr\/wp-content\/uploads\/2019\/06\/Samsun-meme-ku\u0308c\u0327u\u0308ltme-ameliyat\u0131.jpg\" class=\"attachment- size-\" alt=\"\" srcset=\"https:\/\/caglayanyagmur.com.tr\/wp-content\/uploads\/2019\/06\/Samsun-meme-ku\u0308c\u0327u\u0308ltme-ameliyat\u0131.jpg 750w, https:\/\/caglayanyagmur.com.tr\/wp-content\/uploads\/2019\/06\/Samsun-meme-ku\u0308c\u0327u\u0308ltme-ameliyat\u0131-280x280.jpg 280w, https:\/\/caglayanyagmur.com.tr\/wp-content\/uploads\/2019\/06\/Samsun-meme-ku\u0308c\u0327u\u0308ltme-ameliyat\u0131-400x400.jpg 400w\" sizes=\"(max-width: 750px) 100vw, 750px\" \/>\t\t\t\t\t\t\t\t\t\t\t<\/div>\n\t\t\t<\/a>\t\t<\/div>\n\n\t\t<div class=\"box-text text-center\" style=\"padding:4px 0px 4px 0px;\">\n\t\t\t<div class=\"box-text-inner\">\n\t\t\t\t\n\n\t<div id=\"text-823052188\" class=\"text\">\n\t\t\n\n<h2 class=\"uppercase\">BRUSTVERKLEINERUNG<\/h2>\n\n\t\t\n<style>\n#text-823052188 {\n  font-size: 1.1rem;\n}\n@media (min-width:550px) {\n  #text-823052188 {\n    font-size: 0.9rem;\n  }\n}\n@media (min-width:850px) {\n  #text-823052188 {\n    font-size: 0.8rem;\n  }\n}\n<\/style>\n\t<\/div>\n\t\n\n\t\t\t<\/div>\n\t\t<\/div>\n\t<\/div>\n\t\n\n\t\t<\/div>\n\t\t\t\t\n<style>\n#col-1578606744 > .col-inner {\n  margin: 0px 0px 30px 0px;\n}\n<\/style>\n\t<\/div>\n\n\t\n\n\t<div id=\"col-728985734\" class=\"col medium-6 small-11 large-4\"  >\n\t\t\t\t<div class=\"col-inner box-shadow-5-hover\"  >\n\t\t\t\n\t<div class=\"is-border\"\n\t\tstyle=\"border-color:rgb(0, 0, 0);border-width:0px 0px 5px 0px;margin:0px 0px -6px 0px;\">\n\t<\/div>\n\t\t\t\n\n\t<div class=\"box has-hover   has-hover box-default box-text-bottom\" >\n\n\t\t<div class=\"box-image\" >\n\t\t\t<a href=\"https:\/\/caglayanyagmur.com.tr\/de\/jinekomasti-ameliyati\/\" >\t\t\t<div class=\"image-color\" >\n\t\t\t\t<img decoding=\"async\" width=\"750\" height=\"750\" src=\"https:\/\/caglayanyagmur.com.tr\/wp-content\/uploads\/2019\/06\/Jinekomasti-Erkek-Meme-Ku\u0308c\u0327u\u0308ltme-Samsun.jpg\" class=\"attachment- size-\" alt=\"\" srcset=\"https:\/\/caglayanyagmur.com.tr\/wp-content\/uploads\/2019\/06\/Jinekomasti-Erkek-Meme-Ku\u0308c\u0327u\u0308ltme-Samsun.jpg 750w, https:\/\/caglayanyagmur.com.tr\/wp-content\/uploads\/2019\/06\/Jinekomasti-Erkek-Meme-Ku\u0308c\u0327u\u0308ltme-Samsun-280x280.jpg 280w, https:\/\/caglayanyagmur.com.tr\/wp-content\/uploads\/2019\/06\/Jinekomasti-Erkek-Meme-Ku\u0308c\u0327u\u0308ltme-Samsun-400x400.jpg 400w\" sizes=\"(max-width: 750px) 100vw, 750px\" \/>\t\t\t\t\t\t\t\t\t\t\t<\/div>\n\t\t\t<\/a>\t\t<\/div>\n\n\t\t<div class=\"box-text text-center\" style=\"padding:4px 0px 4px 0px;\">\n\t\t\t<div class=\"box-text-inner\">\n\t\t\t\t\n\n\t<div id=\"text-1821295954\" class=\"text\">\n\t\t\n\n<h2 class=\"uppercase\">GYN\u00c4KOMASTIE<\/h2>\n\n\t\t\n<style>\n#text-1821295954 {\n  font-size: 1.1rem;\n}\n@media (min-width:550px) {\n  #text-1821295954 {\n    font-size: 0.9rem;\n  }\n}\n@media (min-width:850px) {\n  #text-1821295954 {\n    font-size: 0.8rem;\n  }\n}\n<\/style>\n\t<\/div>\n\t\n\n\t\t\t<\/div>\n\t\t<\/div>\n\t<\/div>\n\t\n\n\t\t<\/div>\n\t\t\t\t\n<style>\n#col-728985734 > .col-inner {\n  margin: 0px 0px 30px 0px;\n}\n<\/style>\n\t<\/div>\n\n\t\n\n<\/div>\n<p>\n<p>\n","protected":false},"excerpt":{"rendered":"","protected":false},"author":1,"featured_media":0,"parent":0,"menu_order":0,"comment_status":"closed","ping_status":"closed","template":"page-blank-title-center.php","meta":{"footnotes":""},"class_list":["post-517","page","type-page","status-publish","hentry"],"yoast_head":"<!-- This site is optimized with the Yoast SEO plugin v26.4 - https:\/\/yoast.com\/wordpress\/plugins\/seo\/ -->\n<title>Meme Esteti\u011fi<\/title>\n<meta name=\"robots\" content=\"index, follow, max-snippet:-1, max-image-preview:large, max-video-preview:-1\" \/>\n<link rel=\"canonical\" href=\"https:\/\/caglayanyagmur.com.tr\/de\/meme-estetigi\/\" \/>\n<meta property=\"og:locale\" content=\"de_DE\" \/>\n<meta property=\"og:locale:alternate\" content=\"tr_TR\" \/>\n<meta property=\"og:locale:alternate\" content=\"en_US\" \/>\n<meta property=\"og:type\" content=\"article\" \/>\n<meta property=\"og:title\" content=\"Meme Esteti\u011fi\" \/>\n<meta property=\"og:url\" content=\"https:\/\/caglayanyagmur.com.tr\/de\/meme-estetigi\/\" \/>\n<meta property=\"og:site_name\" content=\"Do\u00e7. Dr. \u00c7a\u011flayan YA\u011eMUR\" \/>\n<meta property=\"article:publisher\" content=\"https:\/\/www.facebook.com\/drcaglayanyagmurestetik\/\" \/>\n<meta property=\"article:modified_time\" content=\"2024-02-21T13:07:08+00:00\" \/>\n<meta property=\"og:image\" content=\"https:\/\/caglayanyagmur.com.tr\/wp-content\/uploads\/2022\/02\/caglayan-yagmur-tanitim-videosu.png\" \/>\n\t<meta property=\"og:image:width\" content=\"1440\" \/>\n\t<meta property=\"og:image:height\" content=\"614\" \/>\n\t<meta property=\"og:image:type\" content=\"image\/png\" \/>\n<meta name=\"twitter:card\" content=\"summary_large_image\" \/>\n<script type=\"application\/ld+json\" class=\"yoast-schema-graph\">{\"@context\":\"https:\/\/schema.org\",\"@graph\":[{\"@type\":\"WebPage\",\"@id\":\"https:\/\/caglayanyagmur.com.tr\/meme-estetigi\/\",\"url\":\"https:\/\/caglayanyagmur.com.tr\/meme-estetigi\/\",\"name\":\"Meme Esteti\u011fi\",\"isPartOf\":{\"@id\":\"https:\/\/caglayanyagmur.com.tr\/#website\"},\"datePublished\":\"2019-06-03T12:00:11+00:00\",\"dateModified\":\"2024-02-21T13:07:08+00:00\",\"breadcrumb\":{\"@id\":\"https:\/\/caglayanyagmur.com.tr\/meme-estetigi\/#breadcrumb\"},\"inLanguage\":\"de-DE\",\"potentialAction\":[{\"@type\":\"ReadAction\",\"target\":[\"https:\/\/caglayanyagmur.com.tr\/meme-estetigi\/\"]}]},{\"@type\":\"BreadcrumbList\",\"@id\":\"https:\/\/caglayanyagmur.com.tr\/meme-estetigi\/#breadcrumb\",\"itemListElement\":[{\"@type\":\"ListItem\",\"position\":1,\"name\":\"Ana sayfa\",\"item\":\"https:\/\/caglayanyagmur.com.tr\/\"},{\"@type\":\"ListItem\",\"position\":2,\"name\":\"MEME ESTET\u0130\u011e\u0130\"}]},{\"@type\":\"WebSite\",\"@id\":\"https:\/\/caglayanyagmur.com.tr\/#website\",\"url\":\"https:\/\/caglayanyagmur.com.tr\/\",\"name\":\"Do\u00e7. Dr. \u00c7a\u011flayan YA\u011eMUR\",\"description\":\"Plastik ve Estetik Cerrahi Uzman\u0131\",\"publisher\":{\"@id\":\"https:\/\/caglayanyagmur.com.tr\/#organization\"},\"alternateName\":\"\u00c7a\u011flayan Ya\u011fmur\",\"potentialAction\":[{\"@type\":\"SearchAction\",\"target\":{\"@type\":\"EntryPoint\",\"urlTemplate\":\"https:\/\/caglayanyagmur.com.tr\/?s={search_term_string}\"},\"query-input\":{\"@type\":\"PropertyValueSpecification\",\"valueRequired\":true,\"valueName\":\"search_term_string\"}}],\"inLanguage\":\"de-DE\"},{\"@type\":\"Organization\",\"@id\":\"https:\/\/caglayanyagmur.com.tr\/#organization\",\"name\":\"Do\u00e7. Dr. \u00c7a\u011flayan YA\u011eMUR Muayenehanesi\",\"alternateName\":\"Estetik Cerrahi Klini\u011fi\",\"url\":\"https:\/\/caglayanyagmur.com.tr\/\",\"logo\":{\"@type\":\"ImageObject\",\"inLanguage\":\"de-DE\",\"@id\":\"https:\/\/caglayanyagmur.com.tr\/#\/schema\/logo\/image\/\",\"url\":\"https:\/\/caglayanyagmur.com.tr\/wp-content\/uploads\/2023\/03\/Doc-dr-caglayan-yagmur-4.png\",\"contentUrl\":\"https:\/\/caglayanyagmur.com.tr\/wp-content\/uploads\/2023\/03\/Doc-dr-caglayan-yagmur-4.png\",\"width\":693,\"height\":620,\"caption\":\"Do\u00e7. Dr. \u00c7a\u011flayan YA\u011eMUR Muayenehanesi\"},\"image\":{\"@id\":\"https:\/\/caglayanyagmur.com.tr\/#\/schema\/logo\/image\/\"},\"sameAs\":[\"https:\/\/www.facebook.com\/drcaglayanyagmurestetik\/\",\"https:\/\/www.instagram.com\/caglayanyagmurestetik\/\",\"https:\/\/www.linkedin.com\/in\/caglayan-yagmur-86592731\",\"https:\/\/www.youtube.com\/@caglayanyagmurestetik\"]}]}<\/script>\n<!-- \/ Yoast SEO plugin. -->","yoast_head_json":{"title":"Meme Esteti\u011fi","robots":{"index":"index","follow":"follow","max-snippet":"max-snippet:-1","max-image-preview":"max-image-preview:large","max-video-preview":"max-video-preview:-1"},"canonical":"https:\/\/caglayanyagmur.com.tr\/de\/meme-estetigi\/","og_locale":"de_DE","og_type":"article","og_title":"[:tr]Meme Esteti\u011fi[:] | Do\u00e7. Dr. \u00c7a\u011flayan YA\u011eMUR","og_url":"https:\/\/caglayanyagmur.com.tr\/de\/meme-estetigi\/","og_site_name":"Do\u00e7. Dr. \u00c7a\u011flayan YA\u011eMUR","article_publisher":"https:\/\/www.facebook.com\/drcaglayanyagmurestetik\/","article_modified_time":"2024-02-21T13:07:08+00:00","og_image":[{"width":1440,"height":614,"url":"https:\/\/caglayanyagmur.com.tr\/wp-content\/uploads\/2022\/02\/caglayan-yagmur-tanitim-videosu.png","type":"image\/png"}],"twitter_card":"summary_large_image","schema":{"@context":"https:\/\/schema.org","@graph":[{"@type":"WebPage","@id":"https:\/\/caglayanyagmur.com.tr\/meme-estetigi\/","url":"https:\/\/caglayanyagmur.com.tr\/meme-estetigi\/","name":"Meme Esteti\u011fi","isPartOf":{"@id":"https:\/\/caglayanyagmur.com.tr\/#website"},"datePublished":"2019-06-03T12:00:11+00:00","dateModified":"2024-02-21T13:07:08+00:00","breadcrumb":{"@id":"https:\/\/caglayanyagmur.com.tr\/meme-estetigi\/#breadcrumb"},"inLanguage":"de-DE","potentialAction":[{"@type":"ReadAction","target":["https:\/\/caglayanyagmur.com.tr\/meme-estetigi\/"]}]},{"@type":"BreadcrumbList","@id":"https:\/\/caglayanyagmur.com.tr\/meme-estetigi\/#breadcrumb","itemListElement":[{"@type":"ListItem","position":1,"name":"Ana sayfa","item":"https:\/\/caglayanyagmur.com.tr\/"},{"@type":"ListItem","position":2,"name":"MEME ESTET\u0130\u011e\u0130"}]},{"@type":"WebSite","@id":"https:\/\/caglayanyagmur.com.tr\/#website","url":"https:\/\/caglayanyagmur.com.tr\/","name":"Do\u00e7. Dr. \u00c7a\u011flayan YA\u011eMUR","description":"Plastik ve Estetik Cerrahi Uzman\u0131","publisher":{"@id":"https:\/\/caglayanyagmur.com.tr\/#organization"},"alternateName":"\u00c7a\u011flayan Ya\u011fmur","potentialAction":[{"@type":"SearchAction","target":{"@type":"EntryPoint","urlTemplate":"https:\/\/caglayanyagmur.com.tr\/?s={search_term_string}"},"query-input":{"@type":"PropertyValueSpecification","valueRequired":true,"valueName":"search_term_string"}}],"inLanguage":"de-DE"},{"@type":"Organization","@id":"https:\/\/caglayanyagmur.com.tr\/#organization","name":"Do\u00e7. Dr. \u00c7a\u011flayan YA\u011eMUR Muayenehanesi","alternateName":"Estetik Cerrahi Klini\u011fi","url":"https:\/\/caglayanyagmur.com.tr\/","logo":{"@type":"ImageObject","inLanguage":"de-DE","@id":"https:\/\/caglayanyagmur.com.tr\/#\/schema\/logo\/image\/","url":"https:\/\/caglayanyagmur.com.tr\/wp-content\/uploads\/2023\/03\/Doc-dr-caglayan-yagmur-4.png","contentUrl":"https:\/\/caglayanyagmur.com.tr\/wp-content\/uploads\/2023\/03\/Doc-dr-caglayan-yagmur-4.png","width":693,"height":620,"caption":"Do\u00e7. Dr. \u00c7a\u011flayan YA\u011eMUR Muayenehanesi"},"image":{"@id":"https:\/\/caglayanyagmur.com.tr\/#\/schema\/logo\/image\/"},"sameAs":["https:\/\/www.facebook.com\/drcaglayanyagmurestetik\/","https:\/\/www.instagram.com\/caglayanyagmurestetik\/","https:\/\/www.linkedin.com\/in\/caglayan-yagmur-86592731","https:\/\/www.youtube.com\/@caglayanyagmurestetik"]}]}},"_links":{"self":[{"href":"https:\/\/caglayanyagmur.com.tr\/de\/wp-json\/wp\/v2\/pages\/517","targetHints":{"allow":["GET"]}}],"collection":[{"href":"https:\/\/caglayanyagmur.com.tr\/de\/wp-json\/wp\/v2\/pages"}],"about":[{"href":"https:\/\/caglayanyagmur.com.tr\/de\/wp-json\/wp\/v2\/types\/page"}],"author":[{"embeddable":true,"href":"https:\/\/caglayanyagmur.com.tr\/de\/wp-json\/wp\/v2\/users\/1"}],"replies":[{"embeddable":true,"href":"https:\/\/caglayanyagmur.com.tr\/de\/wp-json\/wp\/v2\/comments?post=517"}],"version-history":[{"count":30,"href":"https:\/\/caglayanyagmur.com.tr\/de\/wp-json\/wp\/v2\/pages\/517\/revisions"}],"predecessor-version":[{"id":3271,"href":"https:\/\/caglayanyagmur.com.tr\/de\/wp-json\/wp\/v2\/pages\/517\/revisions\/3271"}],"wp:attachment":[{"href":"https:\/\/caglayanyagmur.com.tr\/de\/wp-json\/wp\/v2\/media?parent=517"}],"curies":[{"name":"wp","href":"https:\/\/api.w.org\/{rel}","templated":true}]}}