{"id":515,"date":"2019-06-03T14:59:47","date_gmt":"2019-06-03T11:59:47","guid":{"rendered":"http:\/\/www.ecdmedya.com\/demo2\/?page_id=515"},"modified":"2024-08-19T21:10:16","modified_gmt":"2024-08-19T18:10:16","slug":"kas-ve-alin-estetigi","status":"publish","type":"page","link":"https:\/\/caglayanyagmur.com.tr\/de\/kas-ve-alin-estetigi\/","title":{"rendered":"Ka\u015f ve Al\u0131n Esteti\u011fi"},"content":{"rendered":"<\/p>\n<div class=\"row align-center\"  id=\"row-1134422531\">\n\n\t<div id=\"col-1101876217\" class=\"col medium-11 small-11 large-11\"  >\n\t\t\t\t<div class=\"col-inner\"  >\n\t\t\t\n\t\t\t\n\t<div class=\"img has-hover x md-x lg-x y md-y lg-y\" id=\"image_1590162564\">\n\t\t\t\t\t\t\t\t<div class=\"img-inner image-color dark\" >\n\t\t\t<img decoding=\"async\" width=\"1000\" height=\"500\" src=\"https:\/\/caglayanyagmur.com.tr\/wp-content\/uploads\/2022\/11\/samsun-kas-ve-alin-estetigi.jpg\" class=\"attachment-large size-large\" alt=\"\" srcset=\"https:\/\/caglayanyagmur.com.tr\/wp-content\/uploads\/2022\/11\/samsun-kas-ve-alin-estetigi.jpg 1000w, https:\/\/caglayanyagmur.com.tr\/wp-content\/uploads\/2022\/11\/samsun-kas-ve-alin-estetigi-800x400.jpg 800w, https:\/\/caglayanyagmur.com.tr\/wp-content\/uploads\/2022\/11\/samsun-kas-ve-alin-estetigi-768x384.jpg 768w\" sizes=\"(max-width: 1000px) 100vw, 1000px\" \/>\t\t\t\t\t\t\n\t\t\t\t\t<\/div>\n\t\t\t\t\t\t\t\t\n<style>\n#image_1590162564 {\n  width: 100%;\n}\n<\/style>\n\t<\/div>\n\t\n\t\t<\/div>\n\t\t\t\t\t<\/div>\n\n\t\n\n\t<div id=\"col-791165542\" class=\"col medium-11 small-12 large-11\"  >\n\t\t\t\t<div class=\"col-inner\"  >\n\t\t\t\n\t\t\t\n<p>Ka\u015f ve al\u0131n y\u00fcz\u00fcn anlam\u0131 ve ifadesi i\u00e7in olduk\u00e7a \u00f6nemli yap\u0131lard\u0131r. Zaman i\u00e7inde -ya\u015flanmaya ba\u011fl\u0131 olarak- ve \u00e7ok fazla mimik kullanma ile ortaya \u00e7\u0131kan bu durum bir tak\u0131m estetik problemlere neden olur.<\/p>\n<p><strong> Al\u0131n ve ka\u015f esteti\u011fi nas\u0131l uygulan\u0131r? <\/strong><\/p>\n<p>Al\u0131n ve ka\u015f esteti\u011fi s\u0131k uygulanan operasyonlardand\u0131r. Duruma ba\u011fl\u0131 olarak di\u011fer estetik operasyonlar ile ayn\u0131 anda uygulanabilir. Ya\u015f\u0131 gen\u00e7 hastalara da uygulamak m\u00fcmk\u00fcnd\u00fcr. Al\u0131n b\u00f6lgesinde olu\u015fan \u00e7izgiler al\u0131n germe ameliyat\u0131 ile minimal hele getirilir. G\u00f6ze do\u011fru sarkan ka\u015flar ise kald\u0131r\u0131larak normal seviyesine y\u00fckseltilir ve ki\u015fiye dinamik bir bak\u0131\u015f kazand\u0131r\u0131l\u0131r. Ka\u015f ve al\u0131n esteti\u011fi ameliyat\u0131 s\u0131ras\u0131nda g\u00f6zlerin yanlar\u0131nda olu\u015fan \u00e7izgilerin bir b\u00f6l\u00fcm\u00fc b\u00fcy\u00fck \u00f6l\u00e7\u00fcde giderilir. Fakat fazla miktarda sarkma olu\u015fmu\u015fsa ve bir k\u0131s\u0131m derinin \u00e7\u0131kar\u0131lmas\u0131 gerekiyorsa klasik al\u0131n germe y\u00f6ntemleri uygulanabilir.<\/p>\n<p>Hangi cerrahi tekni\u011fin tercih edilece\u011fine doktor muayenesi ile karar verilir.<\/p>\n<p><strong>Ka\u015f ve al\u0131n esteti\u011finde neden doktor muayenesi \u015fartt\u0131r?<\/strong><\/p>\n<p>Ka\u015f ve al\u0131n esteti\u011fi i\u00e7in hangi y\u00f6ntem uygulanacaksa y\u00f6ntem \u00f6nceden planlanmal\u0131d\u0131r. Her hasta \u00f6zeldir ve her y\u00f6ntem her hasta i\u00e7in uygun de\u011fildir. Operasyon \u00f6ncesinde detayl\u0131 muayene i\u015flemin ba\u015far\u0131s\u0131ndaki en \u00f6nemli etkendir. \u0130\u015flemi plastik cerrahlar yapmal\u0131d\u0131r. Y\u00fczdeki di\u011fer alanlar\u0131n ka\u015f ve al\u0131n ile oran\u0131 \u00f6nemlidir.<\/p>\n<p><strong>NOT :<\/strong>\u00a0Sayfa i\u00e7eri\u011fi sadece bilgilendirme ama\u00e7l\u0131d\u0131r, tan\u0131 ve tedavi i\u00e7in mutlaka doktorunuza ba\u015fvurunuz.<\/p>\n\t\t<\/div>\n\t\t\t\t\t<\/div>\n\n\t\n<\/div>\n<p>\n","protected":false},"excerpt":{"rendered":"","protected":false},"author":1,"featured_media":0,"parent":0,"menu_order":0,"comment_status":"closed","ping_status":"closed","template":"page-blank-title-center.php","meta":{"footnotes":""},"class_list":["post-515","page","type-page","status-publish","hentry"],"yoast_head":"<!-- This site is optimized with the Yoast SEO plugin v26.4 - https:\/\/yoast.com\/wordpress\/plugins\/seo\/ -->\n<title>Ka\u015f ve Al\u0131n Esteti\u011fi<\/title>\n<meta name=\"robots\" content=\"index, follow, max-snippet:-1, max-image-preview:large, max-video-preview:-1\" \/>\n<link rel=\"canonical\" href=\"https:\/\/caglayanyagmur.com.tr\/de\/kas-ve-alin-estetigi\/\" \/>\n<meta property=\"og:locale\" content=\"de_DE\" \/>\n<meta property=\"og:locale:alternate\" content=\"tr_TR\" \/>\n<meta property=\"og:locale:alternate\" content=\"en_US\" \/>\n<meta property=\"og:type\" content=\"article\" \/>\n<meta property=\"og:title\" content=\"Ka\u015f ve Al\u0131n Esteti\u011fi\" \/>\n<meta property=\"og:url\" content=\"https:\/\/caglayanyagmur.com.tr\/de\/kas-ve-alin-estetigi\/\" \/>\n<meta property=\"og:site_name\" content=\"Do\u00e7. Dr. \u00c7a\u011flayan YA\u011eMUR\" \/>\n<meta property=\"article:publisher\" content=\"https:\/\/www.facebook.com\/drcaglayanyagmurestetik\/\" \/>\n<meta property=\"article:modified_time\" content=\"2024-08-19T18:10:16+00:00\" \/>\n<meta property=\"og:image\" content=\"https:\/\/caglayanyagmur.com.tr\/wp-content\/uploads\/2022\/02\/caglayan-yagmur-tanitim-videosu.png\" \/>\n\t<meta property=\"og:image:width\" content=\"1440\" \/>\n\t<meta property=\"og:image:height\" content=\"614\" \/>\n\t<meta property=\"og:image:type\" content=\"image\/png\" \/>\n<meta name=\"twitter:card\" content=\"summary_large_image\" \/>\n<meta name=\"twitter:label1\" content=\"Gesch\u00e4tzte Lesezeit\" \/>\n\t<meta name=\"twitter:data1\" content=\"3\u00a0Minuten\" \/>\n<script type=\"application\/ld+json\" class=\"yoast-schema-graph\">{\"@context\":\"https:\/\/schema.org\",\"@graph\":[{\"@type\":\"WebPage\",\"@id\":\"https:\/\/caglayanyagmur.com.tr\/kas-ve-alin-estetigi\/\",\"url\":\"https:\/\/caglayanyagmur.com.tr\/kas-ve-alin-estetigi\/\",\"name\":\"Ka\u015f ve Al\u0131n Esteti\u011fi\",\"isPartOf\":{\"@id\":\"https:\/\/caglayanyagmur.com.tr\/#website\"},\"datePublished\":\"2019-06-03T11:59:47+00:00\",\"dateModified\":\"2024-08-19T18:10:16+00:00\",\"breadcrumb\":{\"@id\":\"https:\/\/caglayanyagmur.com.tr\/kas-ve-alin-estetigi\/#breadcrumb\"},\"inLanguage\":\"de-DE\",\"potentialAction\":[{\"@type\":\"ReadAction\",\"target\":[\"https:\/\/caglayanyagmur.com.tr\/kas-ve-alin-estetigi\/\"]}]},{\"@type\":\"BreadcrumbList\",\"@id\":\"https:\/\/caglayanyagmur.com.tr\/kas-ve-alin-estetigi\/#breadcrumb\",\"itemListElement\":[{\"@type\":\"ListItem\",\"position\":1,\"name\":\"Ana sayfa\",\"item\":\"https:\/\/caglayanyagmur.com.tr\/\"},{\"@type\":\"ListItem\",\"position\":2,\"name\":\"Ka\u015f ve Al\u0131n Esteti\u011fi\"}]},{\"@type\":\"WebSite\",\"@id\":\"https:\/\/caglayanyagmur.com.tr\/#website\",\"url\":\"https:\/\/caglayanyagmur.com.tr\/\",\"name\":\"Do\u00e7. Dr. \u00c7a\u011flayan YA\u011eMUR\",\"description\":\"Plastik ve Estetik Cerrahi Uzman\u0131\",\"publisher\":{\"@id\":\"https:\/\/caglayanyagmur.com.tr\/#organization\"},\"alternateName\":\"\u00c7a\u011flayan Ya\u011fmur\",\"potentialAction\":[{\"@type\":\"SearchAction\",\"target\":{\"@type\":\"EntryPoint\",\"urlTemplate\":\"https:\/\/caglayanyagmur.com.tr\/?s={search_term_string}\"},\"query-input\":{\"@type\":\"PropertyValueSpecification\",\"valueRequired\":true,\"valueName\":\"search_term_string\"}}],\"inLanguage\":\"de-DE\"},{\"@type\":\"Organization\",\"@id\":\"https:\/\/caglayanyagmur.com.tr\/#organization\",\"name\":\"Do\u00e7. Dr. \u00c7a\u011flayan YA\u011eMUR Muayenehanesi\",\"alternateName\":\"Estetik Cerrahi Klini\u011fi\",\"url\":\"https:\/\/caglayanyagmur.com.tr\/\",\"logo\":{\"@type\":\"ImageObject\",\"inLanguage\":\"de-DE\",\"@id\":\"https:\/\/caglayanyagmur.com.tr\/#\/schema\/logo\/image\/\",\"url\":\"https:\/\/caglayanyagmur.com.tr\/wp-content\/uploads\/2023\/03\/Doc-dr-caglayan-yagmur-4.png\",\"contentUrl\":\"https:\/\/caglayanyagmur.com.tr\/wp-content\/uploads\/2023\/03\/Doc-dr-caglayan-yagmur-4.png\",\"width\":693,\"height\":620,\"caption\":\"Do\u00e7. Dr. \u00c7a\u011flayan YA\u011eMUR Muayenehanesi\"},\"image\":{\"@id\":\"https:\/\/caglayanyagmur.com.tr\/#\/schema\/logo\/image\/\"},\"sameAs\":[\"https:\/\/www.facebook.com\/drcaglayanyagmurestetik\/\",\"https:\/\/www.instagram.com\/caglayanyagmurestetik\/\",\"https:\/\/www.linkedin.com\/in\/caglayan-yagmur-86592731\",\"https:\/\/www.youtube.com\/@caglayanyagmurestetik\"]}]}<\/script>\n<!-- \/ Yoast SEO plugin. -->","yoast_head_json":{"title":"Ka\u015f ve Al\u0131n Esteti\u011fi","robots":{"index":"index","follow":"follow","max-snippet":"max-snippet:-1","max-image-preview":"max-image-preview:large","max-video-preview":"max-video-preview:-1"},"canonical":"https:\/\/caglayanyagmur.com.tr\/de\/kas-ve-alin-estetigi\/","og_locale":"de_DE","og_type":"article","og_title":"[:tr]Ka\u015f ve Al\u0131n Esteti\u011fi[:en]Eyebrow and Forehead Aesthetics[:] | Do\u00e7. Dr. \u00c7a\u011flayan YA\u011eMUR","og_url":"https:\/\/caglayanyagmur.com.tr\/de\/kas-ve-alin-estetigi\/","og_site_name":"Do\u00e7. Dr. \u00c7a\u011flayan YA\u011eMUR","article_publisher":"https:\/\/www.facebook.com\/drcaglayanyagmurestetik\/","article_modified_time":"2024-08-19T18:10:16+00:00","og_image":[{"width":1440,"height":614,"url":"https:\/\/caglayanyagmur.com.tr\/wp-content\/uploads\/2022\/02\/caglayan-yagmur-tanitim-videosu.png","type":"image\/png"}],"twitter_card":"summary_large_image","twitter_misc":{"Gesch\u00e4tzte Lesezeit":"3\u00a0Minuten"},"schema":{"@context":"https:\/\/schema.org","@graph":[{"@type":"WebPage","@id":"https:\/\/caglayanyagmur.com.tr\/kas-ve-alin-estetigi\/","url":"https:\/\/caglayanyagmur.com.tr\/kas-ve-alin-estetigi\/","name":"Ka\u015f ve Al\u0131n Esteti\u011fi","isPartOf":{"@id":"https:\/\/caglayanyagmur.com.tr\/#website"},"datePublished":"2019-06-03T11:59:47+00:00","dateModified":"2024-08-19T18:10:16+00:00","breadcrumb":{"@id":"https:\/\/caglayanyagmur.com.tr\/kas-ve-alin-estetigi\/#breadcrumb"},"inLanguage":"de-DE","potentialAction":[{"@type":"ReadAction","target":["https:\/\/caglayanyagmur.com.tr\/kas-ve-alin-estetigi\/"]}]},{"@type":"BreadcrumbList","@id":"https:\/\/caglayanyagmur.com.tr\/kas-ve-alin-estetigi\/#breadcrumb","itemListElement":[{"@type":"ListItem","position":1,"name":"Ana sayfa","item":"https:\/\/caglayanyagmur.com.tr\/"},{"@type":"ListItem","position":2,"name":"Ka\u015f ve Al\u0131n Esteti\u011fi"}]},{"@type":"WebSite","@id":"https:\/\/caglayanyagmur.com.tr\/#website","url":"https:\/\/caglayanyagmur.com.tr\/","name":"Do\u00e7. Dr. \u00c7a\u011flayan YA\u011eMUR","description":"Plastik ve Estetik Cerrahi Uzman\u0131","publisher":{"@id":"https:\/\/caglayanyagmur.com.tr\/#organization"},"alternateName":"\u00c7a\u011flayan Ya\u011fmur","potentialAction":[{"@type":"SearchAction","target":{"@type":"EntryPoint","urlTemplate":"https:\/\/caglayanyagmur.com.tr\/?s={search_term_string}"},"query-input":{"@type":"PropertyValueSpecification","valueRequired":true,"valueName":"search_term_string"}}],"inLanguage":"de-DE"},{"@type":"Organization","@id":"https:\/\/caglayanyagmur.com.tr\/#organization","name":"Do\u00e7. Dr. \u00c7a\u011flayan YA\u011eMUR Muayenehanesi","alternateName":"Estetik Cerrahi Klini\u011fi","url":"https:\/\/caglayanyagmur.com.tr\/","logo":{"@type":"ImageObject","inLanguage":"de-DE","@id":"https:\/\/caglayanyagmur.com.tr\/#\/schema\/logo\/image\/","url":"https:\/\/caglayanyagmur.com.tr\/wp-content\/uploads\/2023\/03\/Doc-dr-caglayan-yagmur-4.png","contentUrl":"https:\/\/caglayanyagmur.com.tr\/wp-content\/uploads\/2023\/03\/Doc-dr-caglayan-yagmur-4.png","width":693,"height":620,"caption":"Do\u00e7. Dr. \u00c7a\u011flayan YA\u011eMUR Muayenehanesi"},"image":{"@id":"https:\/\/caglayanyagmur.com.tr\/#\/schema\/logo\/image\/"},"sameAs":["https:\/\/www.facebook.com\/drcaglayanyagmurestetik\/","https:\/\/www.instagram.com\/caglayanyagmurestetik\/","https:\/\/www.linkedin.com\/in\/caglayan-yagmur-86592731","https:\/\/www.youtube.com\/@caglayanyagmurestetik"]}]}},"_links":{"self":[{"href":"https:\/\/caglayanyagmur.com.tr\/de\/wp-json\/wp\/v2\/pages\/515","targetHints":{"allow":["GET"]}}],"collection":[{"href":"https:\/\/caglayanyagmur.com.tr\/de\/wp-json\/wp\/v2\/pages"}],"about":[{"href":"https:\/\/caglayanyagmur.com.tr\/de\/wp-json\/wp\/v2\/types\/page"}],"author":[{"embeddable":true,"href":"https:\/\/caglayanyagmur.com.tr\/de\/wp-json\/wp\/v2\/users\/1"}],"replies":[{"embeddable":true,"href":"https:\/\/caglayanyagmur.com.tr\/de\/wp-json\/wp\/v2\/comments?post=515"}],"version-history":[{"count":19,"href":"https:\/\/caglayanyagmur.com.tr\/de\/wp-json\/wp\/v2\/pages\/515\/revisions"}],"predecessor-version":[{"id":3471,"href":"https:\/\/caglayanyagmur.com.tr\/de\/wp-json\/wp\/v2\/pages\/515\/revisions\/3471"}],"wp:attachment":[{"href":"https:\/\/caglayanyagmur.com.tr\/de\/wp-json\/wp\/v2\/media?parent=515"}],"curies":[{"name":"wp","href":"https:\/\/api.w.org\/{rel}","templated":true}]}}