{"id":510,"date":"2019-06-03T14:59:25","date_gmt":"2019-06-03T11:59:25","guid":{"rendered":"http:\/\/www.ecdmedya.com\/demo2\/?page_id=510"},"modified":"2024-08-19T21:09:24","modified_gmt":"2024-08-19T18:09:24","slug":"kepce-kulak-ameliyati","status":"publish","type":"page","link":"https:\/\/caglayanyagmur.com.tr\/de\/kepce-kulak-ameliyati\/","title":{"rendered":"Kulak Esteti\u011fi"},"content":{"rendered":"<\/p>\n<div class=\"row align-center\"  id=\"row-132233203\">\n\n\t<div id=\"col-1580534964\" class=\"col medium-11 small-11 large-11\"  >\n\t\t\t\t<div class=\"col-inner\"  >\n\t\t\t\n\t\t\t\n\t<div class=\"img has-hover x md-x lg-x y md-y lg-y\" id=\"image_1112070607\">\n\t\t\t\t\t\t\t\t<div class=\"img-inner image-color dark\" >\n\t\t\t<img decoding=\"async\" width=\"1000\" height=\"500\" src=\"https:\/\/caglayanyagmur.com.tr\/wp-content\/uploads\/2022\/11\/kepce-kulak-ameliyati.jpg\" class=\"attachment-large size-large\" alt=\"\" srcset=\"https:\/\/caglayanyagmur.com.tr\/wp-content\/uploads\/2022\/11\/kepce-kulak-ameliyati.jpg 1000w, https:\/\/caglayanyagmur.com.tr\/wp-content\/uploads\/2022\/11\/kepce-kulak-ameliyati-800x400.jpg 800w, https:\/\/caglayanyagmur.com.tr\/wp-content\/uploads\/2022\/11\/kepce-kulak-ameliyati-768x384.jpg 768w\" sizes=\"(max-width: 1000px) 100vw, 1000px\" \/>\t\t\t\t\t\t\n\t\t\t\t\t<\/div>\n\t\t\t\t\t\t\t\t\n<style>\n#image_1112070607 {\n  width: 100%;\n}\n<\/style>\n\t<\/div>\n\t\n\t\t<\/div>\n\t\t\t\t\t<\/div>\n\n\t\n\n\t<div id=\"col-14032635\" class=\"col medium-11 small-12 large-11\"  >\n\t\t\t\t<div class=\"col-inner\"  >\n\t\t\t\n\t\t\t\n\n\t<section class=\"section\" id=\"section_685533286\">\n\t\t<div class=\"section-bg fill\" >\n\t\t\t\t\t\t\t\t\t\n\t\t\t\n\n\t\t<\/div>\n\n\t\t\n\n\t\t<div class=\"section-content relative\">\n\t\t\t\n<div class=\"row\"  id=\"row-357188200\">\n\n\t<div id=\"col-1422594204\" class=\"col medium-4 small-12 large-4\"  >\n\t\t\t\t<div class=\"col-inner\"  >\n\t\t\t\n\t\t\t\n\t<div id=\"text-897299377\" class=\"text\">\n\t\t\n<h4>Kulak esteti\u011fi nedir?<\/h4>\n\t\t\n<style>\n#text-897299377 {\n  font-size: 1.75rem;\n}\n<\/style>\n\t<\/div>\n\t\n\t\t<\/div>\n\t\t\t\t\n<style>\n#col-1422594204 > .col-inner {\n  margin: 0px 0px -30px 0px;\n}\n<\/style>\n\t<\/div>\n\n\t\n\n\t<div id=\"col-1771170927\" class=\"col medium-8 small-12 large-8\"  >\n\t\t\t\t<div class=\"col-inner\"  >\n\t\t\t\n\t\t\t\n<p>Halk aras\u0131nda \u2018kep\u00e7e kulak\u2019 olarak tarif edilen durum \u00f6zellikle \u00e7ocukluk ve ergenlik \u00e7a\u011f\u0131nda psikolojik problemlere neden olabilir.<\/p>\n<p>Kulak esteti\u011fi, kulaklar\u0131n ba\u015f ile yapt\u0131\u011f\u0131 a\u00e7\u0131y\u0131 d\u00fczelterek normal pozisyona getirme i\u015flemidir. Kula\u011f\u0131n i\u015flevi normaldir fakat estetik kayg\u0131ya neden olur. Kep\u00e7e kulak sorunu daha \u00e7ok genetik nedenlerden kaynaklan\u0131r ve kep\u00e7e kulak ameliyat\u0131 ile g\u00f6r\u00fcn\u00fcm d\u00fczeltilir.<\/p>\n\t\t<\/div>\n\t\t\t\t\n<style>\n#col-1771170927 > .col-inner {\n  margin: 0px 0px -30px 0px;\n}\n<\/style>\n\t<\/div>\n\n\t\n<\/div>\n\t\t<\/div>\n\n\t\t\n<style>\n#section_685533286 {\n  padding-top: 30px;\n  padding-bottom: 30px;\n}\n<\/style>\n\t<\/section>\n\t\n\n\t<section class=\"section\" id=\"section_1724492709\">\n\t\t<div class=\"section-bg fill\" >\n\t\t\t\t\t\t\t\t\t\n\t\t\t\n\n\t\t<\/div>\n\n\t\t\n\n\t\t<div class=\"section-content relative\">\n\t\t\t\n<div class=\"row\"  id=\"row-1207695784\">\n\n\t<div id=\"col-670612398\" class=\"col medium-4 small-12 large-4\"  >\n\t\t\t\t<div class=\"col-inner\"  >\n\t\t\t\n\t\t\t\n\t<div id=\"text-3026596782\" class=\"text\">\n\t\t\n<h4>G\u00f6r\u00fcn\u00fcm Olarak Kep\u00e7e Kulak Neden Olur?<\/h4>\n\t\t\n<style>\n#text-3026596782 {\n  font-size: 1.75rem;\n}\n<\/style>\n\t<\/div>\n\t\n\t\t<\/div>\n\t\t\t\t\n<style>\n#col-670612398 > .col-inner {\n  margin: 0px 0px -30px 0px;\n}\n<\/style>\n\t<\/div>\n\n\t\n\n\t<div id=\"col-1296315453\" class=\"col medium-8 small-12 large-8\"  >\n\t\t\t\t<div class=\"col-inner\"  >\n\t\t\t\n\t\t\t\n<p>Kep\u00e7e kulak olarak isimlendirilen durum asl\u0131nda kulak k\u0131k\u0131rda\u011f\u0131 ile ilgilidir. Kulaktaki k\u0131k\u0131rdak k\u0131vr\u0131m\u0131 yeterli seviyede geli\u015femeyince kulak \u00e7\u0131k\u0131nt\u0131s\u0131 artar ve kep\u00e7e kulak g\u00f6r\u00fcn\u00fcm\u00fc olu\u015fur. Bu durum genelde do\u011fu\u015ftand\u0131r ve kula\u011f\u0131n i\u015fitme fonksiyonlar\u0131na etkisi yoktur.<\/p>\n\t\t<\/div>\n\t\t\t\t\n<style>\n#col-1296315453 > .col-inner {\n  margin: 0px 0px -30px 0px;\n}\n<\/style>\n\t<\/div>\n\n\t\n<\/div>\n\t\t<\/div>\n\n\t\t\n<style>\n#section_1724492709 {\n  padding-top: 30px;\n  padding-bottom: 30px;\n}\n<\/style>\n\t<\/section>\n\t\n\n\t<section class=\"section\" id=\"section_1766244982\">\n\t\t<div class=\"section-bg fill\" >\n\t\t\t\t\t\t\t\t\t\n\t\t\t\n\n\t\t<\/div>\n\n\t\t\n\n\t\t<div class=\"section-content relative\">\n\t\t\t\n<div class=\"row\"  id=\"row-1499283742\">\n\n\t<div id=\"col-1794244569\" class=\"col medium-4 small-12 large-4\"  >\n\t\t\t\t<div class=\"col-inner\"  >\n\t\t\t\n\t\t\t\n\t<div id=\"text-642873200\" class=\"text\">\n\t\t\n<h4>Kep\u00e7e Kulak esteti\u011fi ameliyat\u0131 nas\u0131l yap\u0131l\u0131r?<\/h4>\n\t\t\n<style>\n#text-642873200 {\n  font-size: 1.75rem;\n}\n<\/style>\n\t<\/div>\n\t\n\t\t<\/div>\n\t\t\t\t\n<style>\n#col-1794244569 > .col-inner {\n  margin: 0px 0px -30px 0px;\n}\n<\/style>\n\t<\/div>\n\n\t\n\n\t<div id=\"col-944527837\" class=\"col medium-8 small-12 large-8\"  >\n\t\t\t\t<div class=\"col-inner\"  >\n\t\t\t\n\t\t\t\n<p>Kep\u00e7e Kulak D\u00fczeltilmesi genelde kulak arkas\u0131ndan yap\u0131lan ufak bir kesi ile ger\u00e7ekle\u015ftirilir. Kulak arkas\u0131na i\u015flem yap\u0131larak kulak ve ba\u015f aras\u0131ndaki a\u00e7\u0131 \u00f6zel teknikler kullan\u0131larak daralt\u0131l\u0131r.<\/p>\n\t\t<\/div>\n\t\t\t\t\n<style>\n#col-944527837 > .col-inner {\n  margin: 0px 0px -30px 0px;\n}\n<\/style>\n\t<\/div>\n\n\t\n<\/div>\n\t\t<\/div>\n\n\t\t\n<style>\n#section_1766244982 {\n  padding-top: 30px;\n  padding-bottom: 30px;\n}\n<\/style>\n\t<\/section>\n\t\n\n\t<section class=\"section\" id=\"section_1940809562\">\n\t\t<div class=\"section-bg fill\" >\n\t\t\t\t\t\t\t\t\t\n\t\t\t\n\n\t\t<\/div>\n\n\t\t\n\n\t\t<div class=\"section-content relative\">\n\t\t\t\n<div class=\"row\"  id=\"row-1662640342\">\n\n\t<div id=\"col-271797592\" class=\"col medium-4 small-12 large-4\"  >\n\t\t\t\t<div class=\"col-inner\"  >\n\t\t\t\n\t\t\t\n\t<div id=\"text-873303574\" class=\"text\">\n\t\t\n<h4>Kulak esteti\u011fi i\u00e7in doktor muayenesi \u015fart m\u0131d\u0131r?<\/h4>\n\t\t\n<style>\n#text-873303574 {\n  font-size: 1.75rem;\n}\n<\/style>\n\t<\/div>\n\t\n\t\t<\/div>\n\t\t\t\t\n<style>\n#col-271797592 > .col-inner {\n  margin: 0px 0px -30px 0px;\n}\n<\/style>\n\t<\/div>\n\n\t\n\n\t<div id=\"col-173566378\" class=\"col medium-8 small-12 large-8\"  >\n\t\t\t\t<div class=\"col-inner\"  >\n\t\t\t\n\t\t\t\n<p>Estetik m\u00fcdahaleler cerrahi i\u015flemlerdir. Cerrahi i\u015flem uygulanmadan \u00f6nce mutlaka detayl\u0131 muayene olunmal\u0131 ve operasyon s\u0131ras\u0131nda neler yap\u0131laca\u011f\u0131 planlanmal\u0131d\u0131r. Operasyon plastik cerrahlar taraf\u0131ndan yap\u0131lmal\u0131d\u0131r. Ameliyatta iki hedef vard\u0131r. Kulak kep\u00e7esi normal g\u00f6r\u00fcn\u00fcm\u00fcne getirilerek hastan\u0131n estetik kayg\u0131s\u0131 giderilmeli ve operasyonun komplikasyonsuz ge\u00e7mesi sa\u011flanmal\u0131d\u0131r.<\/p>\n\t\t<\/div>\n\t\t\t\t\n<style>\n#col-173566378 > .col-inner {\n  margin: 0px 0px -30px 0px;\n}\n<\/style>\n\t<\/div>\n\n\t\n<\/div>\n\t\t<\/div>\n\n\t\t\n<style>\n#section_1940809562 {\n  padding-top: 30px;\n  padding-bottom: 30px;\n}\n<\/style>\n\t<\/section>\n\t\n\n\t<section class=\"section\" id=\"section_540854614\">\n\t\t<div class=\"section-bg fill\" >\n\t\t\t\t\t\t\t\t\t\n\t\t\t\n\n\t\t<\/div>\n\n\t\t\n\n\t\t<div class=\"section-content relative\">\n\t\t\t\n<div class=\"row\"  id=\"row-805249594\">\n\n\t<div id=\"col-227544433\" class=\"col medium-4 small-12 large-4\"  >\n\t\t\t\t<div class=\"col-inner\"  >\n\t\t\t\n\t\t\t\n\t<div id=\"text-284642107\" class=\"text\">\n\t\t\n<h4>Kep\u00e7e Kulak Ameliyat\u0131 (Otoplasti) \u0130\u00e7in Ya\u015f S\u0131n\u0131r\u0131 Var M\u0131?<\/h4>\n\t\t\n<style>\n#text-284642107 {\n  font-size: 1.75rem;\n}\n<\/style>\n\t<\/div>\n\t\n\t\t<\/div>\n\t\t\t\t\n<style>\n#col-227544433 > .col-inner {\n  margin: 0px 0px -30px 0px;\n}\n<\/style>\n\t<\/div>\n\n\t\n\n\t<div id=\"col-2101571660\" class=\"col medium-8 small-12 large-8\"  >\n\t\t\t\t<div class=\"col-inner\"  >\n\t\t\t\n\t\t\t\n<p>Bu t\u00fcr ameliyatlarda alt ya\u015f limiti vard\u0131r. Kep\u00e7e kulak (otoplasti) operasyonlar\u0131 i\u00e7in a\u011f\u0131rl\u0131k g\u00f6r\u00fc\u015f en az 8 ya\u015f\u0131n doldurulmas\u0131 y\u00f6n\u00fcndedir ama geli\u015fim s\u00fcrecine g\u00f6re ba\u015fka ya\u015flarda da kep\u00e7e kulak ameliyatlar\u0131 yap\u0131labilmektedir. Bu noktada hekiminizin verece\u011fi karar \u00f6nemlidir. Kep\u00e7e kulak ameliyatlar\u0131 i\u00e7in \u00fcst ya\u015f s\u0131n\u0131r\u0131 bulunmamaktad\u0131r.<\/p>\n\t\t<\/div>\n\t\t\t\t\n<style>\n#col-2101571660 > .col-inner {\n  margin: 0px 0px -30px 0px;\n}\n<\/style>\n\t<\/div>\n\n\t\n<\/div>\n\t\t<\/div>\n\n\t\t\n<style>\n#section_540854614 {\n  padding-top: 30px;\n  padding-bottom: 30px;\n}\n<\/style>\n\t<\/section>\n\t\n\n\t<section class=\"section\" id=\"section_1392897860\">\n\t\t<div class=\"section-bg fill\" >\n\t\t\t\t\t\t\t\t\t\n\t\t\t\n\n\t\t<\/div>\n\n\t\t\n\n\t\t<div class=\"section-content relative\">\n\t\t\t\n<div class=\"row\"  id=\"row-110751063\">\n\n\t<div id=\"col-127091764\" class=\"col medium-4 small-12 large-4\"  >\n\t\t\t\t<div class=\"col-inner\"  >\n\t\t\t\n\t\t\t\n\t<div id=\"text-465808614\" class=\"text\">\n\t\t\n<h4>Kep\u00e7e Kulak Ameliyat\u0131 Fiyat\u0131 Ne Kadar?<\/h4>\n\t\t\n<style>\n#text-465808614 {\n  font-size: 1.75rem;\n}\n<\/style>\n\t<\/div>\n\t\n\t\t<\/div>\n\t\t\t\t\n<style>\n#col-127091764 > .col-inner {\n  margin: 0px 0px -30px 0px;\n}\n<\/style>\n\t<\/div>\n\n\t\n\n\t<div id=\"col-1935858948\" class=\"col medium-8 small-12 large-8\"  >\n\t\t\t\t<div class=\"col-inner\"  >\n\t\t\t\n\t\t\t\n<p>Otoplasti yani kep\u00e7e kulak ameliyatlar\u0131 ki\u015fiye g\u00f6re de\u011fi\u015fiklik g\u00f6steren operasyon t\u00fcrlerinden biridir. Ki\u015fiye g\u00f6re operasyon \u00fccreti de\u011fi\u015fkenlik g\u00f6sterece\u011finden en makul fiyat\u0131n hekiminiz taraf\u0131ndan verilmesini tavsiye etmekteyiz.<\/p>\n\t\t<\/div>\n\t\t\t\t\n<style>\n#col-1935858948 > .col-inner {\n  margin: 0px 0px -30px 0px;\n}\n<\/style>\n\t<\/div>\n\n\t\n<\/div>\n\t\t<\/div>\n\n\t\t\n<style>\n#section_1392897860 {\n  padding-top: 30px;\n  padding-bottom: 30px;\n}\n<\/style>\n\t<\/section>\n\t\n\n\t<section class=\"section\" id=\"section_1833496303\">\n\t\t<div class=\"section-bg fill\" >\n\t\t\t\t\t\t\t\t\t\n\t\t\t\n\n\t\t<\/div>\n\n\t\t\n\n\t\t<div class=\"section-content relative\">\n\t\t\t\n<div class=\"row\"  id=\"row-343675914\">\n\n\t<div id=\"col-1428625285\" class=\"col medium-4 small-12 large-4\"  >\n\t\t\t\t<div class=\"col-inner\"  >\n\t\t\t\n\t\t\t\n\t<div id=\"text-1264630904\" class=\"text\">\n\t\t\n<p>Kulak Ameliyat\u0131 Sonras\u0131 Nelere Dikkat Edilmelidir?<br \/>\n\t\t\n<style>\n#text-1264630904 {\n  font-size: 1.75rem;\n}\n<\/style>\n\t<\/div>\n\t\n\t\t<\/div>\n\t\t\t\t\n<style>\n#col-1428625285 > .col-inner {\n  margin: 0px 0px -30px 0px;\n}\n<\/style>\n\t<\/div>\n\n\t\n\n\t<div id=\"col-217948892\" class=\"col medium-8 small-12 large-8\"  >\n\t\t\t\t<div class=\"col-inner\"  >\n\t\t\t\n\t\t\t\n<p>Otoplasti (kep\u00e7e kulak) ameliyat\u0131 sonras\u0131nda ortalama 2-3 g\u00fcn dinlenme gerekmektedir. Operasyondan sonra, kula\u011f\u0131n istenilen seviyeye gelmesi 4-6 ay s\u00fcrebilmektedir. \u0130lk zamanlarda uyku s\u0131ras\u0131nda kulaklar\u0131n zarar g\u00f6rmemesine dikkat edilmelidir. G\u00f6zl\u00fck kullan\u0131l\u0131yorsa, operasyonu ger\u00e7ekle\u015ftirildikten sonra kullan\u0131ma 5-7 g\u00fcn ara verilmelidir. Operasyonun yap\u0131ld\u0131\u011f\u0131 g\u00fcnden itibaren \u00f6zellikle ilk 10 g\u00fcn hekiminizle s\u0131k ileti\u015fimde kalarak bu s\u00fcreci kolayl\u0131kla atlatabilirsiniz.<\/p>\n\t\t<\/div>\n\t\t\t\t\n<style>\n#col-217948892 > .col-inner {\n  margin: 0px 0px -30px 0px;\n}\n<\/style>\n\t<\/div>\n\n\t\n<\/div>\n\t\t<\/div>\n\n\t\t\n<style>\n#section_1833496303 {\n  padding-top: 30px;\n  padding-bottom: 30px;\n}\n<\/style>\n\t<\/section>\n\t\n\n\t<section class=\"section\" id=\"section_11690351\">\n\t\t<div class=\"section-bg fill\" >\n\t\t\t\t\t\t\t\t\t\n\t\t\t\n\n\t\t<\/div>\n\n\t\t\n\n\t\t<div class=\"section-content relative\">\n\t\t\t\n<div class=\"row\"  id=\"row-1315124083\">\n\n\t<div id=\"col-1693014730\" class=\"col medium-4 small-12 large-4\"  >\n\t\t\t\t<div class=\"col-inner\"  >\n\t\t\t\n\t\t\t\n\t<div id=\"text-3841050293\" class=\"text\">\n\t\t\n<h4>Kulak Esteti\u011fi Yapt\u0131ranlar<\/h4>\n\t\t\n<style>\n#text-3841050293 {\n  font-size: 1.75rem;\n}\n<\/style>\n\t<\/div>\n\t\n\t\t<\/div>\n\t\t\t\t\n<style>\n#col-1693014730 > .col-inner {\n  margin: 0px 0px -30px 0px;\n}\n<\/style>\n\t<\/div>\n\n\t\n\n\t<div id=\"col-379598687\" class=\"col medium-8 small-12 large-8\"  >\n\t\t\t\t<div class=\"col-inner\"  >\n\t\t\t\n\t\t\t\n<p>Kulak esteti\u011fi operasyonlar\u0131 risk olarak d\u00fc\u015f\u00fck risk grubunda yer al\u0131r. Kulak esteti\u011fi yapt\u0131ran ki\u015filer kula\u011f\u0131n fonksiyonundan ziyade g\u00f6r\u00fcn\u00fcm\u00fcn\u00fc de\u011fi\u015ftirmek istediklerini belirtmektedirler. Kulak esteti\u011fi \u00f6ncesi ve sonras\u0131nda yap\u0131lacaklar i\u00e7in her bireyin hekiminin tavsiyelerine uymas\u0131 gerekir.<\/p>\n\t\t<\/div>\n\t\t\t\t\n<style>\n#col-379598687 > .col-inner {\n  margin: 0px 0px -30px 0px;\n}\n<\/style>\n\t<\/div>\n\n\t\n<\/div>\n\t\t<\/div>\n\n\t\t\n<style>\n#section_11690351 {\n  padding-top: 30px;\n  padding-bottom: 30px;\n}\n<\/style>\n\t<\/section>\n\t\n\n\t<section class=\"section\" id=\"section_1720983154\">\n\t\t<div class=\"section-bg fill\" >\n\t\t\t\t\t\t\t\t\t\n\t\t\t\n\n\t\t<\/div>\n\n\t\t\n\n\t\t<div class=\"section-content relative\">\n\t\t\t\n<div class=\"row\"  id=\"row-955841795\">\n\n\t<div id=\"col-1239802363\" class=\"col medium-4 small-12 large-4\"  >\n\t\t\t\t<div class=\"col-inner\"  >\n\t\t\t\n\t\t\t\n\t<div id=\"text-4016554589\" class=\"text\">\n\t\t\n<h4>Not<\/h4>\n\t\t\n<style>\n#text-4016554589 {\n  font-size: 1.75rem;\n}\n<\/style>\n\t<\/div>\n\t\n\t\t<\/div>\n\t\t\t\t\n<style>\n#col-1239802363 > .col-inner {\n  margin: 0px 0px -30px 0px;\n}\n<\/style>\n\t<\/div>\n\n\t\n\n\t<div id=\"col-756910543\" class=\"col medium-8 small-12 large-8\"  >\n\t\t\t\t<div class=\"col-inner\"  >\n\t\t\t\n\t\t\t\n<p>Sayfa i\u00e7eri\u011fi sadece bilgilendirme ama\u00e7l\u0131d\u0131r, tan\u0131 ve tedavi i\u00e7in mutlaka doktorunuza ba\u015fvurunuz.<\/p>\n\t\t<\/div>\n\t\t\t\t\n<style>\n#col-756910543 > .col-inner {\n  margin: 0px 0px -30px 0px;\n}\n<\/style>\n\t<\/div>\n\n\t\n<\/div>\n\t\t<\/div>\n\n\t\t\n<style>\n#section_1720983154 {\n  padding-top: 30px;\n  padding-bottom: 30px;\n}\n<\/style>\n\t<\/section>\n\t\n\t\t<\/div>\n\t\t\t\t\t<\/div>\n\n\t\n<p>&nbsp;<\/p>\n<\/div>\n<p>\n","protected":false},"excerpt":{"rendered":"","protected":false},"author":1,"featured_media":0,"parent":0,"menu_order":0,"comment_status":"closed","ping_status":"closed","template":"page-blank-title-center.php","meta":{"footnotes":""},"class_list":["post-510","page","type-page","status-publish","hentry"],"yoast_head":"<!-- This site is optimized with the Yoast SEO plugin v26.4 - https:\/\/yoast.com\/wordpress\/plugins\/seo\/ -->\n<title>Kep\u00e7e Kulak Nedir? Otoplasti Ameliyat\u0131 Fiyatlar\u0131 2024 | Do\u00e7. Dr. \u00c7a\u011flayan YA\u011eMUR<\/title>\n<meta name=\"description\" content=\"Kep\u00e7e kulak d\u00fczeltme konusunda uzmanla\u015fm\u0131\u015f Do\u00e7. Dr. \u00c7a\u011flayan YA\u011eMUR ile tan\u0131\u015f\u0131n ve otoplasti ile ilgili detaylar\u0131 \u00f6\u011frenin!\" \/>\n<meta name=\"robots\" content=\"index, follow, max-snippet:-1, max-image-preview:large, max-video-preview:-1\" \/>\n<link rel=\"canonical\" href=\"https:\/\/caglayanyagmur.com.tr\/de\/kepce-kulak-ameliyati\/\" \/>\n<meta property=\"og:locale\" content=\"de_DE\" \/>\n<meta property=\"og:locale:alternate\" content=\"tr_TR\" \/>\n<meta property=\"og:locale:alternate\" content=\"en_US\" \/>\n<meta property=\"og:type\" content=\"article\" \/>\n<meta property=\"og:title\" content=\"Kep\u00e7e Kulak Nedir? Otoplasti Ameliyat\u0131 Fiyatlar\u0131 2024 | Do\u00e7. Dr. \u00c7a\u011flayan YA\u011eMUR\" \/>\n<meta property=\"og:description\" content=\"Kep\u00e7e kulak d\u00fczeltme konusunda uzmanla\u015fm\u0131\u015f Do\u00e7. Dr. \u00c7a\u011flayan YA\u011eMUR ile tan\u0131\u015f\u0131n ve otoplasti ile ilgili detaylar\u0131 \u00f6\u011frenin!\" \/>\n<meta property=\"og:url\" content=\"https:\/\/caglayanyagmur.com.tr\/de\/kepce-kulak-ameliyati\/\" \/>\n<meta property=\"og:site_name\" content=\"Do\u00e7. Dr. \u00c7a\u011flayan YA\u011eMUR\" \/>\n<meta property=\"article:publisher\" content=\"https:\/\/www.facebook.com\/drcaglayanyagmurestetik\/\" \/>\n<meta property=\"article:modified_time\" content=\"2024-08-19T18:09:24+00:00\" \/>\n<meta property=\"og:image\" content=\"https:\/\/caglayanyagmur.com.tr\/wp-content\/uploads\/2022\/02\/caglayan-yagmur-tanitim-videosu.png\" \/>\n\t<meta property=\"og:image:width\" content=\"1440\" \/>\n\t<meta property=\"og:image:height\" content=\"614\" \/>\n\t<meta property=\"og:image:type\" content=\"image\/png\" \/>\n<meta name=\"twitter:card\" content=\"summary_large_image\" \/>\n<meta name=\"twitter:label1\" content=\"Gesch\u00e4tzte Lesezeit\" \/>\n\t<meta name=\"twitter:data1\" content=\"4\u00a0Minuten\" \/>\n<script type=\"application\/ld+json\" class=\"yoast-schema-graph\">{\"@context\":\"https:\/\/schema.org\",\"@graph\":[{\"@type\":\"WebPage\",\"@id\":\"https:\/\/caglayanyagmur.com.tr\/kepce-kulak-ameliyati\/\",\"url\":\"https:\/\/caglayanyagmur.com.tr\/kepce-kulak-ameliyati\/\",\"name\":\"Kep\u00e7e Kulak Nedir? Otoplasti Ameliyat\u0131 Fiyatlar\u0131 2024 | Do\u00e7. Dr. \u00c7a\u011flayan YA\u011eMUR\",\"isPartOf\":{\"@id\":\"https:\/\/caglayanyagmur.com.tr\/#website\"},\"datePublished\":\"2019-06-03T11:59:25+00:00\",\"dateModified\":\"2024-08-19T18:09:24+00:00\",\"description\":\"Kep\u00e7e kulak d\u00fczeltme konusunda uzmanla\u015fm\u0131\u015f Do\u00e7. Dr. \u00c7a\u011flayan YA\u011eMUR ile tan\u0131\u015f\u0131n ve otoplasti ile ilgili detaylar\u0131 \u00f6\u011frenin!\",\"breadcrumb\":{\"@id\":\"https:\/\/caglayanyagmur.com.tr\/kepce-kulak-ameliyati\/#breadcrumb\"},\"inLanguage\":\"de-DE\",\"potentialAction\":[{\"@type\":\"ReadAction\",\"target\":[\"https:\/\/caglayanyagmur.com.tr\/kepce-kulak-ameliyati\/\"]}]},{\"@type\":\"BreadcrumbList\",\"@id\":\"https:\/\/caglayanyagmur.com.tr\/kepce-kulak-ameliyati\/#breadcrumb\",\"itemListElement\":[{\"@type\":\"ListItem\",\"position\":1,\"name\":\"Ana sayfa\",\"item\":\"https:\/\/caglayanyagmur.com.tr\/\"},{\"@type\":\"ListItem\",\"position\":2,\"name\":\"Kulak Esteti\u011fi\"}]},{\"@type\":\"WebSite\",\"@id\":\"https:\/\/caglayanyagmur.com.tr\/#website\",\"url\":\"https:\/\/caglayanyagmur.com.tr\/\",\"name\":\"Do\u00e7. Dr. \u00c7a\u011flayan YA\u011eMUR\",\"description\":\"Plastik ve Estetik Cerrahi Uzman\u0131\",\"publisher\":{\"@id\":\"https:\/\/caglayanyagmur.com.tr\/#organization\"},\"alternateName\":\"\u00c7a\u011flayan Ya\u011fmur\",\"potentialAction\":[{\"@type\":\"SearchAction\",\"target\":{\"@type\":\"EntryPoint\",\"urlTemplate\":\"https:\/\/caglayanyagmur.com.tr\/?s={search_term_string}\"},\"query-input\":{\"@type\":\"PropertyValueSpecification\",\"valueRequired\":true,\"valueName\":\"search_term_string\"}}],\"inLanguage\":\"de-DE\"},{\"@type\":\"Organization\",\"@id\":\"https:\/\/caglayanyagmur.com.tr\/#organization\",\"name\":\"Do\u00e7. Dr. \u00c7a\u011flayan YA\u011eMUR Muayenehanesi\",\"alternateName\":\"Estetik Cerrahi Klini\u011fi\",\"url\":\"https:\/\/caglayanyagmur.com.tr\/\",\"logo\":{\"@type\":\"ImageObject\",\"inLanguage\":\"de-DE\",\"@id\":\"https:\/\/caglayanyagmur.com.tr\/#\/schema\/logo\/image\/\",\"url\":\"https:\/\/caglayanyagmur.com.tr\/wp-content\/uploads\/2023\/03\/Doc-dr-caglayan-yagmur-4.png\",\"contentUrl\":\"https:\/\/caglayanyagmur.com.tr\/wp-content\/uploads\/2023\/03\/Doc-dr-caglayan-yagmur-4.png\",\"width\":693,\"height\":620,\"caption\":\"Do\u00e7. Dr. \u00c7a\u011flayan YA\u011eMUR Muayenehanesi\"},\"image\":{\"@id\":\"https:\/\/caglayanyagmur.com.tr\/#\/schema\/logo\/image\/\"},\"sameAs\":[\"https:\/\/www.facebook.com\/drcaglayanyagmurestetik\/\",\"https:\/\/www.instagram.com\/caglayanyagmurestetik\/\",\"https:\/\/www.linkedin.com\/in\/caglayan-yagmur-86592731\",\"https:\/\/www.youtube.com\/@caglayanyagmurestetik\"]}]}<\/script>\n<!-- \/ Yoast SEO plugin. -->","yoast_head_json":{"title":"Kep\u00e7e Kulak Nedir? Otoplasti Ameliyat\u0131 Fiyatlar\u0131 2024 | Do\u00e7. Dr. \u00c7a\u011flayan YA\u011eMUR","description":"Kep\u00e7e kulak d\u00fczeltme konusunda uzmanla\u015fm\u0131\u015f Do\u00e7. Dr. \u00c7a\u011flayan YA\u011eMUR ile tan\u0131\u015f\u0131n ve otoplasti ile ilgili detaylar\u0131 \u00f6\u011frenin!","robots":{"index":"index","follow":"follow","max-snippet":"max-snippet:-1","max-image-preview":"max-image-preview:large","max-video-preview":"max-video-preview:-1"},"canonical":"https:\/\/caglayanyagmur.com.tr\/de\/kepce-kulak-ameliyati\/","og_locale":"de_DE","og_type":"article","og_title":"Kep\u00e7e Kulak Nedir? Otoplasti Ameliyat\u0131 Fiyatlar\u0131 2024 | Do\u00e7. Dr. \u00c7a\u011flayan YA\u011eMUR","og_description":"Kep\u00e7e kulak d\u00fczeltme konusunda uzmanla\u015fm\u0131\u015f Do\u00e7. Dr. \u00c7a\u011flayan YA\u011eMUR ile tan\u0131\u015f\u0131n ve otoplasti ile ilgili detaylar\u0131 \u00f6\u011frenin!","og_url":"https:\/\/caglayanyagmur.com.tr\/de\/kepce-kulak-ameliyati\/","og_site_name":"Do\u00e7. Dr. \u00c7a\u011flayan YA\u011eMUR","article_publisher":"https:\/\/www.facebook.com\/drcaglayanyagmurestetik\/","article_modified_time":"2024-08-19T18:09:24+00:00","og_image":[{"width":1440,"height":614,"url":"https:\/\/caglayanyagmur.com.tr\/wp-content\/uploads\/2022\/02\/caglayan-yagmur-tanitim-videosu.png","type":"image\/png"}],"twitter_card":"summary_large_image","twitter_misc":{"Gesch\u00e4tzte Lesezeit":"4\u00a0Minuten"},"schema":{"@context":"https:\/\/schema.org","@graph":[{"@type":"WebPage","@id":"https:\/\/caglayanyagmur.com.tr\/kepce-kulak-ameliyati\/","url":"https:\/\/caglayanyagmur.com.tr\/kepce-kulak-ameliyati\/","name":"Kep\u00e7e Kulak Nedir? Otoplasti Ameliyat\u0131 Fiyatlar\u0131 2024 | Do\u00e7. Dr. \u00c7a\u011flayan YA\u011eMUR","isPartOf":{"@id":"https:\/\/caglayanyagmur.com.tr\/#website"},"datePublished":"2019-06-03T11:59:25+00:00","dateModified":"2024-08-19T18:09:24+00:00","description":"Kep\u00e7e kulak d\u00fczeltme konusunda uzmanla\u015fm\u0131\u015f Do\u00e7. Dr. \u00c7a\u011flayan YA\u011eMUR ile tan\u0131\u015f\u0131n ve otoplasti ile ilgili detaylar\u0131 \u00f6\u011frenin!","breadcrumb":{"@id":"https:\/\/caglayanyagmur.com.tr\/kepce-kulak-ameliyati\/#breadcrumb"},"inLanguage":"de-DE","potentialAction":[{"@type":"ReadAction","target":["https:\/\/caglayanyagmur.com.tr\/kepce-kulak-ameliyati\/"]}]},{"@type":"BreadcrumbList","@id":"https:\/\/caglayanyagmur.com.tr\/kepce-kulak-ameliyati\/#breadcrumb","itemListElement":[{"@type":"ListItem","position":1,"name":"Ana sayfa","item":"https:\/\/caglayanyagmur.com.tr\/"},{"@type":"ListItem","position":2,"name":"Kulak Esteti\u011fi"}]},{"@type":"WebSite","@id":"https:\/\/caglayanyagmur.com.tr\/#website","url":"https:\/\/caglayanyagmur.com.tr\/","name":"Do\u00e7. Dr. \u00c7a\u011flayan YA\u011eMUR","description":"Plastik ve Estetik Cerrahi Uzman\u0131","publisher":{"@id":"https:\/\/caglayanyagmur.com.tr\/#organization"},"alternateName":"\u00c7a\u011flayan Ya\u011fmur","potentialAction":[{"@type":"SearchAction","target":{"@type":"EntryPoint","urlTemplate":"https:\/\/caglayanyagmur.com.tr\/?s={search_term_string}"},"query-input":{"@type":"PropertyValueSpecification","valueRequired":true,"valueName":"search_term_string"}}],"inLanguage":"de-DE"},{"@type":"Organization","@id":"https:\/\/caglayanyagmur.com.tr\/#organization","name":"Do\u00e7. Dr. \u00c7a\u011flayan YA\u011eMUR Muayenehanesi","alternateName":"Estetik Cerrahi Klini\u011fi","url":"https:\/\/caglayanyagmur.com.tr\/","logo":{"@type":"ImageObject","inLanguage":"de-DE","@id":"https:\/\/caglayanyagmur.com.tr\/#\/schema\/logo\/image\/","url":"https:\/\/caglayanyagmur.com.tr\/wp-content\/uploads\/2023\/03\/Doc-dr-caglayan-yagmur-4.png","contentUrl":"https:\/\/caglayanyagmur.com.tr\/wp-content\/uploads\/2023\/03\/Doc-dr-caglayan-yagmur-4.png","width":693,"height":620,"caption":"Do\u00e7. Dr. \u00c7a\u011flayan YA\u011eMUR Muayenehanesi"},"image":{"@id":"https:\/\/caglayanyagmur.com.tr\/#\/schema\/logo\/image\/"},"sameAs":["https:\/\/www.facebook.com\/drcaglayanyagmurestetik\/","https:\/\/www.instagram.com\/caglayanyagmurestetik\/","https:\/\/www.linkedin.com\/in\/caglayan-yagmur-86592731","https:\/\/www.youtube.com\/@caglayanyagmurestetik"]}]}},"_links":{"self":[{"href":"https:\/\/caglayanyagmur.com.tr\/de\/wp-json\/wp\/v2\/pages\/510","targetHints":{"allow":["GET"]}}],"collection":[{"href":"https:\/\/caglayanyagmur.com.tr\/de\/wp-json\/wp\/v2\/pages"}],"about":[{"href":"https:\/\/caglayanyagmur.com.tr\/de\/wp-json\/wp\/v2\/types\/page"}],"author":[{"embeddable":true,"href":"https:\/\/caglayanyagmur.com.tr\/de\/wp-json\/wp\/v2\/users\/1"}],"replies":[{"embeddable":true,"href":"https:\/\/caglayanyagmur.com.tr\/de\/wp-json\/wp\/v2\/comments?post=510"}],"version-history":[{"count":30,"href":"https:\/\/caglayanyagmur.com.tr\/de\/wp-json\/wp\/v2\/pages\/510\/revisions"}],"predecessor-version":[{"id":3470,"href":"https:\/\/caglayanyagmur.com.tr\/de\/wp-json\/wp\/v2\/pages\/510\/revisions\/3470"}],"wp:attachment":[{"href":"https:\/\/caglayanyagmur.com.tr\/de\/wp-json\/wp\/v2\/media?parent=510"}],"curies":[{"name":"wp","href":"https:\/\/api.w.org\/{rel}","templated":true}]}}