{"id":490,"date":"2019-06-03T14:56:47","date_gmt":"2019-06-03T11:56:47","guid":{"rendered":"http:\/\/www.ecdmedya.com\/demo2\/?page_id=490"},"modified":"2024-08-18T15:34:26","modified_gmt":"2024-08-18T12:34:26","slug":"boyun-estetigi","status":"publish","type":"page","link":"https:\/\/caglayanyagmur.com.tr\/de\/boyun-estetigi\/","title":{"rendered":"Boyun Esteti\u011fi (Boyun Germe)"},"content":{"rendered":"<\/p>\n<div class=\"row align-center\"  id=\"row-1523378132\">\n\n\t<div id=\"col-1744508785\" class=\"col medium-11 small-11 large-11\"  >\n\t\t\t\t<div class=\"col-inner\"  >\n\t\t\t\n\t\t\t\n\t<div class=\"img has-hover x md-x lg-x y md-y lg-y\" id=\"image_847080835\">\n\t\t\t\t\t\t\t\t<div class=\"img-inner dark\" >\n\t\t\t<img decoding=\"async\" width=\"1000\" height=\"500\" src=\"https:\/\/caglayanyagmur.com.tr\/wp-content\/uploads\/2022\/11\/boyun-estetigi.webp\" class=\"attachment-large size-large\" alt=\"\" srcset=\"https:\/\/caglayanyagmur.com.tr\/wp-content\/uploads\/2022\/11\/boyun-estetigi.webp 1000w, https:\/\/caglayanyagmur.com.tr\/wp-content\/uploads\/2022\/11\/boyun-estetigi-800x400.webp 800w, https:\/\/caglayanyagmur.com.tr\/wp-content\/uploads\/2022\/11\/boyun-estetigi-768x384.webp 768w\" sizes=\"(max-width: 1000px) 100vw, 1000px\" \/>\t\t\t\t\t\t\n\t\t\t\t\t<\/div>\n\t\t\t\t\t\t\t\t\n<style>\n#image_847080835 {\n  width: 100%;\n}\n<\/style>\n\t<\/div>\n\t\n\t\t<\/div>\n\t\t\t\t\t<\/div>\n\n\t\n\n\t<div id=\"col-149152144\" class=\"col medium-11 small-12 large-11\"  >\n\t\t\t\t<div class=\"col-inner\"  >\n\t\t\t\n\t\t\t\n<p><strong>Boyun esteti\u011fi<\/strong>; sarkma, k\u0131r\u0131\u015f\u0131kl\u0131k gibi durumlar\u0131n d\u00fczeltilmesi i\u00e7in yap\u0131lan ve y\u00fcz\u00fcn gen\u00e7le\u015fmesini sa\u011flayan i\u015flemdir. Sa\u011fl\u0131kl\u0131 cilt yap\u0131s\u0131na sahip gergin bir boyun, ya\u015f fark etmeksizin daha \u00e7ekici ve g\u00fczel g\u00f6r\u00fcn\u00fcr. Y\u00fcz hatlar\u0131n\u0131 ortaya \u00e7\u0131karan gerdirme operasyonuysa g\u00fcn\u00fcm\u00fczde olduk\u00e7a pop\u00fcler hale gelmi\u015ftir. B\u00f6lgede olu\u015fan deformasyonlar\u0131n giderilmesi ad\u0131na s\u0131k s\u0131k tercih edilir.<\/p>\n<h2>Boyun B\u00f6lgesinin Sarkma ve K\u0131r\u0131\u015fma Nedenleri Nelerdir?<\/h2>\n<p>Boyun b\u00f6lgesinde sarkma ve k\u0131r\u0131\u015fma durumlar\u0131n\u0131n g\u00f6r\u00fcnmesi bir\u00e7ok farkl\u0131 etkene ba\u011fl\u0131 olabilir. En s\u0131k g\u00f6r\u00fclen nedenler aras\u0131nda ya\u015f fakt\u00f6r\u00fc vard\u0131r. Ya\u015flanma s\u00fcrecinde ciltteki esneklik ve s\u0131k\u0131l\u0131k gev\u015femeye ba\u015flar. \u0130nce deri tabakas\u0131na sahip boyunda k\u0131r\u0131\u015f\u0131kl\u0131klar, yatay \u00e7izgiler, g\u0131d\u0131 birle\u015fmesi ve \u00e7ift \u00e7ene g\u00f6r\u00fcn\u00fcm\u00fc ortaya \u00e7\u0131kar. Di\u011fer fakt\u00f6rlerse \u015fu \u015fekildedir;<\/p>\n<ul>\n<li>Genetik yap\u0131<\/li>\n<li>Sigara kullan\u0131m\u0131<\/li>\n<li>G\u00fcne\u015f \u0131\u015f\u0131\u011f\u0131<\/li>\n<li>Sa\u011fl\u0131k ko\u015fullar\u0131<\/li>\n<li>Hormonal de\u011fi\u015fiklikler<\/li>\n<\/ul>\n<p>Problemin sebebi kadar tedavinin erken ba\u015flamas\u0131 ve belirli aral\u0131klarla kontrol edilmesi de olduk\u00e7a \u00f6nemlidir. Cilt bak\u0131m\u0131n\u0131n d\u00fczenli \u015fekilde yap\u0131lmas\u0131, bu fakt\u00f6rlerin etkilerini azalt\u0131r. Ya\u015fam tarz\u0131 se\u00e7imleri de d\u0131\u015f fakt\u00f6rlere kar\u015f\u0131 etkilidir.<\/p>\n<p>Boyun esteti\u011fi sayesinde fazla ya\u011f dokusu al\u0131narak sarkm\u0131\u015f g\u00f6r\u00fcnt\u00fc ortadan kalkar. Gev\u015femi\u015f olan bu k\u0131sm\u0131 canland\u0131ran ve keskin g\u00f6r\u00fcnt\u00fc veren operasyon, boyun konturunu estetik g\u00f6r\u00fcn\u00fcme kavu\u015fturur.<\/p>\n<h2>Boyun Germe Ameliyat\u0131 Nas\u0131l Yap\u0131l\u0131r?<\/h2>\n<p>Boyun germe ameliyat\u0131, \u00e7o\u011funlukla anestezi uygulamas\u0131n\u0131n ard\u0131ndan ger\u00e7ekle\u015ftirilir. \u0130\u015flem, bu b\u00f6lgedeki gev\u015fek cildin ve fazla ya\u011f dokusunun d\u00fczeltilmesine y\u00f6neliktir. Boyun k\u0131sm\u0131ndaki cildi gerdirir ve fazla dokular\u0131 \u00e7\u0131kar\u0131r. Uzman cerrah, genellikle boyun alt\u0131nda ya da kulak arkas\u0131ndaki b\u00f6lgelere k\u00fc\u00e7\u00fck kesiler yapar. Bu sayede sarkan cilt sorunu \u00e7\u00f6z\u00fcme kavu\u015fturulur ve gerekti\u011fi durumda ya\u011f dokular\u0131n\u0131n al\u0131m\u0131 yap\u0131l\u0131r. Deri bu i\u015flemlerden sonra s\u0131k\u0131la\u015ft\u0131r\u0131l\u0131r ve a\u00e7\u0131lan kesiler kapat\u0131l\u0131r.<\/p>\n<p>Ameliyat sonras\u0131 d\u00f6nem de t\u0131pk\u0131 bu s\u00fcre\u00e7 kadar \u00f6nemlidir. Hastalar bir s\u00fcre boyun deste\u011fi kullanmal\u0131 ve doktor tavsiyelerine uymal\u0131d\u0131r. \u0130yile\u015fme s\u00fcresi ise ki\u015finin sa\u011fl\u0131k durumuna ve operasyonun kapsam\u0131na g\u00f6re de\u011fi\u015fmektedir.<\/p>\n<h2>Boyun Germe Ameliyat\u0131 Y\u00f6ntemleri<\/h2>\n<p>Uzmanlar taraf\u0131ndan ger\u00e7ekle\u015ftirilen boyun germe ameliyat\u0131nda farkl\u0131 y\u00f6ntemlerden yararlan\u0131l\u0131r. Bu metotlar\u0131n tercih edilme durumlar\u0131ysa \u00f6ncelikle hastan\u0131n cilt yap\u0131s\u0131na, ihtiyac\u0131na ve al\u0131nmak istenen sonuca g\u00f6re de\u011fi\u015fkenlik g\u00f6sterir. <strong>Boyun esteti\u011fi<\/strong> operasyonlar\u0131nda en s\u0131k kullan\u0131lan y\u00f6ntemler \u015fu \u015fekildedir;<\/p>\n<ul>\n<li>Tradicional<\/li>\n<li>S\u0131n\u0131rl\u0131 \u0130ncizyon<\/li>\n<li>Liposuction<\/li>\n<li>Endoskopik<\/li>\n<\/ul>\n<p>Tradicional germe i\u015fleminde boyun alt\u0131 ya da kulak arkas\u0131na kesiler yap\u0131lmaktad\u0131r. Klasik bir uygulama olup altta kalan dokular\u0131n s\u0131k\u0131la\u015ft\u0131r\u0131lmas\u0131 sa\u011flan\u0131r. S\u0131n\u0131rl\u0131 incizyon uygulamas\u0131 ise daha \u00e7ok k\u00fc\u00e7\u00fck boyuttaki sarkmalar i\u00e7in tercih edilir.<\/p>\n<p>En s\u0131k kullan\u0131lan boyun esteti\u011fi metotlar\u0131ndan biri de liposuction\u2019dur. Bu b\u00f6lgede yer alan fazla ya\u011flar al\u0131n\u0131r ve deri gerdirilir. Endoskopik boyun gerdirme y\u00f6ntemi de k\u00fc\u00e7\u00fck kamera ve aletler yard\u0131m\u0131yla yap\u0131l\u0131r. Her bir tekni\u011fin kendine g\u00f6re avantaj ve s\u0131n\u0131rlamalar\u0131 bulunur. Cilt yap\u0131s\u0131, ki\u015finin beklentisi gibi durumlar incelendikten sonra en uygun i\u015fleme karar verilir.<\/p>\n<h2>Boyun Esteti\u011fi Avantajlar\u0131 Nelerdir?<\/h2>\n<p>Boyun esteti\u011fi avantajlar\u0131 aras\u0131nda gen\u00e7 ve p\u00fcr\u00fczs\u00fcz boyun \u015feklinin elde edilebilmesi vard\u0131r. Bu i\u015flem \u00e7o\u011fu ki\u015finin boyun g\u00f6r\u00fcnt\u00fcs\u00fcn\u00fc de\u011fi\u015ftirerek estetik g\u00f6r\u00fcn\u00fcm katar. Fazla derinin al\u0131nmas\u0131, ya\u011f birikintilerinin giderilmesi ve kaslar\u0131n \u00e7al\u0131\u015ft\u0131r\u0131lmas\u0131 sayesinde y\u00fcz\u00fcn geri kalan\u0131yla do\u011fal bir uyum olu\u015fturur. Yayg\u0131n olan ya\u015flanma belirtileri aras\u0131ndaki g\u0131d\u0131 sark\u0131kl\u0131\u011f\u0131 ve \u00e7\u0131k\u0131k boyun bantlar\u0131n\u0131n g\u00f6r\u00fcn\u00fcm\u00fc, <strong>boyun esteti\u011fi<\/strong> ameliyat\u0131 sayesinde giderilir.<\/p>\n<p>Boyun esteti\u011finin kazand\u0131rd\u0131klar\u0131 uzun vadeli \u015fekilde etki eder. Ya\u015flanma s\u00fcreci devaml\u0131 olsa da bu uygulamayla sa\u011flanan sonu\u00e7lar da kal\u0131c\u0131d\u0131r. Tan\u0131mlanm\u0131\u015f ve belirgin \u00e7ene hatt\u0131n\u0131n olu\u015fmas\u0131 ki\u015filere \u00f6zg\u00fcven a\u015f\u0131lar. Daha gen\u00e7 bir g\u00f6r\u00fcn\u00fcm sa\u011flamak ve boyun b\u00f6lgesindeki gev\u015femelerden kurtulmak isteyenler bahsedilen operasyonlar\u0131 yapt\u0131rarak hedeflenen g\u00f6r\u00fcn\u00fcme kavu\u015fabilirler.<\/p>\n<h2>Boyun Germe Ameliyat\u0131 \u0130yile\u015fme S\u00fcreci<\/h2>\n<p>Boyun esteti\u011fi ameliyat\u0131 sonras\u0131ndaki iyile\u015fme d\u00f6nemi \u00e7o\u011fu zaman genellikle 15-20 g\u00fcn kadar s\u00fcrebilmektedir. Operasyonun ard\u0131ndan i\u015flem yap\u0131lm\u0131\u015f b\u00f6lgede k\u0131zar\u0131kl\u0131k, hafif \u015fi\u015flik ve morarma g\u00f6r\u00fclebilir. Bu sebeple ilk haftada ki\u015finin dinlenmesine, \u015fi\u015flik ve morluklar\u0131n giderilmesine odaklan\u0131l\u0131r. Hatta iyile\u015fmeyi h\u0131zland\u0131rmak ad\u0131na boyun \u00e7evresini desteklemek i\u00e7in bandaj kullanmakta fayda vard\u0131r. Zaman ge\u00e7tik\u00e7e \u015fikayetler azalacak ve sonu\u00e7lar belirgin hale gelecektir. Ameliyattan en iyi verimi alabilmek i\u00e7in doktor talimatlar\u0131na uymak, d\u00fczenli kontrolleri yapt\u0131rmak gerekir.<\/p>\n<h2>Boyun Germe Ameliyat\u0131 Fiyatlar\u0131<\/h2>\n<p>Boyun germe ameliyat\u0131 fiyatlar\u0131 kurumlara g\u00f6re de\u011fi\u015fiklik g\u00f6sterir. Ameliyatl\u0131 veya ameliyats\u0131z yap\u0131lan operasyonlarda farkl\u0131 \u00fccretlerle kar\u015f\u0131la\u015fmak m\u00fcmk\u00fcnd\u00fcr. Hastan\u0131n durumu ve i\u015flem s\u0131kl\u0131\u011f\u0131 gibi durumlar da <strong>boyun esteti\u011fi <\/strong>fiyatlar\u0131nda \u00e7e\u015fitlilik sa\u011flar. \u00dccretler hakk\u0131nda detayl\u0131 bilgi almak i\u00e7in alan\u0131nda uzmanla\u015fm\u0131\u015f kliniklerle ileti\u015fime ge\u00e7ebilirsiniz.<\/p>\n<h2>G\u0131d\u0131 Liposuction Ameliyat\u0131 Nas\u0131l Yap\u0131l\u0131r?<\/h2>\n<p>G\u0131d\u0131 liposuction ameliyat\u0131nda \u00e7ene alt\u0131nda kalan b\u00f6lgenin ya\u011f dokusunu eritmek i\u00e7in uzmanlar taraf\u0131ndan i\u011fneyle enjeksiyon yap\u0131l\u0131r. Daha sonras\u0131nda ise eriyen ya\u011f dokular\u0131n\u0131n \u00e7ekimini yapmak i\u00e7in k\u00fc\u00e7\u00fck kesikler a\u00e7\u0131l\u0131r. Bu kesikler, ufak boyuttaki kan\u00fcl ad\u0131 verilen t\u00fcplerin i\u00e7eriye girebilece\u011fi kadard\u0131r.<\/p>\n<p>Kan\u00fcllerin i\u00e7eriye sokulmas\u0131yla belirli bir miktarda ya\u011f vakumlan\u0131r. A\u00e7\u0131lan kesikler diki\u015flerle kapat\u0131l\u0131r. Ortalama iki ya da \u00fc\u00e7 ay hafif iz g\u00f6r\u00fcn\u00fcm\u00fc belli olsa da ilerleyen zamanlarda ten rengi g\u00f6r\u00fcn\u00fcm\u00fcne kavu\u015fur.<\/p>\n<h2>Ameliyats\u0131z Boyun Germe Y\u00f6ntemleri<\/h2>\n<p>Ameliyats\u0131z boyun germe y\u00f6ntemleri, herhangi cerrahi m\u00fcdahalenin yap\u0131lmad\u0131\u011f\u0131 uygulamalard\u0131r. Bu b\u00f6lgede olu\u015fan deformasyonlar\u0131n pratik \u015fekilde giderilmesini sa\u011flan\u0131r ve hasta istedi\u011fi g\u00f6r\u00fcn\u00fcme kavu\u015fur. Cerrahi i\u015fleme gerek olmadan yap\u0131lan boyun germe y\u00f6ntemlerini \u015fu \u015fekilde belirtmek m\u00fcmk\u00fcnd\u00fcr;<\/p>\n<ul>\n<li>\u00d6r\u00fcmcek a\u011f\u0131<\/li>\n<li>Fokus ultrason hifu<\/li>\n<li>Alt\u0131n i\u011fne<\/li>\n<\/ul>\n<p>Doktor taraf\u0131ndan incelenen ve cilt yap\u0131s\u0131na g\u00f6re se\u00e7ilen y\u00f6ntemler, ki\u015filerde kal\u0131c\u0131 ve dikkat \u00e7ekici sonu\u00e7lar sa\u011flar. Fokus ultrason y\u00f6nteminde boyun k\u0131sm\u0131na \u0131s\u0131 enerjisi yayan ses dalgalar\u0131 verilir. Cildin en derin katman\u0131na kadar n\u00fcfuz ederek etkisini g\u00f6sterir.<\/p>\n<p>Alt\u0131n i\u011fne metodunda ise ucunda mikro i\u011fneler bulunan cihaz kullan\u0131larak sorunlu tabakalara radyo frekanslar\u0131 g\u00f6nderilir. \u00d6r\u00fcmcek a\u011f\u0131 uygulamas\u0131nda da cilt t\u00fcr\u00fc ve yap\u0131s\u0131na uygun kullan\u0131lan iplikler vard\u0131r. Deri alt\u0131na i\u015fleyen bu malzeme, b\u00f6lgedeki sarkmalar\u0131 giderir. V\u00fccutla uyumlu kullan\u0131lan ipler bir s\u00fcre sonra kaybolur.<\/p>\n<p>Klini\u011fimiz \u00c7a\u011flayan Ya\u011fmur\u2019da bu i\u00e7erikte bahsedilen t\u00fcm i\u015flemler profesyonel bir \u015fekilde alan\u0131n\u0131n en iyi hekimler taraf\u0131ndan ger\u00e7ekle\u015ftirilir. Detayl\u0131 bilgi edinmek ya da randevu olu\u015fturmak i\u00e7in ileti\u015fime ge\u00e7ebilirsiniz.<\/p>\n\t\t<\/div>\n\t\t\t\t\t<\/div>\n\n\t\n<\/div>\n<p>\n","protected":false},"excerpt":{"rendered":"","protected":false},"author":1,"featured_media":0,"parent":0,"menu_order":0,"comment_status":"closed","ping_status":"closed","template":"page-blank-title-center.php","meta":{"footnotes":""},"class_list":["post-490","page","type-page","status-publish","hentry"],"yoast_head":"<!-- This site is optimized with the Yoast SEO plugin v26.4 - https:\/\/yoast.com\/wordpress\/plugins\/seo\/ -->\n<title>Boyun Esteti\u011fi Ameliyat\u0131 (Boyun Germe) Fiyatlar\u0131 | Do\u00e7. Dr. \u00c7a\u011flayan YA\u011eMUR<\/title>\n<meta name=\"description\" content=\"Boyun esteti\u011fi ameliyat\u0131 ile gen\u00e7lik ve zarafetinizi geri kazan\u0131n. \u00c7a\u011flayan YA\u011eMUR ile boyun germe i\u015flemleri i\u00e7in en iyi se\u00e7enekleri ke\u015ffedin!\" \/>\n<meta name=\"robots\" content=\"index, follow, max-snippet:-1, max-image-preview:large, max-video-preview:-1\" \/>\n<link rel=\"canonical\" href=\"https:\/\/caglayanyagmur.com.tr\/de\/boyun-estetigi\/\" \/>\n<meta property=\"og:locale\" content=\"de_DE\" \/>\n<meta property=\"og:locale:alternate\" content=\"tr_TR\" \/>\n<meta property=\"og:locale:alternate\" content=\"en_US\" \/>\n<meta property=\"og:type\" content=\"article\" \/>\n<meta property=\"og:title\" content=\"Boyun Esteti\u011fi Ameliyat\u0131 (Boyun Germe) Fiyatlar\u0131 | Do\u00e7. Dr. \u00c7a\u011flayan YA\u011eMUR\" \/>\n<meta property=\"og:description\" content=\"Boyun esteti\u011fi ameliyat\u0131 ile gen\u00e7lik ve zarafetinizi geri kazan\u0131n. \u00c7a\u011flayan YA\u011eMUR ile boyun germe i\u015flemleri i\u00e7in en iyi se\u00e7enekleri ke\u015ffedin!\" \/>\n<meta property=\"og:url\" content=\"https:\/\/caglayanyagmur.com.tr\/de\/boyun-estetigi\/\" \/>\n<meta property=\"og:site_name\" content=\"Do\u00e7. Dr. \u00c7a\u011flayan YA\u011eMUR\" \/>\n<meta property=\"article:publisher\" content=\"https:\/\/www.facebook.com\/drcaglayanyagmurestetik\/\" \/>\n<meta property=\"article:modified_time\" content=\"2024-08-18T12:34:26+00:00\" \/>\n<meta property=\"og:image\" content=\"https:\/\/caglayanyagmur.com.tr\/wp-content\/uploads\/2022\/02\/caglayan-yagmur-tanitim-videosu.png\" \/>\n\t<meta property=\"og:image:width\" content=\"1440\" \/>\n\t<meta property=\"og:image:height\" content=\"614\" \/>\n\t<meta property=\"og:image:type\" content=\"image\/png\" \/>\n<meta name=\"twitter:card\" content=\"summary_large_image\" \/>\n<meta name=\"twitter:label1\" content=\"Gesch\u00e4tzte Lesezeit\" \/>\n\t<meta name=\"twitter:data1\" content=\"6\u00a0Minuten\" \/>\n<script type=\"application\/ld+json\" class=\"yoast-schema-graph\">{\"@context\":\"https:\/\/schema.org\",\"@graph\":[{\"@type\":\"WebPage\",\"@id\":\"https:\/\/caglayanyagmur.com.tr\/boyun-estetigi\/\",\"url\":\"https:\/\/caglayanyagmur.com.tr\/boyun-estetigi\/\",\"name\":\"Boyun Esteti\u011fi Ameliyat\u0131 (Boyun Germe) Fiyatlar\u0131 | Do\u00e7. Dr. \u00c7a\u011flayan YA\u011eMUR\",\"isPartOf\":{\"@id\":\"https:\/\/caglayanyagmur.com.tr\/#website\"},\"datePublished\":\"2019-06-03T11:56:47+00:00\",\"dateModified\":\"2024-08-18T12:34:26+00:00\",\"description\":\"Boyun esteti\u011fi ameliyat\u0131 ile gen\u00e7lik ve zarafetinizi geri kazan\u0131n. \u00c7a\u011flayan YA\u011eMUR ile boyun germe i\u015flemleri i\u00e7in en iyi se\u00e7enekleri ke\u015ffedin!\",\"breadcrumb\":{\"@id\":\"https:\/\/caglayanyagmur.com.tr\/boyun-estetigi\/#breadcrumb\"},\"inLanguage\":\"de-DE\",\"potentialAction\":[{\"@type\":\"ReadAction\",\"target\":[\"https:\/\/caglayanyagmur.com.tr\/boyun-estetigi\/\"]}]},{\"@type\":\"BreadcrumbList\",\"@id\":\"https:\/\/caglayanyagmur.com.tr\/boyun-estetigi\/#breadcrumb\",\"itemListElement\":[{\"@type\":\"ListItem\",\"position\":1,\"name\":\"Ana sayfa\",\"item\":\"https:\/\/caglayanyagmur.com.tr\/\"},{\"@type\":\"ListItem\",\"position\":2,\"name\":\"Boyun Esteti\u011fi (Boyun Germe)\"}]},{\"@type\":\"WebSite\",\"@id\":\"https:\/\/caglayanyagmur.com.tr\/#website\",\"url\":\"https:\/\/caglayanyagmur.com.tr\/\",\"name\":\"Do\u00e7. Dr. \u00c7a\u011flayan YA\u011eMUR\",\"description\":\"Plastik ve Estetik Cerrahi Uzman\u0131\",\"publisher\":{\"@id\":\"https:\/\/caglayanyagmur.com.tr\/#organization\"},\"alternateName\":\"\u00c7a\u011flayan Ya\u011fmur\",\"potentialAction\":[{\"@type\":\"SearchAction\",\"target\":{\"@type\":\"EntryPoint\",\"urlTemplate\":\"https:\/\/caglayanyagmur.com.tr\/?s={search_term_string}\"},\"query-input\":{\"@type\":\"PropertyValueSpecification\",\"valueRequired\":true,\"valueName\":\"search_term_string\"}}],\"inLanguage\":\"de-DE\"},{\"@type\":\"Organization\",\"@id\":\"https:\/\/caglayanyagmur.com.tr\/#organization\",\"name\":\"Do\u00e7. Dr. \u00c7a\u011flayan YA\u011eMUR Muayenehanesi\",\"alternateName\":\"Estetik Cerrahi Klini\u011fi\",\"url\":\"https:\/\/caglayanyagmur.com.tr\/\",\"logo\":{\"@type\":\"ImageObject\",\"inLanguage\":\"de-DE\",\"@id\":\"https:\/\/caglayanyagmur.com.tr\/#\/schema\/logo\/image\/\",\"url\":\"https:\/\/caglayanyagmur.com.tr\/wp-content\/uploads\/2023\/03\/Doc-dr-caglayan-yagmur-4.png\",\"contentUrl\":\"https:\/\/caglayanyagmur.com.tr\/wp-content\/uploads\/2023\/03\/Doc-dr-caglayan-yagmur-4.png\",\"width\":693,\"height\":620,\"caption\":\"Do\u00e7. Dr. \u00c7a\u011flayan YA\u011eMUR Muayenehanesi\"},\"image\":{\"@id\":\"https:\/\/caglayanyagmur.com.tr\/#\/schema\/logo\/image\/\"},\"sameAs\":[\"https:\/\/www.facebook.com\/drcaglayanyagmurestetik\/\",\"https:\/\/www.instagram.com\/caglayanyagmurestetik\/\",\"https:\/\/www.linkedin.com\/in\/caglayan-yagmur-86592731\",\"https:\/\/www.youtube.com\/@caglayanyagmurestetik\"]}]}<\/script>\n<!-- \/ Yoast SEO plugin. -->","yoast_head_json":{"title":"Boyun Esteti\u011fi Ameliyat\u0131 (Boyun Germe) Fiyatlar\u0131 | Do\u00e7. Dr. \u00c7a\u011flayan YA\u011eMUR","description":"Boyun esteti\u011fi ameliyat\u0131 ile gen\u00e7lik ve zarafetinizi geri kazan\u0131n. \u00c7a\u011flayan YA\u011eMUR ile boyun germe i\u015flemleri i\u00e7in en iyi se\u00e7enekleri ke\u015ffedin!","robots":{"index":"index","follow":"follow","max-snippet":"max-snippet:-1","max-image-preview":"max-image-preview:large","max-video-preview":"max-video-preview:-1"},"canonical":"https:\/\/caglayanyagmur.com.tr\/de\/boyun-estetigi\/","og_locale":"de_DE","og_type":"article","og_title":"Boyun Esteti\u011fi Ameliyat\u0131 (Boyun Germe) Fiyatlar\u0131 | Do\u00e7. Dr. \u00c7a\u011flayan YA\u011eMUR","og_description":"Boyun esteti\u011fi ameliyat\u0131 ile gen\u00e7lik ve zarafetinizi geri kazan\u0131n. \u00c7a\u011flayan YA\u011eMUR ile boyun germe i\u015flemleri i\u00e7in en iyi se\u00e7enekleri ke\u015ffedin!","og_url":"https:\/\/caglayanyagmur.com.tr\/de\/boyun-estetigi\/","og_site_name":"Do\u00e7. Dr. \u00c7a\u011flayan YA\u011eMUR","article_publisher":"https:\/\/www.facebook.com\/drcaglayanyagmurestetik\/","article_modified_time":"2024-08-18T12:34:26+00:00","og_image":[{"width":1440,"height":614,"url":"https:\/\/caglayanyagmur.com.tr\/wp-content\/uploads\/2022\/02\/caglayan-yagmur-tanitim-videosu.png","type":"image\/png"}],"twitter_card":"summary_large_image","twitter_misc":{"Gesch\u00e4tzte Lesezeit":"6\u00a0Minuten"},"schema":{"@context":"https:\/\/schema.org","@graph":[{"@type":"WebPage","@id":"https:\/\/caglayanyagmur.com.tr\/boyun-estetigi\/","url":"https:\/\/caglayanyagmur.com.tr\/boyun-estetigi\/","name":"Boyun Esteti\u011fi Ameliyat\u0131 (Boyun Germe) Fiyatlar\u0131 | Do\u00e7. Dr. \u00c7a\u011flayan YA\u011eMUR","isPartOf":{"@id":"https:\/\/caglayanyagmur.com.tr\/#website"},"datePublished":"2019-06-03T11:56:47+00:00","dateModified":"2024-08-18T12:34:26+00:00","description":"Boyun esteti\u011fi ameliyat\u0131 ile gen\u00e7lik ve zarafetinizi geri kazan\u0131n. \u00c7a\u011flayan YA\u011eMUR ile boyun germe i\u015flemleri i\u00e7in en iyi se\u00e7enekleri ke\u015ffedin!","breadcrumb":{"@id":"https:\/\/caglayanyagmur.com.tr\/boyun-estetigi\/#breadcrumb"},"inLanguage":"de-DE","potentialAction":[{"@type":"ReadAction","target":["https:\/\/caglayanyagmur.com.tr\/boyun-estetigi\/"]}]},{"@type":"BreadcrumbList","@id":"https:\/\/caglayanyagmur.com.tr\/boyun-estetigi\/#breadcrumb","itemListElement":[{"@type":"ListItem","position":1,"name":"Ana sayfa","item":"https:\/\/caglayanyagmur.com.tr\/"},{"@type":"ListItem","position":2,"name":"Boyun Esteti\u011fi (Boyun Germe)"}]},{"@type":"WebSite","@id":"https:\/\/caglayanyagmur.com.tr\/#website","url":"https:\/\/caglayanyagmur.com.tr\/","name":"Do\u00e7. Dr. \u00c7a\u011flayan YA\u011eMUR","description":"Plastik ve Estetik Cerrahi Uzman\u0131","publisher":{"@id":"https:\/\/caglayanyagmur.com.tr\/#organization"},"alternateName":"\u00c7a\u011flayan Ya\u011fmur","potentialAction":[{"@type":"SearchAction","target":{"@type":"EntryPoint","urlTemplate":"https:\/\/caglayanyagmur.com.tr\/?s={search_term_string}"},"query-input":{"@type":"PropertyValueSpecification","valueRequired":true,"valueName":"search_term_string"}}],"inLanguage":"de-DE"},{"@type":"Organization","@id":"https:\/\/caglayanyagmur.com.tr\/#organization","name":"Do\u00e7. Dr. \u00c7a\u011flayan YA\u011eMUR Muayenehanesi","alternateName":"Estetik Cerrahi Klini\u011fi","url":"https:\/\/caglayanyagmur.com.tr\/","logo":{"@type":"ImageObject","inLanguage":"de-DE","@id":"https:\/\/caglayanyagmur.com.tr\/#\/schema\/logo\/image\/","url":"https:\/\/caglayanyagmur.com.tr\/wp-content\/uploads\/2023\/03\/Doc-dr-caglayan-yagmur-4.png","contentUrl":"https:\/\/caglayanyagmur.com.tr\/wp-content\/uploads\/2023\/03\/Doc-dr-caglayan-yagmur-4.png","width":693,"height":620,"caption":"Do\u00e7. Dr. \u00c7a\u011flayan YA\u011eMUR Muayenehanesi"},"image":{"@id":"https:\/\/caglayanyagmur.com.tr\/#\/schema\/logo\/image\/"},"sameAs":["https:\/\/www.facebook.com\/drcaglayanyagmurestetik\/","https:\/\/www.instagram.com\/caglayanyagmurestetik\/","https:\/\/www.linkedin.com\/in\/caglayan-yagmur-86592731","https:\/\/www.youtube.com\/@caglayanyagmurestetik"]}]}},"_links":{"self":[{"href":"https:\/\/caglayanyagmur.com.tr\/de\/wp-json\/wp\/v2\/pages\/490","targetHints":{"allow":["GET"]}}],"collection":[{"href":"https:\/\/caglayanyagmur.com.tr\/de\/wp-json\/wp\/v2\/pages"}],"about":[{"href":"https:\/\/caglayanyagmur.com.tr\/de\/wp-json\/wp\/v2\/types\/page"}],"author":[{"embeddable":true,"href":"https:\/\/caglayanyagmur.com.tr\/de\/wp-json\/wp\/v2\/users\/1"}],"replies":[{"embeddable":true,"href":"https:\/\/caglayanyagmur.com.tr\/de\/wp-json\/wp\/v2\/comments?post=490"}],"version-history":[{"count":20,"href":"https:\/\/caglayanyagmur.com.tr\/de\/wp-json\/wp\/v2\/pages\/490\/revisions"}],"predecessor-version":[{"id":3465,"href":"https:\/\/caglayanyagmur.com.tr\/de\/wp-json\/wp\/v2\/pages\/490\/revisions\/3465"}],"wp:attachment":[{"href":"https:\/\/caglayanyagmur.com.tr\/de\/wp-json\/wp\/v2\/media?parent=490"}],"curies":[{"name":"wp","href":"https:\/\/api.w.org\/{rel}","templated":true}]}}