{"id":478,"date":"2019-06-03T14:55:22","date_gmt":"2019-06-03T11:55:22","guid":{"rendered":"http:\/\/www.ecdmedya.com\/demo2\/?page_id=478"},"modified":"2024-08-17T17:38:30","modified_gmt":"2024-08-17T14:38:30","slug":"ip-askilama-fransiz-aski","status":"publish","type":"page","link":"https:\/\/caglayanyagmur.com.tr\/de\/ip-askilama-fransiz-aski\/","title":{"rendered":"Y\u00fcze \u0130p Ask\u0131 Uygulamalar\u0131"},"content":{"rendered":"<\/p>\n<div class=\"row align-center\"  id=\"row-1339961137\">\n\n\t<div id=\"col-618691982\" class=\"col medium-11 small-11 large-11\"  >\n\t\t\t\t<div class=\"col-inner\"  >\n\t\t\t\n\t\t\t\n\t<div class=\"img has-hover x md-x lg-x y md-y lg-y\" id=\"image_606624546\">\n\t\t\t\t\t\t\t\t<div class=\"img-inner dark\" >\n\t\t\t<img decoding=\"async\" width=\"1000\" height=\"500\" src=\"https:\/\/caglayanyagmur.com.tr\/wp-content\/uploads\/2022\/11\/yuze-ip-aski-uygulamalari.webp\" class=\"attachment-large size-large\" alt=\"\" srcset=\"https:\/\/caglayanyagmur.com.tr\/wp-content\/uploads\/2022\/11\/yuze-ip-aski-uygulamalari.webp 1000w, https:\/\/caglayanyagmur.com.tr\/wp-content\/uploads\/2022\/11\/yuze-ip-aski-uygulamalari-800x400.webp 800w, https:\/\/caglayanyagmur.com.tr\/wp-content\/uploads\/2022\/11\/yuze-ip-aski-uygulamalari-768x384.webp 768w\" sizes=\"(max-width: 1000px) 100vw, 1000px\" \/>\t\t\t\t\t\t\n\t\t\t\t\t<\/div>\n\t\t\t\t\t\t\t\t\n<style>\n#image_606624546 {\n  width: 100%;\n}\n<\/style>\n\t<\/div>\n\t\n\t\t<\/div>\n\t\t\t\t\t<\/div>\n\n\t\n\n\t<div id=\"col-306756237\" class=\"col medium-11 small-12 large-11\"  >\n\t\t\t\t<div class=\"col-inner\"  >\n\t\t\t\n\t\t\t\n<p>D\u00fcz ya da k\u0131l\u00e7\u0131kl\u0131 ameliyat ipleri kullan\u0131larak uygulanan y\u00fcze ip ask\u0131 uygulamas\u0131 \u00e7ok daha do\u011fal g\u00f6r\u00fcnen sonu\u00e7lar yaratan bir germe tekni\u011fidir. Ameliyat\u0131z y\u00fcze ip ask\u0131lama i\u015flemi ameliyat iplerinin kan\u00fcl yard\u0131m\u0131yla sarkan b\u00f6lgelere yerle\u015ftirilerek ask\u0131ya alma i\u015flemidir.<\/p>\n<p><strong>Y\u00fcze ip ask\u0131 uygulamalar\u0131 ne i\u00e7in kullan\u0131l\u0131r?<\/strong><\/p>\n<p><strong> Y\u00fcze ip ask\u0131 uygulamalar\u0131<\/strong> ile elde edilen en \u00f6nemli sonu\u00e7, y\u00fcz\u00fcn daha sa\u011fl\u0131kl\u0131 ve gen\u00e7 bir g\u00f6r\u00fcn\u00fcme kavu\u015fturulmas\u0131d\u0131r. <strong>Y\u00fcze ip ask\u0131 uygulamalar\u0131<\/strong> sayesinde \u015fu b\u00f6lge ve sorunlarda etkili neticeler al\u0131nmaktad\u0131r;<\/p>\n<ol>\n<li>Al\u0131n ve g\u00fcl\u00fc\u015f \u00e7izgilerinde<\/li>\n<li>Ka\u015f b\u00f6lgesi ile kaz ayaklar\u0131nda<\/li>\n<li>G\u00f6z\u00fcn alt k\u0131sm\u0131nda olu\u015fan torbalanmalarda<\/li>\n<li>\u00c7ene b\u00f6lgesinde olu\u015fan sarkmalarda<\/li>\n<li>Yanak b\u00f6lgelerinde<\/li>\n<li>G\u0131d\u0131 b\u00f6lgesi olarak adland\u0131r\u0131lan yerdeki sarkma olu\u015fumlar\u0131nda<\/li>\n<\/ol>\n<p><strong>Y\u00fcze ip ask\u0131 uygulamalar\u0131n\u0131n etkileri <\/strong><\/p>\n<p>Y\u00fcze ip ask\u0131 esteti\u011fi, daha h\u0131zl\u0131 ve g\u00fcvenli sonu\u00e7lar alabilece\u011finiz, \u00f6zellikle sarkan \u00e7ene ve yanak g\u00f6r\u00fcn\u00fcm\u00fc i\u00e7in olduk\u00e7a etkili bir i\u015flemdir. Bu y\u00f6ntem ile elastikiyeti kaybolmu\u015f cilt b\u00f6lgeleri gerginle\u015ftirilerek eski din\u00e7 g\u00f6r\u00fcn\u00fcm\u00fcne d\u00f6nd\u00fcr\u00fcl\u00fcr. Cildin alt y\u00fczeyine minimal d\u00fczeyde girilen bu y\u00f6ntem ile g\u00fczel sonu\u00e7lar al\u0131nabilmektedir. Ayr\u0131ca hastan\u0131n g\u00fcnl\u00fck ya\u015fant\u0131s\u0131nda d\u00f6nmesi \u00e7ok daha k\u0131sa s\u00fcrmektedir.<\/p>\n<p><strong>Y\u00fcze \u0130p Ask\u0131 Uygulamalar\u0131n\u0131n kimler i\u00e7in idealdir?<\/strong><\/p>\n<p>Bu uygulamalar, oturmu\u015f derin \u00e7izgilere sahip olmayan ve \u00e7ok yo\u011fun sarkmalar\u0131 olmayan hastalar i\u00e7in ideal bir y\u00f6ntemdir. Bu i\u015flem genellikle daha dinamik ve gen\u00e7 g\u00f6r\u00fcnmek isteyen ancak y\u00fcz hatt\u0131nda \u00e7ok ciddi elastikiyet kayb\u0131 ya\u015famam\u0131\u015f adaylarda daha olumlu sonu\u00e7lar verir.<\/p>\n<p><strong>Y\u00fcze \u0130p Ask\u0131 Uygulamalar\u0131 nas\u0131l ger\u00e7ekle\u015ftirilir? <\/strong><\/p>\n<p>Farkl\u0131 ip ask\u0131 \u00fcr\u00fcnleri olmas\u0131 nedeniyle i\u015flemler aras\u0131nda \u00e7e\u015fitli teknik farkl\u0131l\u0131klar olabilmektedir. \u0130p ile ask\u0131lamada ana ama\u00e7, sarkm\u0131\u015f dokular\u0131 daha sa\u011flam ve sarkma ihtimali olmayan referans bir alana ask\u0131lamakt\u0131r. \u0130ple y\u00fcz asma i\u015flemi lokal anestezi kullan\u0131larak ger\u00e7ekle\u015ftirilir ve i\u015flem sonras\u0131nda yat\u0131\u015f gerekmez.<\/p>\n<p><strong> \u0130yile\u015fme ve g\u00fcnl\u00fck hayata d\u00f6nme s\u00fcreci<\/strong><\/p>\n<p>\u00c7o\u011fu hasta hemen uygulama sonras\u0131nda g\u00fcnl\u00fck aktivitelerine d\u00f6nmektedir. Bu s\u00fcre zarf\u0131ndan \u00f6nce a\u011fz\u0131n \u00e7ok geni\u015f a\u00e7\u0131lmas\u0131 veya abart\u0131lm\u0131\u015f mimiklerin yap\u0131lmas\u0131ndan<\/p>\n<p><strong>NOT :\u00a0<\/strong>Sayfa i\u00e7eri\u011fi sadece bilgilendirme ama\u00e7l\u0131d\u0131r, tan\u0131 ve tedavi i\u00e7in mutlaka doktorunuza ba\u015fvurunuz.<\/p>\n\t\t<\/div>\n\t\t\t\t\t<\/div>\n\n\t\n<\/div>\n<p>\n","protected":false},"excerpt":{"rendered":"","protected":false},"author":1,"featured_media":0,"parent":0,"menu_order":0,"comment_status":"closed","ping_status":"closed","template":"page-blank-title-center.php","meta":{"footnotes":""},"class_list":["post-478","page","type-page","status-publish","hentry"],"yoast_head":"<!-- This site is optimized with the Yoast SEO plugin v26.4 - https:\/\/yoast.com\/wordpress\/plugins\/seo\/ -->\n<title>Y\u00fcze \u0130p Ask\u0131 Uygulamalar\u0131<\/title>\n<meta name=\"robots\" content=\"index, follow, max-snippet:-1, max-image-preview:large, max-video-preview:-1\" \/>\n<link rel=\"canonical\" href=\"https:\/\/caglayanyagmur.com.tr\/de\/ip-askilama-fransiz-aski\/\" \/>\n<meta property=\"og:locale\" content=\"de_DE\" \/>\n<meta property=\"og:locale:alternate\" content=\"tr_TR\" \/>\n<meta property=\"og:locale:alternate\" content=\"en_US\" \/>\n<meta property=\"og:type\" content=\"article\" \/>\n<meta property=\"og:title\" content=\"Y\u00fcze \u0130p Ask\u0131 Uygulamalar\u0131\" \/>\n<meta property=\"og:url\" content=\"https:\/\/caglayanyagmur.com.tr\/de\/ip-askilama-fransiz-aski\/\" \/>\n<meta property=\"og:site_name\" content=\"Do\u00e7. Dr. \u00c7a\u011flayan YA\u011eMUR\" \/>\n<meta property=\"article:publisher\" content=\"https:\/\/www.facebook.com\/drcaglayanyagmurestetik\/\" \/>\n<meta property=\"article:modified_time\" content=\"2024-08-17T14:38:30+00:00\" \/>\n<meta property=\"og:image\" content=\"https:\/\/caglayanyagmur.com.tr\/wp-content\/uploads\/2022\/02\/caglayan-yagmur-tanitim-videosu.png\" \/>\n\t<meta property=\"og:image:width\" content=\"1440\" \/>\n\t<meta property=\"og:image:height\" content=\"614\" \/>\n\t<meta property=\"og:image:type\" content=\"image\/png\" \/>\n<meta name=\"twitter:card\" content=\"summary_large_image\" \/>\n<meta name=\"twitter:label1\" content=\"Gesch\u00e4tzte Lesezeit\" \/>\n\t<meta name=\"twitter:data1\" content=\"4\u00a0Minuten\" \/>\n<script type=\"application\/ld+json\" class=\"yoast-schema-graph\">{\"@context\":\"https:\/\/schema.org\",\"@graph\":[{\"@type\":\"WebPage\",\"@id\":\"https:\/\/caglayanyagmur.com.tr\/ip-askilama-fransiz-aski\/\",\"url\":\"https:\/\/caglayanyagmur.com.tr\/ip-askilama-fransiz-aski\/\",\"name\":\"Y\u00fcze \u0130p Ask\u0131 Uygulamalar\u0131\",\"isPartOf\":{\"@id\":\"https:\/\/caglayanyagmur.com.tr\/#website\"},\"datePublished\":\"2019-06-03T11:55:22+00:00\",\"dateModified\":\"2024-08-17T14:38:30+00:00\",\"breadcrumb\":{\"@id\":\"https:\/\/caglayanyagmur.com.tr\/ip-askilama-fransiz-aski\/#breadcrumb\"},\"inLanguage\":\"de-DE\",\"potentialAction\":[{\"@type\":\"ReadAction\",\"target\":[\"https:\/\/caglayanyagmur.com.tr\/ip-askilama-fransiz-aski\/\"]}]},{\"@type\":\"BreadcrumbList\",\"@id\":\"https:\/\/caglayanyagmur.com.tr\/ip-askilama-fransiz-aski\/#breadcrumb\",\"itemListElement\":[{\"@type\":\"ListItem\",\"position\":1,\"name\":\"Ana sayfa\",\"item\":\"https:\/\/caglayanyagmur.com.tr\/\"},{\"@type\":\"ListItem\",\"position\":2,\"name\":\"Y\u00fcze \u0130p Ask\u0131 Uygulamalar\u0131\"}]},{\"@type\":\"WebSite\",\"@id\":\"https:\/\/caglayanyagmur.com.tr\/#website\",\"url\":\"https:\/\/caglayanyagmur.com.tr\/\",\"name\":\"Do\u00e7. Dr. \u00c7a\u011flayan YA\u011eMUR\",\"description\":\"Plastik ve Estetik Cerrahi Uzman\u0131\",\"publisher\":{\"@id\":\"https:\/\/caglayanyagmur.com.tr\/#organization\"},\"alternateName\":\"\u00c7a\u011flayan Ya\u011fmur\",\"potentialAction\":[{\"@type\":\"SearchAction\",\"target\":{\"@type\":\"EntryPoint\",\"urlTemplate\":\"https:\/\/caglayanyagmur.com.tr\/?s={search_term_string}\"},\"query-input\":{\"@type\":\"PropertyValueSpecification\",\"valueRequired\":true,\"valueName\":\"search_term_string\"}}],\"inLanguage\":\"de-DE\"},{\"@type\":\"Organization\",\"@id\":\"https:\/\/caglayanyagmur.com.tr\/#organization\",\"name\":\"Do\u00e7. Dr. \u00c7a\u011flayan YA\u011eMUR Muayenehanesi\",\"alternateName\":\"Estetik Cerrahi Klini\u011fi\",\"url\":\"https:\/\/caglayanyagmur.com.tr\/\",\"logo\":{\"@type\":\"ImageObject\",\"inLanguage\":\"de-DE\",\"@id\":\"https:\/\/caglayanyagmur.com.tr\/#\/schema\/logo\/image\/\",\"url\":\"https:\/\/caglayanyagmur.com.tr\/wp-content\/uploads\/2023\/03\/Doc-dr-caglayan-yagmur-4.png\",\"contentUrl\":\"https:\/\/caglayanyagmur.com.tr\/wp-content\/uploads\/2023\/03\/Doc-dr-caglayan-yagmur-4.png\",\"width\":693,\"height\":620,\"caption\":\"Do\u00e7. Dr. \u00c7a\u011flayan YA\u011eMUR Muayenehanesi\"},\"image\":{\"@id\":\"https:\/\/caglayanyagmur.com.tr\/#\/schema\/logo\/image\/\"},\"sameAs\":[\"https:\/\/www.facebook.com\/drcaglayanyagmurestetik\/\",\"https:\/\/www.instagram.com\/caglayanyagmurestetik\/\",\"https:\/\/www.linkedin.com\/in\/caglayan-yagmur-86592731\",\"https:\/\/www.youtube.com\/@caglayanyagmurestetik\"]}]}<\/script>\n<!-- \/ Yoast SEO plugin. -->","yoast_head_json":{"title":"Y\u00fcze \u0130p Ask\u0131 Uygulamalar\u0131","robots":{"index":"index","follow":"follow","max-snippet":"max-snippet:-1","max-image-preview":"max-image-preview:large","max-video-preview":"max-video-preview:-1"},"canonical":"https:\/\/caglayanyagmur.com.tr\/de\/ip-askilama-fransiz-aski\/","og_locale":"de_DE","og_type":"article","og_title":"[:tr]Y\u00fcze \u0130p Ask\u0131 Uygulamalar\u0131[:en]Thread Lift Applications[:] | Do\u00e7. Dr. \u00c7a\u011flayan YA\u011eMUR","og_url":"https:\/\/caglayanyagmur.com.tr\/de\/ip-askilama-fransiz-aski\/","og_site_name":"Do\u00e7. Dr. \u00c7a\u011flayan YA\u011eMUR","article_publisher":"https:\/\/www.facebook.com\/drcaglayanyagmurestetik\/","article_modified_time":"2024-08-17T14:38:30+00:00","og_image":[{"width":1440,"height":614,"url":"https:\/\/caglayanyagmur.com.tr\/wp-content\/uploads\/2022\/02\/caglayan-yagmur-tanitim-videosu.png","type":"image\/png"}],"twitter_card":"summary_large_image","twitter_misc":{"Gesch\u00e4tzte Lesezeit":"4\u00a0Minuten"},"schema":{"@context":"https:\/\/schema.org","@graph":[{"@type":"WebPage","@id":"https:\/\/caglayanyagmur.com.tr\/ip-askilama-fransiz-aski\/","url":"https:\/\/caglayanyagmur.com.tr\/ip-askilama-fransiz-aski\/","name":"Y\u00fcze \u0130p Ask\u0131 Uygulamalar\u0131","isPartOf":{"@id":"https:\/\/caglayanyagmur.com.tr\/#website"},"datePublished":"2019-06-03T11:55:22+00:00","dateModified":"2024-08-17T14:38:30+00:00","breadcrumb":{"@id":"https:\/\/caglayanyagmur.com.tr\/ip-askilama-fransiz-aski\/#breadcrumb"},"inLanguage":"de-DE","potentialAction":[{"@type":"ReadAction","target":["https:\/\/caglayanyagmur.com.tr\/ip-askilama-fransiz-aski\/"]}]},{"@type":"BreadcrumbList","@id":"https:\/\/caglayanyagmur.com.tr\/ip-askilama-fransiz-aski\/#breadcrumb","itemListElement":[{"@type":"ListItem","position":1,"name":"Ana sayfa","item":"https:\/\/caglayanyagmur.com.tr\/"},{"@type":"ListItem","position":2,"name":"Y\u00fcze \u0130p Ask\u0131 Uygulamalar\u0131"}]},{"@type":"WebSite","@id":"https:\/\/caglayanyagmur.com.tr\/#website","url":"https:\/\/caglayanyagmur.com.tr\/","name":"Do\u00e7. Dr. \u00c7a\u011flayan YA\u011eMUR","description":"Plastik ve Estetik Cerrahi Uzman\u0131","publisher":{"@id":"https:\/\/caglayanyagmur.com.tr\/#organization"},"alternateName":"\u00c7a\u011flayan Ya\u011fmur","potentialAction":[{"@type":"SearchAction","target":{"@type":"EntryPoint","urlTemplate":"https:\/\/caglayanyagmur.com.tr\/?s={search_term_string}"},"query-input":{"@type":"PropertyValueSpecification","valueRequired":true,"valueName":"search_term_string"}}],"inLanguage":"de-DE"},{"@type":"Organization","@id":"https:\/\/caglayanyagmur.com.tr\/#organization","name":"Do\u00e7. Dr. \u00c7a\u011flayan YA\u011eMUR Muayenehanesi","alternateName":"Estetik Cerrahi Klini\u011fi","url":"https:\/\/caglayanyagmur.com.tr\/","logo":{"@type":"ImageObject","inLanguage":"de-DE","@id":"https:\/\/caglayanyagmur.com.tr\/#\/schema\/logo\/image\/","url":"https:\/\/caglayanyagmur.com.tr\/wp-content\/uploads\/2023\/03\/Doc-dr-caglayan-yagmur-4.png","contentUrl":"https:\/\/caglayanyagmur.com.tr\/wp-content\/uploads\/2023\/03\/Doc-dr-caglayan-yagmur-4.png","width":693,"height":620,"caption":"Do\u00e7. Dr. \u00c7a\u011flayan YA\u011eMUR Muayenehanesi"},"image":{"@id":"https:\/\/caglayanyagmur.com.tr\/#\/schema\/logo\/image\/"},"sameAs":["https:\/\/www.facebook.com\/drcaglayanyagmurestetik\/","https:\/\/www.instagram.com\/caglayanyagmurestetik\/","https:\/\/www.linkedin.com\/in\/caglayan-yagmur-86592731","https:\/\/www.youtube.com\/@caglayanyagmurestetik"]}]}},"_links":{"self":[{"href":"https:\/\/caglayanyagmur.com.tr\/de\/wp-json\/wp\/v2\/pages\/478","targetHints":{"allow":["GET"]}}],"collection":[{"href":"https:\/\/caglayanyagmur.com.tr\/de\/wp-json\/wp\/v2\/pages"}],"about":[{"href":"https:\/\/caglayanyagmur.com.tr\/de\/wp-json\/wp\/v2\/types\/page"}],"author":[{"embeddable":true,"href":"https:\/\/caglayanyagmur.com.tr\/de\/wp-json\/wp\/v2\/users\/1"}],"replies":[{"embeddable":true,"href":"https:\/\/caglayanyagmur.com.tr\/de\/wp-json\/wp\/v2\/comments?post=478"}],"version-history":[{"count":19,"href":"https:\/\/caglayanyagmur.com.tr\/de\/wp-json\/wp\/v2\/pages\/478\/revisions"}],"predecessor-version":[{"id":840,"href":"https:\/\/caglayanyagmur.com.tr\/de\/wp-json\/wp\/v2\/pages\/478\/revisions\/840"}],"wp:attachment":[{"href":"https:\/\/caglayanyagmur.com.tr\/de\/wp-json\/wp\/v2\/media?parent=478"}],"curies":[{"name":"wp","href":"https:\/\/api.w.org\/{rel}","templated":true}]}}