{"id":476,"date":"2019-06-03T14:54:59","date_gmt":"2019-06-03T11:54:59","guid":{"rendered":"http:\/\/www.ecdmedya.com\/demo2\/?page_id=476"},"modified":"2024-08-17T17:33:47","modified_gmt":"2024-08-17T14:33:47","slug":"cilt-temizleme-ve-yenileme","status":"publish","type":"page","link":"https:\/\/caglayanyagmur.com.tr\/de\/cilt-temizleme-ve-yenileme\/","title":{"rendered":"Cilt Temizleme ve Yenileme"},"content":{"rendered":"<\/p>\n<div class=\"row align-center\"  id=\"row-557283906\">\n\n\t<div id=\"col-352436368\" class=\"col medium-11 small-11 large-11\"  >\n\t\t\t\t<div class=\"col-inner\"  >\n\t\t\t\n\t\t\t\n\t<div class=\"img has-hover x md-x lg-x y md-y lg-y\" id=\"image_979543039\">\n\t\t\t\t\t\t\t\t<div class=\"img-inner image-color dark\" >\n\t\t\t<img decoding=\"async\" width=\"1000\" height=\"500\" src=\"https:\/\/caglayanyagmur.com.tr\/wp-content\/uploads\/2022\/11\/cilt-yenileme-ve-temizleme-samsun.webp\" class=\"attachment-large size-large\" alt=\"\" srcset=\"https:\/\/caglayanyagmur.com.tr\/wp-content\/uploads\/2022\/11\/cilt-yenileme-ve-temizleme-samsun.webp 1000w, https:\/\/caglayanyagmur.com.tr\/wp-content\/uploads\/2022\/11\/cilt-yenileme-ve-temizleme-samsun-800x400.webp 800w, https:\/\/caglayanyagmur.com.tr\/wp-content\/uploads\/2022\/11\/cilt-yenileme-ve-temizleme-samsun-768x384.webp 768w\" sizes=\"(max-width: 1000px) 100vw, 1000px\" \/>\t\t\t\t\t\t\n\t\t\t\t\t<\/div>\n\t\t\t\t\t\t\t\t\n<style>\n#image_979543039 {\n  width: 100%;\n}\n<\/style>\n\t<\/div>\n\t\n\t\t<\/div>\n\t\t\t\t\t<\/div>\n\n\t\n\n\t<div id=\"col-390448212\" class=\"col medium-11 small-12 large-11\"  >\n\t\t\t\t<div class=\"col-inner\"  >\n\t\t\t\n\t\t\t\n<p><strong>Cilt temizleme ve yenileme<\/strong> i\u015flemi, cildin sa\u011fl\u0131kl\u0131 bir yap\u0131ya sahip olmas\u0131 ve gen\u00e7 bir g\u00f6r\u00fcn\u00fcme kavu\u015fmas\u0131 i\u00e7in ilk ad\u0131m olarak kabul edilmektedir. Klasik y\u00f6ntemlerle uygulanan cilt temizleme i\u015flemleri, cildi sadece y\u00fczeysel olarak temizlemekte, esas sorunun olu\u015ftu\u011fu b\u00f6lgelere etki etmemektedir. Ancak \u00f6zel cihaz ve sol\u00fcsyonlar kullanarak ger\u00e7ekle\u015ftirilen<strong> cilt temizleme ve yenileme<\/strong> y\u00f6ntemleri ile cilt derinlemesine temizlemekte, daha canl\u0131 ve s\u0131k\u0131 bir g\u00f6r\u00fcn\u00fcme sahip olmaktad\u0131r.<\/p>\n<p><strong>Cilt temizleme ve yenileme i\u015flemlerinin safhalar\u0131 nelerdir?<\/strong><\/p>\n<p><strong> Cilt temizleme ve yenileme<\/strong> i\u015flemleri ile etkili sonu\u00e7lar elde etmek i\u00e7in, ger\u00e7ekle\u015ftirilecek safhalar\u0131n belirli bir s\u0131ra ile yap\u0131lmas\u0131 gerekmektedir. Uygulanacak her a\u015faman\u0131n ba\u015far\u0131s\u0131, bir sonraki a\u015faman\u0131n neticesine do\u011frudan etki etmektedir.<strong> Cilt temizleme ve yenileme<\/strong> i\u015flemlerinde \u015fu ad\u0131mlar uygulanmaktad\u0131r;<\/p>\n<ol>\n<li>Cildin yap\u0131s\u0131na uygun \u00f6zelliklerde ve cildin derinlemesine temizli\u011fini sa\u011flayan temizleyiciler ile cildin temizlenmesi\u00a0<\/li>\n<li>Cildin buhar makineleri ile yumu\u015fat\u0131lmas\u0131 ve g\u00f6zeneklerinin a\u00e7\u0131lmas\u0131<\/li>\n<li>Peeling \u00f6zellikli vakum cihazlar\u0131 ile derinli\u011fine g\u00f6zenek temizli\u011finin yap\u0131lmas\u0131<\/li>\n<li>Besleyici ve rahatlat\u0131c\u0131 kremler ile masaj yap\u0131lmas\u0131\u00a0<\/li>\n<li>\u00d6zel tasarlanm\u0131\u015f cihazlar vas\u0131tas\u0131 ile cildin dezenfekte edilmesi<\/li>\n<li>Bas\u0131n\u00e7l\u0131 hava masaj\u0131 (lenf ve kan dola\u015f\u0131m\u0131n\u0131 sa\u011flamak i\u00e7in)<\/li>\n<li>Cihazlar\u0131n ve cilt maskelerini kullanarak, ciltteki \u00f6l\u00fc derinin soyulmas\u0131<\/li>\n<li>Bak\u0131m ve koruyucu kremlerin uygulanmas\u0131<\/li>\n<\/ol>\n<p><strong>11 probleme tek \u00e7\u00f6z\u00fcm<\/strong><\/p>\n<ul>\n<li>\u00a0Siyah nokta tedavisi<\/li>\n<li>Total cilt bak\u0131m\u0131<\/li>\n<li>Cildin elastikiyetini artt\u0131rma<\/li>\n<li>Cilt tonu d\u00fczensizlikleri<\/li>\n<li>Cildin nemlendirilmesi<\/li>\n<li>Geni\u015flemi\u015f ve t\u0131kal\u0131 g\u00f6zenek tedavisi<\/li>\n<li>Sebum dengelenmesi (ya\u011fl\u0131 cilt)<\/li>\n<li>\u0130nce \u00e7izgiler ve k\u0131r\u0131\u015f\u0131kl\u0131klar\u0131n tedavisi<\/li>\n<li>Leke tedavisi<\/li>\n<li>Cildin canland\u0131r\u0131lmas\u0131<\/li>\n<\/ul>\n<p><strong>Sivilce tedavisi uygulama sonras\u0131 nelere dikkat edilmelidir?<\/strong><\/p>\n<p>Uygulama sonras\u0131nda \u00f6zel bir bak\u0131m gerekmemektedir. Dikkat edilmesi gereken tek nokta ilk g\u00fcn y\u00fcz\u00fcn y\u0131kanmamas\u0131d\u0131r. \u0130lk g\u00fcn y\u00fcze hi\u00e7bir \u015fey s\u00fcr\u00fclmemesi gerekir. Bak\u0131m sonras\u0131 ki\u015fi i\u015f ve sosyal ya\u015fam\u0131na hemen d\u00f6nebilir, isterse makyaj da yapabilir. Ancak bak\u0131m sonras\u0131 g\u00f6r\u00fcyoruz ki; elde edilen sonu\u00e7 problemsiz ve canl\u0131 bir cilt oldu\u011fu i\u00e7in kimse makyaj yapmaya gerek duymamaktad\u0131r.<\/p>\n<p><strong>NOT :\u00a0 <\/strong>Sayfa i\u00e7eri\u011fi sadece bilgilendirme ama\u00e7l\u0131d\u0131r, tan\u0131 ve tedavi i\u00e7in mutlaka doktorunuza ba\u015fvurunuz.<\/p>\n\t\t<\/div>\n\t\t\t\t\t<\/div>\n\n\t\n<\/div>\n<p>\n","protected":false},"excerpt":{"rendered":"","protected":false},"author":1,"featured_media":0,"parent":0,"menu_order":0,"comment_status":"closed","ping_status":"closed","template":"page-blank-title-center.php","meta":{"footnotes":""},"class_list":["post-476","page","type-page","status-publish","hentry"],"yoast_head":"<!-- This site is optimized with the Yoast SEO plugin v26.4 - https:\/\/yoast.com\/wordpress\/plugins\/seo\/ -->\n<title>Cilt Temizleme ve Yenileme<\/title>\n<meta name=\"robots\" content=\"index, follow, max-snippet:-1, max-image-preview:large, max-video-preview:-1\" \/>\n<link rel=\"canonical\" href=\"https:\/\/caglayanyagmur.com.tr\/de\/cilt-temizleme-ve-yenileme\/\" \/>\n<meta property=\"og:locale\" content=\"de_DE\" \/>\n<meta property=\"og:locale:alternate\" content=\"tr_TR\" \/>\n<meta property=\"og:locale:alternate\" content=\"en_US\" \/>\n<meta property=\"og:type\" content=\"article\" \/>\n<meta property=\"og:title\" content=\"Cilt Temizleme ve Yenileme\" \/>\n<meta property=\"og:url\" content=\"https:\/\/caglayanyagmur.com.tr\/de\/cilt-temizleme-ve-yenileme\/\" \/>\n<meta property=\"og:site_name\" content=\"Do\u00e7. Dr. \u00c7a\u011flayan YA\u011eMUR\" \/>\n<meta property=\"article:publisher\" content=\"https:\/\/www.facebook.com\/drcaglayanyagmurestetik\/\" \/>\n<meta property=\"article:modified_time\" content=\"2024-08-17T14:33:47+00:00\" \/>\n<meta property=\"og:image\" content=\"https:\/\/caglayanyagmur.com.tr\/wp-content\/uploads\/2022\/02\/caglayan-yagmur-tanitim-videosu.png\" \/>\n\t<meta property=\"og:image:width\" content=\"1440\" \/>\n\t<meta property=\"og:image:height\" content=\"614\" \/>\n\t<meta property=\"og:image:type\" content=\"image\/png\" \/>\n<meta name=\"twitter:card\" content=\"summary_large_image\" \/>\n<meta name=\"twitter:label1\" content=\"Gesch\u00e4tzte Lesezeit\" \/>\n\t<meta name=\"twitter:data1\" content=\"4\u00a0Minuten\" \/>\n<script type=\"application\/ld+json\" class=\"yoast-schema-graph\">{\"@context\":\"https:\/\/schema.org\",\"@graph\":[{\"@type\":\"WebPage\",\"@id\":\"https:\/\/caglayanyagmur.com.tr\/cilt-temizleme-ve-yenileme\/\",\"url\":\"https:\/\/caglayanyagmur.com.tr\/cilt-temizleme-ve-yenileme\/\",\"name\":\"Cilt Temizleme ve Yenileme\",\"isPartOf\":{\"@id\":\"https:\/\/caglayanyagmur.com.tr\/#website\"},\"datePublished\":\"2019-06-03T11:54:59+00:00\",\"dateModified\":\"2024-08-17T14:33:47+00:00\",\"breadcrumb\":{\"@id\":\"https:\/\/caglayanyagmur.com.tr\/cilt-temizleme-ve-yenileme\/#breadcrumb\"},\"inLanguage\":\"de-DE\",\"potentialAction\":[{\"@type\":\"ReadAction\",\"target\":[\"https:\/\/caglayanyagmur.com.tr\/cilt-temizleme-ve-yenileme\/\"]}]},{\"@type\":\"BreadcrumbList\",\"@id\":\"https:\/\/caglayanyagmur.com.tr\/cilt-temizleme-ve-yenileme\/#breadcrumb\",\"itemListElement\":[{\"@type\":\"ListItem\",\"position\":1,\"name\":\"Ana sayfa\",\"item\":\"https:\/\/caglayanyagmur.com.tr\/\"},{\"@type\":\"ListItem\",\"position\":2,\"name\":\"Cilt Temizleme ve Yenileme\"}]},{\"@type\":\"WebSite\",\"@id\":\"https:\/\/caglayanyagmur.com.tr\/#website\",\"url\":\"https:\/\/caglayanyagmur.com.tr\/\",\"name\":\"Do\u00e7. Dr. \u00c7a\u011flayan YA\u011eMUR\",\"description\":\"Plastik ve Estetik Cerrahi Uzman\u0131\",\"publisher\":{\"@id\":\"https:\/\/caglayanyagmur.com.tr\/#organization\"},\"alternateName\":\"\u00c7a\u011flayan Ya\u011fmur\",\"potentialAction\":[{\"@type\":\"SearchAction\",\"target\":{\"@type\":\"EntryPoint\",\"urlTemplate\":\"https:\/\/caglayanyagmur.com.tr\/?s={search_term_string}\"},\"query-input\":{\"@type\":\"PropertyValueSpecification\",\"valueRequired\":true,\"valueName\":\"search_term_string\"}}],\"inLanguage\":\"de-DE\"},{\"@type\":\"Organization\",\"@id\":\"https:\/\/caglayanyagmur.com.tr\/#organization\",\"name\":\"Do\u00e7. Dr. \u00c7a\u011flayan YA\u011eMUR Muayenehanesi\",\"alternateName\":\"Estetik Cerrahi Klini\u011fi\",\"url\":\"https:\/\/caglayanyagmur.com.tr\/\",\"logo\":{\"@type\":\"ImageObject\",\"inLanguage\":\"de-DE\",\"@id\":\"https:\/\/caglayanyagmur.com.tr\/#\/schema\/logo\/image\/\",\"url\":\"https:\/\/caglayanyagmur.com.tr\/wp-content\/uploads\/2023\/03\/Doc-dr-caglayan-yagmur-4.png\",\"contentUrl\":\"https:\/\/caglayanyagmur.com.tr\/wp-content\/uploads\/2023\/03\/Doc-dr-caglayan-yagmur-4.png\",\"width\":693,\"height\":620,\"caption\":\"Do\u00e7. Dr. \u00c7a\u011flayan YA\u011eMUR Muayenehanesi\"},\"image\":{\"@id\":\"https:\/\/caglayanyagmur.com.tr\/#\/schema\/logo\/image\/\"},\"sameAs\":[\"https:\/\/www.facebook.com\/drcaglayanyagmurestetik\/\",\"https:\/\/www.instagram.com\/caglayanyagmurestetik\/\",\"https:\/\/www.linkedin.com\/in\/caglayan-yagmur-86592731\",\"https:\/\/www.youtube.com\/@caglayanyagmurestetik\"]}]}<\/script>\n<!-- \/ Yoast SEO plugin. -->","yoast_head_json":{"title":"Cilt Temizleme ve Yenileme","robots":{"index":"index","follow":"follow","max-snippet":"max-snippet:-1","max-image-preview":"max-image-preview:large","max-video-preview":"max-video-preview:-1"},"canonical":"https:\/\/caglayanyagmur.com.tr\/de\/cilt-temizleme-ve-yenileme\/","og_locale":"de_DE","og_type":"article","og_title":"[:tr]Cilt Temizleme ve Yenileme[:en]Skin Cleansing and Skin Renewal[:] | Do\u00e7. Dr. \u00c7a\u011flayan YA\u011eMUR","og_url":"https:\/\/caglayanyagmur.com.tr\/de\/cilt-temizleme-ve-yenileme\/","og_site_name":"Do\u00e7. Dr. \u00c7a\u011flayan YA\u011eMUR","article_publisher":"https:\/\/www.facebook.com\/drcaglayanyagmurestetik\/","article_modified_time":"2024-08-17T14:33:47+00:00","og_image":[{"width":1440,"height":614,"url":"https:\/\/caglayanyagmur.com.tr\/wp-content\/uploads\/2022\/02\/caglayan-yagmur-tanitim-videosu.png","type":"image\/png"}],"twitter_card":"summary_large_image","twitter_misc":{"Gesch\u00e4tzte Lesezeit":"4\u00a0Minuten"},"schema":{"@context":"https:\/\/schema.org","@graph":[{"@type":"WebPage","@id":"https:\/\/caglayanyagmur.com.tr\/cilt-temizleme-ve-yenileme\/","url":"https:\/\/caglayanyagmur.com.tr\/cilt-temizleme-ve-yenileme\/","name":"Cilt Temizleme ve Yenileme","isPartOf":{"@id":"https:\/\/caglayanyagmur.com.tr\/#website"},"datePublished":"2019-06-03T11:54:59+00:00","dateModified":"2024-08-17T14:33:47+00:00","breadcrumb":{"@id":"https:\/\/caglayanyagmur.com.tr\/cilt-temizleme-ve-yenileme\/#breadcrumb"},"inLanguage":"de-DE","potentialAction":[{"@type":"ReadAction","target":["https:\/\/caglayanyagmur.com.tr\/cilt-temizleme-ve-yenileme\/"]}]},{"@type":"BreadcrumbList","@id":"https:\/\/caglayanyagmur.com.tr\/cilt-temizleme-ve-yenileme\/#breadcrumb","itemListElement":[{"@type":"ListItem","position":1,"name":"Ana sayfa","item":"https:\/\/caglayanyagmur.com.tr\/"},{"@type":"ListItem","position":2,"name":"Cilt Temizleme ve Yenileme"}]},{"@type":"WebSite","@id":"https:\/\/caglayanyagmur.com.tr\/#website","url":"https:\/\/caglayanyagmur.com.tr\/","name":"Do\u00e7. Dr. \u00c7a\u011flayan YA\u011eMUR","description":"Plastik ve Estetik Cerrahi Uzman\u0131","publisher":{"@id":"https:\/\/caglayanyagmur.com.tr\/#organization"},"alternateName":"\u00c7a\u011flayan Ya\u011fmur","potentialAction":[{"@type":"SearchAction","target":{"@type":"EntryPoint","urlTemplate":"https:\/\/caglayanyagmur.com.tr\/?s={search_term_string}"},"query-input":{"@type":"PropertyValueSpecification","valueRequired":true,"valueName":"search_term_string"}}],"inLanguage":"de-DE"},{"@type":"Organization","@id":"https:\/\/caglayanyagmur.com.tr\/#organization","name":"Do\u00e7. Dr. \u00c7a\u011flayan YA\u011eMUR Muayenehanesi","alternateName":"Estetik Cerrahi Klini\u011fi","url":"https:\/\/caglayanyagmur.com.tr\/","logo":{"@type":"ImageObject","inLanguage":"de-DE","@id":"https:\/\/caglayanyagmur.com.tr\/#\/schema\/logo\/image\/","url":"https:\/\/caglayanyagmur.com.tr\/wp-content\/uploads\/2023\/03\/Doc-dr-caglayan-yagmur-4.png","contentUrl":"https:\/\/caglayanyagmur.com.tr\/wp-content\/uploads\/2023\/03\/Doc-dr-caglayan-yagmur-4.png","width":693,"height":620,"caption":"Do\u00e7. Dr. \u00c7a\u011flayan YA\u011eMUR Muayenehanesi"},"image":{"@id":"https:\/\/caglayanyagmur.com.tr\/#\/schema\/logo\/image\/"},"sameAs":["https:\/\/www.facebook.com\/drcaglayanyagmurestetik\/","https:\/\/www.instagram.com\/caglayanyagmurestetik\/","https:\/\/www.linkedin.com\/in\/caglayan-yagmur-86592731","https:\/\/www.youtube.com\/@caglayanyagmurestetik"]}]}},"_links":{"self":[{"href":"https:\/\/caglayanyagmur.com.tr\/de\/wp-json\/wp\/v2\/pages\/476","targetHints":{"allow":["GET"]}}],"collection":[{"href":"https:\/\/caglayanyagmur.com.tr\/de\/wp-json\/wp\/v2\/pages"}],"about":[{"href":"https:\/\/caglayanyagmur.com.tr\/de\/wp-json\/wp\/v2\/types\/page"}],"author":[{"embeddable":true,"href":"https:\/\/caglayanyagmur.com.tr\/de\/wp-json\/wp\/v2\/users\/1"}],"replies":[{"embeddable":true,"href":"https:\/\/caglayanyagmur.com.tr\/de\/wp-json\/wp\/v2\/comments?post=476"}],"version-history":[{"count":30,"href":"https:\/\/caglayanyagmur.com.tr\/de\/wp-json\/wp\/v2\/pages\/476\/revisions"}],"predecessor-version":[{"id":3437,"href":"https:\/\/caglayanyagmur.com.tr\/de\/wp-json\/wp\/v2\/pages\/476\/revisions\/3437"}],"wp:attachment":[{"href":"https:\/\/caglayanyagmur.com.tr\/de\/wp-json\/wp\/v2\/media?parent=476"}],"curies":[{"name":"wp","href":"https:\/\/api.w.org\/{rel}","templated":true}]}}