{"id":474,"date":"2019-06-03T14:54:24","date_gmt":"2019-06-03T11:54:24","guid":{"rendered":"http:\/\/www.ecdmedya.com\/demo2\/?page_id=474"},"modified":"2024-08-17T17:34:38","modified_gmt":"2024-08-17T14:34:38","slug":"dolgu-uygulamalari","status":"publish","type":"page","link":"https:\/\/caglayanyagmur.com.tr\/de\/dolgu-uygulamalari\/","title":{"rendered":"Dolgu Uygulamalar\u0131"},"content":{"rendered":"<\/p>\n<div class=\"row align-center\"  id=\"row-428345384\">\n\n\t<div id=\"col-986665560\" class=\"col medium-11 small-11 large-11\"  >\n\t\t\t\t<div class=\"col-inner\"  >\n\t\t\t\n\t\t\t\n\t<div class=\"img has-hover x md-x lg-x y md-y lg-y\" id=\"image_1986968236\">\n\t\t\t\t\t\t\t\t<div class=\"img-inner image-color dark\" >\n\t\t\t<img decoding=\"async\" width=\"1000\" height=\"500\" src=\"https:\/\/caglayanyagmur.com.tr\/wp-content\/uploads\/2022\/11\/dolgu-uygulamalari.webp\" class=\"attachment-large size-large\" alt=\"\" srcset=\"https:\/\/caglayanyagmur.com.tr\/wp-content\/uploads\/2022\/11\/dolgu-uygulamalari.webp 1000w, https:\/\/caglayanyagmur.com.tr\/wp-content\/uploads\/2022\/11\/dolgu-uygulamalari-800x400.webp 800w, https:\/\/caglayanyagmur.com.tr\/wp-content\/uploads\/2022\/11\/dolgu-uygulamalari-768x384.webp 768w\" sizes=\"(max-width: 1000px) 100vw, 1000px\" \/>\t\t\t\t\t\t\n\t\t\t\t\t<\/div>\n\t\t\t\t\t\t\t\t\n<style>\n#image_1986968236 {\n  width: 100%;\n}\n<\/style>\n\t<\/div>\n\t\n\t\t<\/div>\n\t\t\t\t\t<\/div>\n\n\t\n\n\t<div id=\"col-1783766374\" class=\"col medium-11 small-12 large-11\"  >\n\t\t\t\t<div class=\"col-inner\"  >\n\t\t\t\n\t\t\t\n<p>Dolgu uygulamalar\u0131, genellikle y\u00fcz b\u00f6lgesinde olu\u015fan hacim kay\u0131plar\u0131n\u0131n ve k\u0131r\u0131\u015f\u0131kl\u0131klar\u0131n giderilmesi i\u00e7in yap\u0131lan estetik m\u00fcdahalelerdir. <strong>Dolgu uygulamalar\u0131<\/strong> ile daha gen\u00e7 ve sa\u011fl\u0131kl\u0131 bir g\u00f6r\u00fcn\u00fcme sahip olmak m\u00fcmk\u00fcn. Sorunlu cilt b\u00f6lgesinin deri alan\u0131na yap\u0131lan bu uygulama, ameliyats\u0131z ve \u00e7ok k\u0131sa s\u00fcrede etki g\u00f6sterdi\u011finden tercih edilmektedir.<\/p>\n<p><strong>Dolgu uygulamalar\u0131n\u0131n kullan\u0131ld\u0131\u011f\u0131 alanlar nerelerdir? <\/strong><\/p>\n<p><strong>Dolgu uygulamalar\u0131<\/strong> dudak, \u00e7ene, burun, al\u0131n, boyun ve g\u00f6zalt\u0131 gibi bir\u00e7ok b\u00f6lgede kullan\u0131lmaktad\u0131r. Dolgu uygulamalar\u0131 ile a\u015fa\u011f\u0131daki problemler giderilebilmektedir;<\/p>\n<ol>\n<li>\u00c7ene, a\u011f\u0131z ve burun b\u00f6lgelerinde bulunan \u00e7ukurluklar\u0131n giderilmesi<\/li>\n<li>Dudaklar\u0131 dolgunla\u015ft\u0131rarak, daha belirgin olmalar\u0131n\u0131 sa\u011flamak<\/li>\n<li>Dudaklardaki simetrik olmayan k\u0131s\u0131mlar\u0131n d\u00fczeltilmesi<\/li>\n<li>Dudak \u00e7evresi k\u0131r\u0131\u015fmalar\u0131 azaltmak<\/li>\n<li>Yanak, elmac\u0131k kemi\u011fi, \u00e7ene ve al\u0131n b\u00f6lgelerinin dolgunla\u015fmas\u0131n\u0131 sa\u011flamak<\/li>\n<li>G\u00f6z alt\u0131nda olu\u015fan \u00e7ukurluklar\u0131n giderilmesi<\/li>\n<li>Yara ve akne sonras\u0131 olu\u015fan \u00e7ukurluklar\u0131n giderilmesi<\/li>\n<li>\u0130ki ka\u015f\u0131n aras\u0131nda ve al\u0131nda meydana gelen k\u0131r\u0131\u015f\u0131klar\u0131n azalt\u0131lmas\u0131<\/li>\n<li>Boyun b\u00f6lgesinde olu\u015fan k\u0131r\u0131\u015f\u0131kl\u0131klar\u0131n giderilmesi\u00a0<\/li>\n<li>Dudak kenarlar\u0131ndan burun kanatlar\u0131na do\u011fru uzanan \u00e7izgiler ( Nazolabial \u00e7izgiler)<\/li>\n<\/ol>\n<p><strong> Dolgu uygulamalar\u0131 kal\u0131c\u0131 m\u0131d\u0131r?<\/strong><\/p>\n<p>Haz\u0131r dolgu uygulamalar\u0131 kal\u0131c\u0131 de\u011fildir. Estetik dolgu uygulamalar\u0131n\u0131n kal\u0131c\u0131l\u0131\u011f\u0131, uygulanan ki\u015fiye, uygulay\u0131c\u0131ya, uygulanan b\u00f6lgeye ve kullan\u0131lan dolgu maddesine g\u00f6re de\u011fi\u015fiklik g\u00f6stermektedir. G\u00fcn\u00fcm\u00fcz estetik cerrahi prati\u011finde piyasada sat\u0131lan bir kal\u0131c\u0131 haz\u0131r dolgu \u00fcr\u00fcn\u00fc bulunmamaktad\u0131r.<\/p>\n<p><strong>Estetik dolgu uygulamas\u0131 sonras\u0131 \u00f6neriler <\/strong><\/p>\n<p>Uygulama sonras\u0131 dolgu yap\u0131lan b\u00f6lgeye 1 hafta s\u00fcreyle masaj yap\u0131lmamal\u0131d\u0131r. Dudak dolgular\u0131nda uygulama sonras\u0131nda ki ilk 2 g\u00fcn dudaklar\u0131n\u0131z\u0131 b\u00fczmemeye \u00e7al\u0131\u015fmal\u0131s\u0131n\u0131z. Dolgu sonras\u0131nda olu\u015fan k\u0131zar\u0131kl\u0131k tamamen ge\u00e7ene kadar uygulama yap\u0131lan b\u00f6lge a\u015f\u0131r\u0131 s\u0131caktan(Sauna, g\u00fcne\u015f) ve a\u015f\u0131r\u0131 so\u011fuktan korunmal\u0131d\u0131r.<\/p>\n<p><strong>NOT :\u00a0 <\/strong>Sayfa i\u00e7eri\u011fi sadece bilgilendirme ama\u00e7l\u0131d\u0131r, tan\u0131 ve tedavi i\u00e7in mutlaka doktorunuza ba\u015fvurunuz.<\/p>\n\t\t<\/div>\n\t\t\t\t\t<\/div>\n\n\t\n<\/div>\n<p>\n","protected":false},"excerpt":{"rendered":"","protected":false},"author":1,"featured_media":0,"parent":0,"menu_order":0,"comment_status":"closed","ping_status":"closed","template":"page-blank-title-center.php","meta":{"footnotes":""},"class_list":["post-474","page","type-page","status-publish","hentry"],"yoast_head":"<!-- This site is optimized with the Yoast SEO plugin v26.4 - https:\/\/yoast.com\/wordpress\/plugins\/seo\/ -->\n<title>Dolgu Uygulamalar\u0131<\/title>\n<meta name=\"robots\" content=\"index, follow, max-snippet:-1, max-image-preview:large, max-video-preview:-1\" \/>\n<link rel=\"canonical\" href=\"https:\/\/caglayanyagmur.com.tr\/de\/dolgu-uygulamalari\/\" \/>\n<meta property=\"og:locale\" content=\"de_DE\" \/>\n<meta property=\"og:locale:alternate\" content=\"tr_TR\" \/>\n<meta property=\"og:locale:alternate\" content=\"en_US\" \/>\n<meta property=\"og:type\" content=\"article\" \/>\n<meta property=\"og:title\" content=\"Dolgu Uygulamalar\u0131\" \/>\n<meta property=\"og:url\" content=\"https:\/\/caglayanyagmur.com.tr\/de\/dolgu-uygulamalari\/\" \/>\n<meta property=\"og:site_name\" content=\"Do\u00e7. Dr. \u00c7a\u011flayan YA\u011eMUR\" \/>\n<meta property=\"article:publisher\" content=\"https:\/\/www.facebook.com\/drcaglayanyagmurestetik\/\" \/>\n<meta property=\"article:modified_time\" content=\"2024-08-17T14:34:38+00:00\" \/>\n<meta property=\"og:image\" content=\"https:\/\/caglayanyagmur.com.tr\/wp-content\/uploads\/2022\/02\/caglayan-yagmur-tanitim-videosu.png\" \/>\n\t<meta property=\"og:image:width\" content=\"1440\" \/>\n\t<meta property=\"og:image:height\" content=\"614\" \/>\n\t<meta property=\"og:image:type\" content=\"image\/png\" \/>\n<meta name=\"twitter:card\" content=\"summary_large_image\" \/>\n<meta name=\"twitter:label1\" content=\"Gesch\u00e4tzte Lesezeit\" \/>\n\t<meta name=\"twitter:data1\" content=\"4\u00a0Minuten\" \/>\n<script type=\"application\/ld+json\" class=\"yoast-schema-graph\">{\"@context\":\"https:\/\/schema.org\",\"@graph\":[{\"@type\":\"WebPage\",\"@id\":\"https:\/\/caglayanyagmur.com.tr\/dolgu-uygulamalari\/\",\"url\":\"https:\/\/caglayanyagmur.com.tr\/dolgu-uygulamalari\/\",\"name\":\"Dolgu Uygulamalar\u0131\",\"isPartOf\":{\"@id\":\"https:\/\/caglayanyagmur.com.tr\/#website\"},\"datePublished\":\"2019-06-03T11:54:24+00:00\",\"dateModified\":\"2024-08-17T14:34:38+00:00\",\"breadcrumb\":{\"@id\":\"https:\/\/caglayanyagmur.com.tr\/dolgu-uygulamalari\/#breadcrumb\"},\"inLanguage\":\"de-DE\",\"potentialAction\":[{\"@type\":\"ReadAction\",\"target\":[\"https:\/\/caglayanyagmur.com.tr\/dolgu-uygulamalari\/\"]}]},{\"@type\":\"BreadcrumbList\",\"@id\":\"https:\/\/caglayanyagmur.com.tr\/dolgu-uygulamalari\/#breadcrumb\",\"itemListElement\":[{\"@type\":\"ListItem\",\"position\":1,\"name\":\"Ana sayfa\",\"item\":\"https:\/\/caglayanyagmur.com.tr\/\"},{\"@type\":\"ListItem\",\"position\":2,\"name\":\"Dolgu Uygulamalar\u0131\"}]},{\"@type\":\"WebSite\",\"@id\":\"https:\/\/caglayanyagmur.com.tr\/#website\",\"url\":\"https:\/\/caglayanyagmur.com.tr\/\",\"name\":\"Do\u00e7. Dr. \u00c7a\u011flayan YA\u011eMUR\",\"description\":\"Plastik ve Estetik Cerrahi Uzman\u0131\",\"publisher\":{\"@id\":\"https:\/\/caglayanyagmur.com.tr\/#organization\"},\"alternateName\":\"\u00c7a\u011flayan Ya\u011fmur\",\"potentialAction\":[{\"@type\":\"SearchAction\",\"target\":{\"@type\":\"EntryPoint\",\"urlTemplate\":\"https:\/\/caglayanyagmur.com.tr\/?s={search_term_string}\"},\"query-input\":{\"@type\":\"PropertyValueSpecification\",\"valueRequired\":true,\"valueName\":\"search_term_string\"}}],\"inLanguage\":\"de-DE\"},{\"@type\":\"Organization\",\"@id\":\"https:\/\/caglayanyagmur.com.tr\/#organization\",\"name\":\"Do\u00e7. Dr. \u00c7a\u011flayan YA\u011eMUR Muayenehanesi\",\"alternateName\":\"Estetik Cerrahi Klini\u011fi\",\"url\":\"https:\/\/caglayanyagmur.com.tr\/\",\"logo\":{\"@type\":\"ImageObject\",\"inLanguage\":\"de-DE\",\"@id\":\"https:\/\/caglayanyagmur.com.tr\/#\/schema\/logo\/image\/\",\"url\":\"https:\/\/caglayanyagmur.com.tr\/wp-content\/uploads\/2023\/03\/Doc-dr-caglayan-yagmur-4.png\",\"contentUrl\":\"https:\/\/caglayanyagmur.com.tr\/wp-content\/uploads\/2023\/03\/Doc-dr-caglayan-yagmur-4.png\",\"width\":693,\"height\":620,\"caption\":\"Do\u00e7. Dr. \u00c7a\u011flayan YA\u011eMUR Muayenehanesi\"},\"image\":{\"@id\":\"https:\/\/caglayanyagmur.com.tr\/#\/schema\/logo\/image\/\"},\"sameAs\":[\"https:\/\/www.facebook.com\/drcaglayanyagmurestetik\/\",\"https:\/\/www.instagram.com\/caglayanyagmurestetik\/\",\"https:\/\/www.linkedin.com\/in\/caglayan-yagmur-86592731\",\"https:\/\/www.youtube.com\/@caglayanyagmurestetik\"]}]}<\/script>\n<!-- \/ Yoast SEO plugin. -->","yoast_head_json":{"title":"Dolgu Uygulamalar\u0131","robots":{"index":"index","follow":"follow","max-snippet":"max-snippet:-1","max-image-preview":"max-image-preview:large","max-video-preview":"max-video-preview:-1"},"canonical":"https:\/\/caglayanyagmur.com.tr\/de\/dolgu-uygulamalari\/","og_locale":"de_DE","og_type":"article","og_title":"[:tr]Dolgu Uygulamalar\u0131[:en]Filling Applications[:] | Do\u00e7. Dr. \u00c7a\u011flayan YA\u011eMUR","og_url":"https:\/\/caglayanyagmur.com.tr\/de\/dolgu-uygulamalari\/","og_site_name":"Do\u00e7. Dr. \u00c7a\u011flayan YA\u011eMUR","article_publisher":"https:\/\/www.facebook.com\/drcaglayanyagmurestetik\/","article_modified_time":"2024-08-17T14:34:38+00:00","og_image":[{"width":1440,"height":614,"url":"https:\/\/caglayanyagmur.com.tr\/wp-content\/uploads\/2022\/02\/caglayan-yagmur-tanitim-videosu.png","type":"image\/png"}],"twitter_card":"summary_large_image","twitter_misc":{"Gesch\u00e4tzte Lesezeit":"4\u00a0Minuten"},"schema":{"@context":"https:\/\/schema.org","@graph":[{"@type":"WebPage","@id":"https:\/\/caglayanyagmur.com.tr\/dolgu-uygulamalari\/","url":"https:\/\/caglayanyagmur.com.tr\/dolgu-uygulamalari\/","name":"Dolgu Uygulamalar\u0131","isPartOf":{"@id":"https:\/\/caglayanyagmur.com.tr\/#website"},"datePublished":"2019-06-03T11:54:24+00:00","dateModified":"2024-08-17T14:34:38+00:00","breadcrumb":{"@id":"https:\/\/caglayanyagmur.com.tr\/dolgu-uygulamalari\/#breadcrumb"},"inLanguage":"de-DE","potentialAction":[{"@type":"ReadAction","target":["https:\/\/caglayanyagmur.com.tr\/dolgu-uygulamalari\/"]}]},{"@type":"BreadcrumbList","@id":"https:\/\/caglayanyagmur.com.tr\/dolgu-uygulamalari\/#breadcrumb","itemListElement":[{"@type":"ListItem","position":1,"name":"Ana sayfa","item":"https:\/\/caglayanyagmur.com.tr\/"},{"@type":"ListItem","position":2,"name":"Dolgu Uygulamalar\u0131"}]},{"@type":"WebSite","@id":"https:\/\/caglayanyagmur.com.tr\/#website","url":"https:\/\/caglayanyagmur.com.tr\/","name":"Do\u00e7. Dr. \u00c7a\u011flayan YA\u011eMUR","description":"Plastik ve Estetik Cerrahi Uzman\u0131","publisher":{"@id":"https:\/\/caglayanyagmur.com.tr\/#organization"},"alternateName":"\u00c7a\u011flayan Ya\u011fmur","potentialAction":[{"@type":"SearchAction","target":{"@type":"EntryPoint","urlTemplate":"https:\/\/caglayanyagmur.com.tr\/?s={search_term_string}"},"query-input":{"@type":"PropertyValueSpecification","valueRequired":true,"valueName":"search_term_string"}}],"inLanguage":"de-DE"},{"@type":"Organization","@id":"https:\/\/caglayanyagmur.com.tr\/#organization","name":"Do\u00e7. Dr. \u00c7a\u011flayan YA\u011eMUR Muayenehanesi","alternateName":"Estetik Cerrahi Klini\u011fi","url":"https:\/\/caglayanyagmur.com.tr\/","logo":{"@type":"ImageObject","inLanguage":"de-DE","@id":"https:\/\/caglayanyagmur.com.tr\/#\/schema\/logo\/image\/","url":"https:\/\/caglayanyagmur.com.tr\/wp-content\/uploads\/2023\/03\/Doc-dr-caglayan-yagmur-4.png","contentUrl":"https:\/\/caglayanyagmur.com.tr\/wp-content\/uploads\/2023\/03\/Doc-dr-caglayan-yagmur-4.png","width":693,"height":620,"caption":"Do\u00e7. Dr. \u00c7a\u011flayan YA\u011eMUR Muayenehanesi"},"image":{"@id":"https:\/\/caglayanyagmur.com.tr\/#\/schema\/logo\/image\/"},"sameAs":["https:\/\/www.facebook.com\/drcaglayanyagmurestetik\/","https:\/\/www.instagram.com\/caglayanyagmurestetik\/","https:\/\/www.linkedin.com\/in\/caglayan-yagmur-86592731","https:\/\/www.youtube.com\/@caglayanyagmurestetik"]}]}},"_links":{"self":[{"href":"https:\/\/caglayanyagmur.com.tr\/de\/wp-json\/wp\/v2\/pages\/474","targetHints":{"allow":["GET"]}}],"collection":[{"href":"https:\/\/caglayanyagmur.com.tr\/de\/wp-json\/wp\/v2\/pages"}],"about":[{"href":"https:\/\/caglayanyagmur.com.tr\/de\/wp-json\/wp\/v2\/types\/page"}],"author":[{"embeddable":true,"href":"https:\/\/caglayanyagmur.com.tr\/de\/wp-json\/wp\/v2\/users\/1"}],"replies":[{"embeddable":true,"href":"https:\/\/caglayanyagmur.com.tr\/de\/wp-json\/wp\/v2\/comments?post=474"}],"version-history":[{"count":21,"href":"https:\/\/caglayanyagmur.com.tr\/de\/wp-json\/wp\/v2\/pages\/474\/revisions"}],"predecessor-version":[{"id":3438,"href":"https:\/\/caglayanyagmur.com.tr\/de\/wp-json\/wp\/v2\/pages\/474\/revisions\/3438"}],"wp:attachment":[{"href":"https:\/\/caglayanyagmur.com.tr\/de\/wp-json\/wp\/v2\/media?parent=474"}],"curies":[{"name":"wp","href":"https:\/\/api.w.org\/{rel}","templated":true}]}}