{"id":463,"date":"2019-06-03T14:47:23","date_gmt":"2019-06-03T11:47:23","guid":{"rendered":"http:\/\/www.ecdmedya.com\/demo2\/?page_id=463"},"modified":"2024-02-16T10:00:00","modified_gmt":"2024-02-16T07:00:00","slug":"yuz-mezoterapisi","status":"publish","type":"page","link":"https:\/\/caglayanyagmur.com.tr\/de\/yuz-mezoterapisi\/","title":{"rendered":"Y\u00fcz Mezoterapisi"},"content":{"rendered":"<div class=\"row\"  id=\"row-695347441\">\n\n\t<div id=\"col-378694100\" class=\"col small-12 large-12\"  >\n\t\t\t\t<div class=\"col-inner\"  >\n\t\t\t\n\t\t\t\n<div class=\"slider-wrapper relative\" id=\"slider-179316348\" >\n    <div class=\"slider slider-nav-circle slider-nav-large slider-nav-light slider-style-normal\"\n        data-flickity-options='{\n            \"cellAlign\": \"center\",\n            \"imagesLoaded\": true,\n            \"lazyLoad\": 1,\n            \"freeScroll\": false,\n            \"wrapAround\": false,\n            \"autoPlay\": 6000,\n            \"pauseAutoPlayOnHover\" : true,\n            \"prevNextButtons\": false,\n            \"contain\" : true,\n            \"adaptiveHeight\" : true,\n            \"dragThreshold\" : 10,\n            \"percentPosition\": true,\n            \"pageDots\": false,\n            \"rightToLeft\": false,\n            \"draggable\": false,\n            \"selectedAttraction\": 0.1,\n            \"parallax\" : 0,\n            \"friction\": 0.6        }'\n        >\n        \n\n  <div class=\"banner has-hover bg-color\" id=\"banner-2068948238\">\n          <div class=\"banner-inner fill\">\n        <div class=\"banner-bg fill\" >\n            <img decoding=\"async\" width=\"1048\" height=\"350\" src=\"https:\/\/caglayanyagmur.com.tr\/wp-content\/uploads\/2019\/06\/Samsun-Yu\u0308z-Mezoterapisi.jpg\" class=\"bg attachment-original size-original\" alt=\"\" \/>                                    \n                    <\/div>\n\t\t\n        <div class=\"banner-layers container\">\n            <div class=\"fill banner-link\"><\/div>            \n        <\/div>\n      <\/div>\n\n            \n<style>\n#banner-2068948238 {\n  padding-top: 350px;\n  background-color: rgb(255, 255, 255);\n}\n#banner-2068948238 .banner-bg img {\n  object-position: 14% 78%;\n}\n<\/style>\n  <\/div>\n\n\n     <\/div>\n\n     <div class=\"loading-spin dark large centered\"><\/div>\n\n\t<\/div>\n\n\n\t\t<\/div>\n\t\t\t\t\t<\/div>\n\n\t\n\n\t<div id=\"col-211179794\" class=\"col small-12 large-12\"  >\n\t\t\t\t<div class=\"col-inner\"  >\n\t\t\t\n\t\t\t\n<p>Y\u00fcz mezoterapisi; cilt sarkmalar\u0131nda ve k\u0131r\u0131\u015f\u0131kl\u0131klar\u0131nda etkili, cildi yenileyen faydal\u0131 ve do\u011fal bir y\u00f6ntemdir. Y\u00fcz mezoterapisi sayesinde k\u0131r\u0131\u015f\u0131kl\u0131klar hafifler, cilt sarkmalar\u0131 azal\u0131r ve cildin elastikiyeti artar. Cilt ayd\u0131nl\u0131k ve parlak bir g\u00f6r\u00fcn\u00fcme kavu\u015fur.<\/p>\n<p><strong>Y\u00fcz Mezoterapisi Ne \u0130\u015fe Yarar? <\/strong><\/p>\n<p>Muayenehanemizde modern y\u00f6ntemlerle uygulad\u0131\u011f\u0131m\u0131z <strong>y\u00fcz mezoterapisi<\/strong> ile \u015fu problemlerin \u00e7\u00f6z\u00fcm\u00fcne yard\u0131mc\u0131 olur;<\/p>\n<ol>\n<li>Parlakl\u0131\u011f\u0131n\u0131 yitirmi\u015f ve donukla\u015fm\u0131\u015f ciltler<\/li>\n<li>Ciltte olu\u015fan sarkma ve elastikiyet kay\u0131plar\u0131<\/li>\n<li>Ciltteki ya\u015flanma ve yorgunluk g\u00f6r\u00fcn\u00fcm\u00fc<\/li>\n<li>Sigaradan dolay\u0131 olu\u015fan cilt hasarlar\u0131<\/li>\n<li>\u00d6zellikle yaz aylar\u0131ndan \u00f6nce, g\u00fcne\u015f \u0131\u015f\u0131nlar\u0131n\u0131n zararl\u0131 etkisinden korunmak<\/li>\n<li>G\u00fcne\u015ften dolay\u0131 zarar g\u00f6ren ciltler<\/li>\n<li>Leke tedavilerinin iyile\u015fme s\u00fcrecini h\u0131zland\u0131rmada<\/li>\n<li>Sivilce, yara ve yan\u0131k izlerinin tedavisinde yard\u0131mc\u0131 olarak<\/li>\n<li>Ciltteki \u00e7atlaklar\u0131n tedavisinde iyile\u015fme s\u00fcrecini h\u0131zland\u0131rmada<\/li>\n<li>Cildin a\u015f\u0131r\u0131 ya\u011flanmas\u0131 ve cans\u0131zla\u015fmas\u0131<\/li>\n<\/ol>\n<p><strong>Y\u00fcz mezoterapisi (mezolift) nas\u0131l etkili olur?<\/strong><\/p>\n<p>Y\u00fcz mezoterapisi (mezolift) cildi yenileyen antioksidanlar, hyaluronik asit, mineraller, vitaminler ve amino asitler derinin orta k\u0131sm\u0131na mikroenjeksiyon y\u00f6ntemi ile uygulan\u0131r. Bu faydal\u0131 maddelerin cilde direk verilmesi ile cildin uyar\u0131lmas\u0131 deri dokusunun elastin ve kollajen \u00fcretimini artt\u0131r\u0131r, ciltte nemlenme artar ve cilt yenilenir.<\/p>\n<p><strong>Y\u00fcz mezoterapisi (mezolift) nas\u0131l uygulan\u0131r?<\/strong><\/p>\n<p>Y\u00fcz mezoterapisi (mezolift) \u00f6ncesi cilt dezenfekte edilir ve temizlenir. \u0130\u015flemden yar\u0131m saat \u00f6nce anestezik krem s\u00fcr\u00fclebilir. Y\u00fcz mezoterapisinde (mezolift) haz\u0131rlanan \u00f6zel kokteyl \u00e7ok ince i\u011fnelerle cilde verilir.<\/p>\n<p><strong>Y\u00fcz mezoterapisi (mezolift) sonras\u0131 cilt nas\u0131l g\u00f6z\u00fck\u00fcr?<\/strong><\/p>\n<p>Y\u00fcz mezoterapisi (mezolift) sonras\u0131 cilt daha dinlenmi\u015f ve taze g\u00f6r\u00fcn\u00fcr. Cilt ayd\u0131nl\u0131k ve parlak bir g\u00f6r\u00fcn\u00fcme kavu\u015fur.<\/p>\n<p><strong>NOT :\u00a0<\/strong>Sayfa i\u00e7eri\u011fi sadece bilgilendirme ama\u00e7l\u0131d\u0131r, tan\u0131 ve tedavi i\u00e7in mutlaka doktorunuza ba\u015fvurunuz.<\/p>\n\t\t<\/div>\n\t\t\t\t\t<\/div>\n\n\t\n<\/div>\n","protected":false},"excerpt":{"rendered":"","protected":false},"author":1,"featured_media":0,"parent":0,"menu_order":0,"comment_status":"closed","ping_status":"closed","template":"page-blank-title-center.php","meta":{"footnotes":""},"class_list":["post-463","page","type-page","status-publish","hentry"],"yoast_head":"<!-- This site is optimized with the Yoast SEO plugin v26.4 - https:\/\/yoast.com\/wordpress\/plugins\/seo\/ -->\n<title>Y\u00fcz Mezoterapisi (Mezolifting) Nedir? Nas\u0131l Uygulan\u0131r? 2024 | Do\u00e7. Dr. \u00c7a\u011flayan YA\u011eMUR<\/title>\n<meta name=\"description\" content=\"Y\u00fcz mezoterapisi (mezolifting) konusunda uzman Do\u00e7. Dr. \u00c7a\u011flayan YA\u011eMUR ile tan\u0131\u015f\u0131n ve cildinizdeki gen\u00e7lik \u0131\u015f\u0131lt\u0131s\u0131n\u0131 geri kazan\u0131n!\" \/>\n<meta name=\"robots\" content=\"index, follow, max-snippet:-1, max-image-preview:large, max-video-preview:-1\" \/>\n<link rel=\"canonical\" href=\"https:\/\/caglayanyagmur.com.tr\/de\/yuz-mezoterapisi\/\" \/>\n<meta property=\"og:locale\" content=\"de_DE\" \/>\n<meta property=\"og:locale:alternate\" content=\"tr_TR\" \/>\n<meta property=\"og:locale:alternate\" content=\"en_US\" \/>\n<meta property=\"og:type\" content=\"article\" \/>\n<meta property=\"og:title\" content=\"Y\u00fcz Mezoterapisi (Mezolifting) Nedir? Nas\u0131l Uygulan\u0131r? 2024 | Do\u00e7. Dr. \u00c7a\u011flayan YA\u011eMUR\" \/>\n<meta property=\"og:description\" content=\"Y\u00fcz mezoterapisi (mezolifting) konusunda uzman Do\u00e7. Dr. \u00c7a\u011flayan YA\u011eMUR ile tan\u0131\u015f\u0131n ve cildinizdeki gen\u00e7lik \u0131\u015f\u0131lt\u0131s\u0131n\u0131 geri kazan\u0131n!\" \/>\n<meta property=\"og:url\" content=\"https:\/\/caglayanyagmur.com.tr\/de\/yuz-mezoterapisi\/\" \/>\n<meta property=\"og:site_name\" content=\"Do\u00e7. Dr. \u00c7a\u011flayan YA\u011eMUR\" \/>\n<meta property=\"article:publisher\" content=\"https:\/\/www.facebook.com\/drcaglayanyagmurestetik\/\" \/>\n<meta property=\"article:modified_time\" content=\"2024-02-16T07:00:00+00:00\" \/>\n<meta property=\"og:image\" content=\"https:\/\/caglayanyagmur.com.tr\/wp-content\/uploads\/2022\/02\/caglayan-yagmur-tanitim-videosu.png\" \/>\n\t<meta property=\"og:image:width\" content=\"1440\" \/>\n\t<meta property=\"og:image:height\" content=\"614\" \/>\n\t<meta property=\"og:image:type\" content=\"image\/png\" \/>\n<meta name=\"twitter:card\" content=\"summary_large_image\" \/>\n<meta name=\"twitter:label1\" content=\"Gesch\u00e4tzte Lesezeit\" \/>\n\t<meta name=\"twitter:data1\" content=\"2\u00a0Minuten\" \/>\n<script type=\"application\/ld+json\" class=\"yoast-schema-graph\">{\"@context\":\"https:\/\/schema.org\",\"@graph\":[{\"@type\":\"WebPage\",\"@id\":\"https:\/\/caglayanyagmur.com.tr\/yuz-mezoterapisi\/\",\"url\":\"https:\/\/caglayanyagmur.com.tr\/yuz-mezoterapisi\/\",\"name\":\"Y\u00fcz Mezoterapisi (Mezolifting) Nedir? Nas\u0131l Uygulan\u0131r? 2024 | Do\u00e7. Dr. \u00c7a\u011flayan YA\u011eMUR\",\"isPartOf\":{\"@id\":\"https:\/\/caglayanyagmur.com.tr\/#website\"},\"datePublished\":\"2019-06-03T11:47:23+00:00\",\"dateModified\":\"2024-02-16T07:00:00+00:00\",\"description\":\"Y\u00fcz mezoterapisi (mezolifting) konusunda uzman Do\u00e7. Dr. \u00c7a\u011flayan YA\u011eMUR ile tan\u0131\u015f\u0131n ve cildinizdeki gen\u00e7lik \u0131\u015f\u0131lt\u0131s\u0131n\u0131 geri kazan\u0131n!\",\"breadcrumb\":{\"@id\":\"https:\/\/caglayanyagmur.com.tr\/yuz-mezoterapisi\/#breadcrumb\"},\"inLanguage\":\"de-DE\",\"potentialAction\":[{\"@type\":\"ReadAction\",\"target\":[\"https:\/\/caglayanyagmur.com.tr\/yuz-mezoterapisi\/\"]}]},{\"@type\":\"BreadcrumbList\",\"@id\":\"https:\/\/caglayanyagmur.com.tr\/yuz-mezoterapisi\/#breadcrumb\",\"itemListElement\":[{\"@type\":\"ListItem\",\"position\":1,\"name\":\"Ana sayfa\",\"item\":\"https:\/\/caglayanyagmur.com.tr\/\"},{\"@type\":\"ListItem\",\"position\":2,\"name\":\"Y\u00fcz Mezoterapisi\"}]},{\"@type\":\"WebSite\",\"@id\":\"https:\/\/caglayanyagmur.com.tr\/#website\",\"url\":\"https:\/\/caglayanyagmur.com.tr\/\",\"name\":\"Do\u00e7. Dr. \u00c7a\u011flayan YA\u011eMUR\",\"description\":\"Plastik ve Estetik Cerrahi Uzman\u0131\",\"publisher\":{\"@id\":\"https:\/\/caglayanyagmur.com.tr\/#organization\"},\"alternateName\":\"\u00c7a\u011flayan Ya\u011fmur\",\"potentialAction\":[{\"@type\":\"SearchAction\",\"target\":{\"@type\":\"EntryPoint\",\"urlTemplate\":\"https:\/\/caglayanyagmur.com.tr\/?s={search_term_string}\"},\"query-input\":{\"@type\":\"PropertyValueSpecification\",\"valueRequired\":true,\"valueName\":\"search_term_string\"}}],\"inLanguage\":\"de-DE\"},{\"@type\":\"Organization\",\"@id\":\"https:\/\/caglayanyagmur.com.tr\/#organization\",\"name\":\"Do\u00e7. Dr. \u00c7a\u011flayan YA\u011eMUR Muayenehanesi\",\"alternateName\":\"Estetik Cerrahi Klini\u011fi\",\"url\":\"https:\/\/caglayanyagmur.com.tr\/\",\"logo\":{\"@type\":\"ImageObject\",\"inLanguage\":\"de-DE\",\"@id\":\"https:\/\/caglayanyagmur.com.tr\/#\/schema\/logo\/image\/\",\"url\":\"https:\/\/caglayanyagmur.com.tr\/wp-content\/uploads\/2023\/03\/Doc-dr-caglayan-yagmur-4.png\",\"contentUrl\":\"https:\/\/caglayanyagmur.com.tr\/wp-content\/uploads\/2023\/03\/Doc-dr-caglayan-yagmur-4.png\",\"width\":693,\"height\":620,\"caption\":\"Do\u00e7. Dr. \u00c7a\u011flayan YA\u011eMUR Muayenehanesi\"},\"image\":{\"@id\":\"https:\/\/caglayanyagmur.com.tr\/#\/schema\/logo\/image\/\"},\"sameAs\":[\"https:\/\/www.facebook.com\/drcaglayanyagmurestetik\/\",\"https:\/\/www.instagram.com\/caglayanyagmurestetik\/\",\"https:\/\/www.linkedin.com\/in\/caglayan-yagmur-86592731\",\"https:\/\/www.youtube.com\/@caglayanyagmurestetik\"]}]}<\/script>\n<!-- \/ Yoast SEO plugin. -->","yoast_head_json":{"title":"Y\u00fcz Mezoterapisi (Mezolifting) Nedir? Nas\u0131l Uygulan\u0131r? 2024 | Do\u00e7. Dr. \u00c7a\u011flayan YA\u011eMUR","description":"Y\u00fcz mezoterapisi (mezolifting) konusunda uzman Do\u00e7. Dr. \u00c7a\u011flayan YA\u011eMUR ile tan\u0131\u015f\u0131n ve cildinizdeki gen\u00e7lik \u0131\u015f\u0131lt\u0131s\u0131n\u0131 geri kazan\u0131n!","robots":{"index":"index","follow":"follow","max-snippet":"max-snippet:-1","max-image-preview":"max-image-preview:large","max-video-preview":"max-video-preview:-1"},"canonical":"https:\/\/caglayanyagmur.com.tr\/de\/yuz-mezoterapisi\/","og_locale":"de_DE","og_type":"article","og_title":"Y\u00fcz Mezoterapisi (Mezolifting) Nedir? Nas\u0131l Uygulan\u0131r? 2024 | Do\u00e7. Dr. \u00c7a\u011flayan YA\u011eMUR","og_description":"Y\u00fcz mezoterapisi (mezolifting) konusunda uzman Do\u00e7. Dr. \u00c7a\u011flayan YA\u011eMUR ile tan\u0131\u015f\u0131n ve cildinizdeki gen\u00e7lik \u0131\u015f\u0131lt\u0131s\u0131n\u0131 geri kazan\u0131n!","og_url":"https:\/\/caglayanyagmur.com.tr\/de\/yuz-mezoterapisi\/","og_site_name":"Do\u00e7. Dr. \u00c7a\u011flayan YA\u011eMUR","article_publisher":"https:\/\/www.facebook.com\/drcaglayanyagmurestetik\/","article_modified_time":"2024-02-16T07:00:00+00:00","og_image":[{"width":1440,"height":614,"url":"https:\/\/caglayanyagmur.com.tr\/wp-content\/uploads\/2022\/02\/caglayan-yagmur-tanitim-videosu.png","type":"image\/png"}],"twitter_card":"summary_large_image","twitter_misc":{"Gesch\u00e4tzte Lesezeit":"2\u00a0Minuten"},"schema":{"@context":"https:\/\/schema.org","@graph":[{"@type":"WebPage","@id":"https:\/\/caglayanyagmur.com.tr\/yuz-mezoterapisi\/","url":"https:\/\/caglayanyagmur.com.tr\/yuz-mezoterapisi\/","name":"Y\u00fcz Mezoterapisi (Mezolifting) Nedir? Nas\u0131l Uygulan\u0131r? 2024 | Do\u00e7. Dr. \u00c7a\u011flayan YA\u011eMUR","isPartOf":{"@id":"https:\/\/caglayanyagmur.com.tr\/#website"},"datePublished":"2019-06-03T11:47:23+00:00","dateModified":"2024-02-16T07:00:00+00:00","description":"Y\u00fcz mezoterapisi (mezolifting) konusunda uzman Do\u00e7. Dr. \u00c7a\u011flayan YA\u011eMUR ile tan\u0131\u015f\u0131n ve cildinizdeki gen\u00e7lik \u0131\u015f\u0131lt\u0131s\u0131n\u0131 geri kazan\u0131n!","breadcrumb":{"@id":"https:\/\/caglayanyagmur.com.tr\/yuz-mezoterapisi\/#breadcrumb"},"inLanguage":"de-DE","potentialAction":[{"@type":"ReadAction","target":["https:\/\/caglayanyagmur.com.tr\/yuz-mezoterapisi\/"]}]},{"@type":"BreadcrumbList","@id":"https:\/\/caglayanyagmur.com.tr\/yuz-mezoterapisi\/#breadcrumb","itemListElement":[{"@type":"ListItem","position":1,"name":"Ana sayfa","item":"https:\/\/caglayanyagmur.com.tr\/"},{"@type":"ListItem","position":2,"name":"Y\u00fcz Mezoterapisi"}]},{"@type":"WebSite","@id":"https:\/\/caglayanyagmur.com.tr\/#website","url":"https:\/\/caglayanyagmur.com.tr\/","name":"Do\u00e7. Dr. \u00c7a\u011flayan YA\u011eMUR","description":"Plastik ve Estetik Cerrahi Uzman\u0131","publisher":{"@id":"https:\/\/caglayanyagmur.com.tr\/#organization"},"alternateName":"\u00c7a\u011flayan Ya\u011fmur","potentialAction":[{"@type":"SearchAction","target":{"@type":"EntryPoint","urlTemplate":"https:\/\/caglayanyagmur.com.tr\/?s={search_term_string}"},"query-input":{"@type":"PropertyValueSpecification","valueRequired":true,"valueName":"search_term_string"}}],"inLanguage":"de-DE"},{"@type":"Organization","@id":"https:\/\/caglayanyagmur.com.tr\/#organization","name":"Do\u00e7. Dr. \u00c7a\u011flayan YA\u011eMUR Muayenehanesi","alternateName":"Estetik Cerrahi Klini\u011fi","url":"https:\/\/caglayanyagmur.com.tr\/","logo":{"@type":"ImageObject","inLanguage":"de-DE","@id":"https:\/\/caglayanyagmur.com.tr\/#\/schema\/logo\/image\/","url":"https:\/\/caglayanyagmur.com.tr\/wp-content\/uploads\/2023\/03\/Doc-dr-caglayan-yagmur-4.png","contentUrl":"https:\/\/caglayanyagmur.com.tr\/wp-content\/uploads\/2023\/03\/Doc-dr-caglayan-yagmur-4.png","width":693,"height":620,"caption":"Do\u00e7. Dr. \u00c7a\u011flayan YA\u011eMUR Muayenehanesi"},"image":{"@id":"https:\/\/caglayanyagmur.com.tr\/#\/schema\/logo\/image\/"},"sameAs":["https:\/\/www.facebook.com\/drcaglayanyagmurestetik\/","https:\/\/www.instagram.com\/caglayanyagmurestetik\/","https:\/\/www.linkedin.com\/in\/caglayan-yagmur-86592731","https:\/\/www.youtube.com\/@caglayanyagmurestetik"]}]}},"_links":{"self":[{"href":"https:\/\/caglayanyagmur.com.tr\/de\/wp-json\/wp\/v2\/pages\/463","targetHints":{"allow":["GET"]}}],"collection":[{"href":"https:\/\/caglayanyagmur.com.tr\/de\/wp-json\/wp\/v2\/pages"}],"about":[{"href":"https:\/\/caglayanyagmur.com.tr\/de\/wp-json\/wp\/v2\/types\/page"}],"author":[{"embeddable":true,"href":"https:\/\/caglayanyagmur.com.tr\/de\/wp-json\/wp\/v2\/users\/1"}],"replies":[{"embeddable":true,"href":"https:\/\/caglayanyagmur.com.tr\/de\/wp-json\/wp\/v2\/comments?post=463"}],"version-history":[{"count":17,"href":"https:\/\/caglayanyagmur.com.tr\/de\/wp-json\/wp\/v2\/pages\/463\/revisions"}],"predecessor-version":[{"id":3250,"href":"https:\/\/caglayanyagmur.com.tr\/de\/wp-json\/wp\/v2\/pages\/463\/revisions\/3250"}],"wp:attachment":[{"href":"https:\/\/caglayanyagmur.com.tr\/de\/wp-json\/wp\/v2\/media?parent=463"}],"curies":[{"name":"wp","href":"https:\/\/api.w.org\/{rel}","templated":true}]}}