{"id":459,"date":"2019-06-03T14:46:45","date_gmt":"2019-06-03T11:46:45","guid":{"rendered":"http:\/\/www.ecdmedya.com\/demo2\/?page_id=459"},"modified":"2024-02-21T09:12:37","modified_gmt":"2024-02-21T06:12:37","slug":"ameliyatsiz-estetik","status":"publish","type":"page","link":"https:\/\/caglayanyagmur.com.tr\/de\/ameliyatsiz-estetik\/","title":{"rendered":"Ameliyats\u0131z Estetik"},"content":{"rendered":"<\/p>\n\n<div class=\"row align-middle align-center\"  id=\"row-1149841044\">\n\n\n\t<div id=\"col-615406221\" class=\"col medium-6 small-11 large-4\"  >\n\t\t\t\t<div class=\"col-inner box-shadow-5-hover\"  >\n\t\t\t\n\t<div class=\"is-border\"\n\t\tstyle=\"border-color:rgb(0, 0, 0);border-width:0px 0px 5px 0px;margin:0px 0px -6px 0px;\">\n\t<\/div>\n\t\t\t\n\n\t<div class=\"box has-hover   has-hover box-default box-text-bottom\" >\n\n\t\t<div class=\"box-image\" >\n\t\t\t<a href=\"https:\/\/caglayanyagmur.com.tr\/de\/mezoterapi\/\" >\t\t\t<div class=\"image-color\" >\n\t\t\t\t<img decoding=\"async\" width=\"750\" height=\"750\" src=\"https:\/\/caglayanyagmur.com.tr\/wp-content\/uploads\/2019\/06\/Samsun-Sac\u0327-Mezoterapisi.jpg\" class=\"attachment- size-\" alt=\"\" srcset=\"https:\/\/caglayanyagmur.com.tr\/wp-content\/uploads\/2019\/06\/Samsun-Sac\u0327-Mezoterapisi.jpg 750w, https:\/\/caglayanyagmur.com.tr\/wp-content\/uploads\/2019\/06\/Samsun-Sac\u0327-Mezoterapisi-280x280.jpg 280w, https:\/\/caglayanyagmur.com.tr\/wp-content\/uploads\/2019\/06\/Samsun-Sac\u0327-Mezoterapisi-400x400.jpg 400w\" sizes=\"(max-width: 750px) 100vw, 750px\" \/>\t\t\t\t\t\t\t\t\t\t\t<\/div>\n\t\t\t<\/a>\t\t<\/div>\n\n\t\t<div class=\"box-text text-center\" style=\"padding:4px 0px 4px 0px;\">\n\t\t\t<div class=\"box-text-inner\">\n\t\t\t\t\n\n\t<div id=\"text-2198957830\" class=\"text\">\n\t\t\n\n<h2 class=\"uppercase\">Mesotherapie<\/h2>\n\n\t\t\n<style>\n#text-2198957830 {\n  font-size: 1.1rem;\n}\n@media (min-width:550px) {\n  #text-2198957830 {\n    font-size: 0.9rem;\n  }\n}\n@media (min-width:850px) {\n  #text-2198957830 {\n    font-size: 0.8rem;\n  }\n}\n<\/style>\n\t<\/div>\n\t\n\n\t\t\t<\/div>\n\t\t<\/div>\n\t<\/div>\n\t\n\n\t\t<\/div>\n\t\t\t\t\n<style>\n#col-615406221 > .col-inner {\n  margin: 0px 0px 30px 0px;\n}\n<\/style>\n\t<\/div>\n\n\t\n\n\t<div id=\"col-248277660\" class=\"col medium-6 small-11 large-4\"  >\n\t\t\t\t<div class=\"col-inner box-shadow-5-hover\"  >\n\t\t\t\n\t<div class=\"is-border\"\n\t\tstyle=\"border-color:rgb(0, 0, 0);border-width:0px 0px 5px 0px;margin:0px 0px -6px 0px;\">\n\t<\/div>\n\t\t\t\n\n\t<div class=\"box has-hover   has-hover box-default box-text-bottom\" >\n\n\t\t<div class=\"box-image\" >\n\t\t\t<a href=\"https:\/\/caglayanyagmur.com.tr\/de\/cilt-bakimi\/\" >\t\t\t<div class=\"image-color\" >\n\t\t\t\t<img decoding=\"async\" width=\"750\" height=\"750\" src=\"https:\/\/caglayanyagmur.com.tr\/wp-content\/uploads\/2019\/06\/Cilt-Bak\u0131m\u0131-Samsun.jpg\" class=\"attachment- size-\" alt=\"\" srcset=\"https:\/\/caglayanyagmur.com.tr\/wp-content\/uploads\/2019\/06\/Cilt-Bak\u0131m\u0131-Samsun.jpg 750w, https:\/\/caglayanyagmur.com.tr\/wp-content\/uploads\/2019\/06\/Cilt-Bak\u0131m\u0131-Samsun-280x280.jpg 280w, https:\/\/caglayanyagmur.com.tr\/wp-content\/uploads\/2019\/06\/Cilt-Bak\u0131m\u0131-Samsun-400x400.jpg 400w\" sizes=\"(max-width: 750px) 100vw, 750px\" \/>\t\t\t\t\t\t\t\t\t\t\t<\/div>\n\t\t\t<\/a>\t\t<\/div>\n\n\t\t<div class=\"box-text text-center\" style=\"padding:4px 0px 4px 0px;\">\n\t\t\t<div class=\"box-text-inner\">\n\t\t\t\t\n\n\t<div id=\"text-949974281\" class=\"text\">\n\t\t\n\n<h2 class=\"uppercase\">HAUTPFLEGE<\/h2>\n\n\t\t\n<style>\n#text-949974281 {\n  font-size: 1.1rem;\n}\n@media (min-width:550px) {\n  #text-949974281 {\n    font-size: 0.9rem;\n  }\n}\n@media (min-width:850px) {\n  #text-949974281 {\n    font-size: 0.8rem;\n  }\n}\n<\/style>\n\t<\/div>\n\t\n\n\t\t\t<\/div>\n\t\t<\/div>\n\t<\/div>\n\t\n\n\t\t<\/div>\n\t\t\t\t\n<style>\n#col-248277660 > .col-inner {\n  margin: 0px 0px 30px 0px;\n}\n<\/style>\n\t<\/div>\n\n\t\n\n\t<div id=\"col-2064670402\" class=\"col medium-6 small-11 large-4\"  >\n\t\t\t\t<div class=\"col-inner box-shadow-5-hover\"  >\n\t\t\t\n\t<div class=\"is-border\"\n\t\tstyle=\"border-color:rgb(0, 0, 0);border-width:0px 0px 5px 0px;margin:0px 0px -6px 0px;\">\n\t<\/div>\n\t\t\t\n\n\t<div class=\"box has-hover   has-hover box-default box-text-bottom\" >\n\n\t\t<div class=\"box-image\" >\n\t\t\t<a href=\"https:\/\/caglayanyagmur.com.tr\/de\/cilt-temizleme-ve-yenileme\/\" >\t\t\t<div class=\"image-color\" >\n\t\t\t\t<img decoding=\"async\" width=\"750\" height=\"750\" src=\"https:\/\/caglayanyagmur.com.tr\/wp-content\/uploads\/2019\/06\/Aquapeel-Cilt-temzileme-ve-Yenileme-Samsun.jpg\" class=\"attachment- size-\" alt=\"\" srcset=\"https:\/\/caglayanyagmur.com.tr\/wp-content\/uploads\/2019\/06\/Aquapeel-Cilt-temzileme-ve-Yenileme-Samsun.jpg 750w, https:\/\/caglayanyagmur.com.tr\/wp-content\/uploads\/2019\/06\/Aquapeel-Cilt-temzileme-ve-Yenileme-Samsun-280x280.jpg 280w, https:\/\/caglayanyagmur.com.tr\/wp-content\/uploads\/2019\/06\/Aquapeel-Cilt-temzileme-ve-Yenileme-Samsun-400x400.jpg 400w\" sizes=\"(max-width: 750px) 100vw, 750px\" \/>\t\t\t\t\t\t\t\t\t\t\t<\/div>\n\t\t\t<\/a>\t\t<\/div>\n\n\t\t<div class=\"box-text text-center\" style=\"padding:4px 0px 4px 0px;\">\n\t\t\t<div class=\"box-text-inner\">\n\t\t\t\t\n\n\t<div id=\"text-3713314744\" class=\"text\">\n\t\t\n\n<h2 class=\"uppercase\">HAUTREINIGUNG UND ERNEUERUNG<\/h2>\n\n\t\t\n<style>\n#text-3713314744 {\n  font-size: 1.1rem;\n}\n@media (min-width:550px) {\n  #text-3713314744 {\n    font-size: 0.9rem;\n  }\n}\n@media (min-width:850px) {\n  #text-3713314744 {\n    font-size: 0.8rem;\n  }\n}\n<\/style>\n\t<\/div>\n\t\n\n\t\t\t<\/div>\n\t\t<\/div>\n\t<\/div>\n\t\n\n\t\t<\/div>\n\t\t\t\t\n<style>\n#col-2064670402 > .col-inner {\n  margin: 0px 0px 30px 0px;\n}\n<\/style>\n\t<\/div>\n\n\t\n\n\t<div id=\"col-152117896\" class=\"col medium-6 small-11 large-4\"  >\n\t\t\t\t<div class=\"col-inner box-shadow-5-hover\"  >\n\t\t\t\n\t<div class=\"is-border\"\n\t\tstyle=\"border-color:rgb(0, 0, 0);border-width:0px 0px 5px 0px;margin:0px 0px -6px 0px;\">\n\t<\/div>\n\t\t\t\n\n\t<div class=\"box has-hover   has-hover box-default box-text-bottom\" >\n\n\t\t<div class=\"box-image\" >\n\t\t\t<a href=\"https:\/\/caglayanyagmur.com.tr\/de\/dolgu-uygulamalari\/\" >\t\t\t<div class=\"image-color\" >\n\t\t\t\t<img decoding=\"async\" width=\"750\" height=\"750\" src=\"https:\/\/caglayanyagmur.com.tr\/wp-content\/uploads\/2019\/06\/Dudak-Dolgu-Samsun.jpg\" class=\"attachment- size-\" alt=\"\" srcset=\"https:\/\/caglayanyagmur.com.tr\/wp-content\/uploads\/2019\/06\/Dudak-Dolgu-Samsun.jpg 750w, https:\/\/caglayanyagmur.com.tr\/wp-content\/uploads\/2019\/06\/Dudak-Dolgu-Samsun-280x280.jpg 280w, https:\/\/caglayanyagmur.com.tr\/wp-content\/uploads\/2019\/06\/Dudak-Dolgu-Samsun-400x400.jpg 400w\" sizes=\"(max-width: 750px) 100vw, 750px\" \/>\t\t\t\t\t\t\t\t\t\t\t<\/div>\n\t\t\t<\/a>\t\t<\/div>\n\n\t\t<div class=\"box-text text-center\" style=\"padding:4px 0px 4px 0px;\">\n\t\t\t<div class=\"box-text-inner\">\n\t\t\t\t\n\n\t<div id=\"text-2964869108\" class=\"text\">\n\t\t\n\n<h2 class=\"uppercase\">Unterspritzung<\/h2>\n\n\t\t\n<style>\n#text-2964869108 {\n  font-size: 1.1rem;\n}\n@media (min-width:550px) {\n  #text-2964869108 {\n    font-size: 0.9rem;\n  }\n}\n@media (min-width:850px) {\n  #text-2964869108 {\n    font-size: 0.8rem;\n  }\n}\n<\/style>\n\t<\/div>\n\t\n\n\t\t\t<\/div>\n\t\t<\/div>\n\t<\/div>\n\t\n\n\t\t<\/div>\n\t\t\t\t\n<style>\n#col-152117896 > .col-inner {\n  margin: 0px 0px 30px 0px;\n}\n<\/style>\n\t<\/div>\n\n\t\n\n\t<div id=\"col-1185769659\" class=\"col medium-6 small-11 large-4\"  >\n\t\t\t\t<div class=\"col-inner box-shadow-5-hover\"  >\n\t\t\t\n\t<div class=\"is-border\"\n\t\tstyle=\"border-color:rgb(0, 0, 0);border-width:0px 0px 5px 0px;margin:0px 0px -6px 0px;\">\n\t<\/div>\n\t\t\t\n\n\t<div class=\"box has-hover   has-hover box-default box-text-bottom\" >\n\n\t\t<div class=\"box-image\" >\n\t\t\t<a href=\"https:\/\/caglayanyagmur.com.tr\/de\/ip-askilama-fransiz-aski\/\" >\t\t\t<div class=\"image-color\" >\n\t\t\t\t<img decoding=\"async\" width=\"750\" height=\"750\" src=\"https:\/\/caglayanyagmur.com.tr\/wp-content\/uploads\/2019\/06\/Frans\u0131z-Ask\u0131-I\u0307p-ask\u0131lama-estetig\u0306i-Samsun.jpg\" class=\"attachment- size-\" alt=\"\" srcset=\"https:\/\/caglayanyagmur.com.tr\/wp-content\/uploads\/2019\/06\/Frans\u0131z-Ask\u0131-I\u0307p-ask\u0131lama-estetig\u0306i-Samsun.jpg 750w, https:\/\/caglayanyagmur.com.tr\/wp-content\/uploads\/2019\/06\/Frans\u0131z-Ask\u0131-I\u0307p-ask\u0131lama-estetig\u0306i-Samsun-280x280.jpg 280w, https:\/\/caglayanyagmur.com.tr\/wp-content\/uploads\/2019\/06\/Frans\u0131z-Ask\u0131-I\u0307p-ask\u0131lama-estetig\u0306i-Samsun-400x400.jpg 400w\" sizes=\"(max-width: 750px) 100vw, 750px\" \/>\t\t\t\t\t\t\t\t\t\t\t<\/div>\n\t\t\t<\/a>\t\t<\/div>\n\n\t\t<div class=\"box-text text-center\" style=\"padding:4px 0px 4px 0px;\">\n\t\t\t<div class=\"box-text-inner\">\n\t\t\t\t\n\n\t<div id=\"text-194142748\" class=\"text\">\n\t\t\n\n<h2 class=\"uppercase\">FADENLIFTING F\u00dcRS GESICHT<\/h2>\n\n\t\t\n<style>\n#text-194142748 {\n  font-size: 1.1rem;\n}\n@media (min-width:550px) {\n  #text-194142748 {\n    font-size: 0.9rem;\n  }\n}\n@media (min-width:850px) {\n  #text-194142748 {\n    font-size: 0.8rem;\n  }\n}\n<\/style>\n\t<\/div>\n\t\n\n\t\t\t<\/div>\n\t\t<\/div>\n\t<\/div>\n\t\n\n\t\t<\/div>\n\t\t\t\t\n<style>\n#col-1185769659 > .col-inner {\n  margin: 0px 0px 30px 0px;\n}\n<\/style>\n\t<\/div>\n\n\t\n\n\t<div id=\"col-1566206492\" class=\"col medium-6 small-11 large-4\"  >\n\t\t\t\t<div class=\"col-inner box-shadow-5-hover\"  >\n\t\t\t\n\t<div class=\"is-border\"\n\t\tstyle=\"border-color:rgb(0, 0, 0);border-width:0px 0px 5px 0px;margin:0px 0px -6px 0px;\">\n\t<\/div>\n\t\t\t\n\n\t<div class=\"box has-hover   has-hover box-default box-text-bottom\" >\n\n\t\t<div class=\"box-image\" >\n\t\t\t<a href=\"https:\/\/caglayanyagmur.com.tr\/de\/botulinium-toksin-uygulamasi\/\" >\t\t\t<div class=\"image-color\" >\n\t\t\t\t<img decoding=\"async\" width=\"750\" height=\"750\" src=\"https:\/\/caglayanyagmur.com.tr\/wp-content\/uploads\/2019\/06\/Botulinium-Toksin-Uygulamas\u0131-Samsun.jpg\" class=\"attachment- size-\" alt=\"\" srcset=\"https:\/\/caglayanyagmur.com.tr\/wp-content\/uploads\/2019\/06\/Botulinium-Toksin-Uygulamas\u0131-Samsun.jpg 750w, https:\/\/caglayanyagmur.com.tr\/wp-content\/uploads\/2019\/06\/Botulinium-Toksin-Uygulamas\u0131-Samsun-280x280.jpg 280w, https:\/\/caglayanyagmur.com.tr\/wp-content\/uploads\/2019\/06\/Botulinium-Toksin-Uygulamas\u0131-Samsun-400x400.jpg 400w\" sizes=\"(max-width: 750px) 100vw, 750px\" \/>\t\t\t\t\t\t\t\t\t\t\t<\/div>\n\t\t\t<\/a>\t\t<\/div>\n\n\t\t<div class=\"box-text text-center\" style=\"padding:4px 0px 4px 0px;\">\n\t\t\t<div class=\"box-text-inner\">\n\t\t\t\t\n\n\t<div id=\"text-2698816747\" class=\"text\">\n\t\t\n\n<h2 class=\"uppercase\">Botuluniumtoxin Anwendung<\/h2>\n\n\t\t\n<style>\n#text-2698816747 {\n  font-size: 1.1rem;\n}\n@media (min-width:550px) {\n  #text-2698816747 {\n    font-size: 0.9rem;\n  }\n}\n@media (min-width:850px) {\n  #text-2698816747 {\n    font-size: 0.8rem;\n  }\n}\n<\/style>\n\t<\/div>\n\t\n\n\t\t\t<\/div>\n\t\t<\/div>\n\t<\/div>\n\t\n\n\t\t<\/div>\n\t\t\t\t\n<style>\n#col-1566206492 > .col-inner {\n  margin: 0px 0px 30px 0px;\n}\n<\/style>\n\t<\/div>\n\n\t\n\n<\/div>\n<p>\n<p>&nbsp;<\/p>\n","protected":false},"excerpt":{"rendered":"<p>&nbsp;<\/p>\n","protected":false},"author":1,"featured_media":0,"parent":0,"menu_order":0,"comment_status":"closed","ping_status":"closed","template":"page-blank-title-center.php","meta":{"footnotes":""},"class_list":["post-459","page","type-page","status-publish","hentry"],"yoast_head":"<!-- This site is optimized with the Yoast SEO plugin v26.4 - https:\/\/yoast.com\/wordpress\/plugins\/seo\/ -->\n<title>Ameliyats\u0131z Estetik Nedir? \u00c7e\u015fitleri Nelerdir? | Do\u00e7. Dr. \u00c7a\u011flayan YA\u011eMUR<\/title>\n<meta name=\"description\" content=\"Estetik alan\u0131nda \u00f6nc\u00fc isim Do\u00e7. Dr. \u00c7a\u011flayan YA\u011eMUR ile ameliyats\u0131z y\u00f6ntemlerle m\u00fckemmel bir d\u00f6n\u00fc\u015f\u00fcm ya\u015fay\u0131n. Hemen T\u0131kla!\" \/>\n<meta name=\"robots\" content=\"index, follow, max-snippet:-1, max-image-preview:large, max-video-preview:-1\" \/>\n<link rel=\"canonical\" href=\"https:\/\/caglayanyagmur.com.tr\/de\/ameliyatsiz-estetik\/\" \/>\n<meta property=\"og:locale\" content=\"de_DE\" \/>\n<meta property=\"og:locale:alternate\" content=\"tr_TR\" \/>\n<meta property=\"og:locale:alternate\" content=\"en_US\" \/>\n<meta property=\"og:type\" content=\"article\" \/>\n<meta property=\"og:title\" content=\"Ameliyats\u0131z Estetik Nedir? \u00c7e\u015fitleri Nelerdir? | Do\u00e7. Dr. \u00c7a\u011flayan YA\u011eMUR\" \/>\n<meta property=\"og:description\" content=\"Estetik alan\u0131nda \u00f6nc\u00fc isim Do\u00e7. Dr. \u00c7a\u011flayan YA\u011eMUR ile ameliyats\u0131z y\u00f6ntemlerle m\u00fckemmel bir d\u00f6n\u00fc\u015f\u00fcm ya\u015fay\u0131n. Hemen T\u0131kla!\" \/>\n<meta property=\"og:url\" content=\"https:\/\/caglayanyagmur.com.tr\/de\/ameliyatsiz-estetik\/\" \/>\n<meta property=\"og:site_name\" content=\"Do\u00e7. Dr. \u00c7a\u011flayan YA\u011eMUR\" \/>\n<meta property=\"article:publisher\" content=\"https:\/\/www.facebook.com\/drcaglayanyagmurestetik\/\" \/>\n<meta property=\"article:modified_time\" content=\"2024-02-21T06:12:37+00:00\" \/>\n<meta property=\"og:image\" content=\"https:\/\/caglayanyagmur.com.tr\/wp-content\/uploads\/2022\/02\/caglayan-yagmur-tanitim-videosu.png\" \/>\n\t<meta property=\"og:image:width\" content=\"1440\" \/>\n\t<meta property=\"og:image:height\" content=\"614\" \/>\n\t<meta property=\"og:image:type\" content=\"image\/png\" \/>\n<meta name=\"twitter:card\" content=\"summary_large_image\" \/>\n<meta name=\"twitter:label1\" content=\"Gesch\u00e4tzte Lesezeit\" \/>\n\t<meta name=\"twitter:data1\" content=\"1\u00a0Minute\" \/>\n<script type=\"application\/ld+json\" class=\"yoast-schema-graph\">{\"@context\":\"https:\/\/schema.org\",\"@graph\":[{\"@type\":\"WebPage\",\"@id\":\"https:\/\/caglayanyagmur.com.tr\/ameliyatsiz-estetik\/\",\"url\":\"https:\/\/caglayanyagmur.com.tr\/ameliyatsiz-estetik\/\",\"name\":\"Ameliyats\u0131z Estetik Nedir? \u00c7e\u015fitleri Nelerdir? | Do\u00e7. Dr. \u00c7a\u011flayan YA\u011eMUR\",\"isPartOf\":{\"@id\":\"https:\/\/caglayanyagmur.com.tr\/#website\"},\"datePublished\":\"2019-06-03T11:46:45+00:00\",\"dateModified\":\"2024-02-21T06:12:37+00:00\",\"description\":\"Estetik alan\u0131nda \u00f6nc\u00fc isim Do\u00e7. Dr. \u00c7a\u011flayan YA\u011eMUR ile ameliyats\u0131z y\u00f6ntemlerle m\u00fckemmel bir d\u00f6n\u00fc\u015f\u00fcm ya\u015fay\u0131n. Hemen T\u0131kla!\",\"breadcrumb\":{\"@id\":\"https:\/\/caglayanyagmur.com.tr\/ameliyatsiz-estetik\/#breadcrumb\"},\"inLanguage\":\"de-DE\",\"potentialAction\":[{\"@type\":\"ReadAction\",\"target\":[\"https:\/\/caglayanyagmur.com.tr\/ameliyatsiz-estetik\/\"]}]},{\"@type\":\"BreadcrumbList\",\"@id\":\"https:\/\/caglayanyagmur.com.tr\/ameliyatsiz-estetik\/#breadcrumb\",\"itemListElement\":[{\"@type\":\"ListItem\",\"position\":1,\"name\":\"Ana sayfa\",\"item\":\"https:\/\/caglayanyagmur.com.tr\/\"},{\"@type\":\"ListItem\",\"position\":2,\"name\":\"Ameliyats\u0131z Estetik\"}]},{\"@type\":\"WebSite\",\"@id\":\"https:\/\/caglayanyagmur.com.tr\/#website\",\"url\":\"https:\/\/caglayanyagmur.com.tr\/\",\"name\":\"Do\u00e7. Dr. \u00c7a\u011flayan YA\u011eMUR\",\"description\":\"Plastik ve Estetik Cerrahi Uzman\u0131\",\"publisher\":{\"@id\":\"https:\/\/caglayanyagmur.com.tr\/#organization\"},\"alternateName\":\"\u00c7a\u011flayan Ya\u011fmur\",\"potentialAction\":[{\"@type\":\"SearchAction\",\"target\":{\"@type\":\"EntryPoint\",\"urlTemplate\":\"https:\/\/caglayanyagmur.com.tr\/?s={search_term_string}\"},\"query-input\":{\"@type\":\"PropertyValueSpecification\",\"valueRequired\":true,\"valueName\":\"search_term_string\"}}],\"inLanguage\":\"de-DE\"},{\"@type\":\"Organization\",\"@id\":\"https:\/\/caglayanyagmur.com.tr\/#organization\",\"name\":\"Do\u00e7. Dr. \u00c7a\u011flayan YA\u011eMUR Muayenehanesi\",\"alternateName\":\"Estetik Cerrahi Klini\u011fi\",\"url\":\"https:\/\/caglayanyagmur.com.tr\/\",\"logo\":{\"@type\":\"ImageObject\",\"inLanguage\":\"de-DE\",\"@id\":\"https:\/\/caglayanyagmur.com.tr\/#\/schema\/logo\/image\/\",\"url\":\"https:\/\/caglayanyagmur.com.tr\/wp-content\/uploads\/2023\/03\/Doc-dr-caglayan-yagmur-4.png\",\"contentUrl\":\"https:\/\/caglayanyagmur.com.tr\/wp-content\/uploads\/2023\/03\/Doc-dr-caglayan-yagmur-4.png\",\"width\":693,\"height\":620,\"caption\":\"Do\u00e7. Dr. \u00c7a\u011flayan YA\u011eMUR Muayenehanesi\"},\"image\":{\"@id\":\"https:\/\/caglayanyagmur.com.tr\/#\/schema\/logo\/image\/\"},\"sameAs\":[\"https:\/\/www.facebook.com\/drcaglayanyagmurestetik\/\",\"https:\/\/www.instagram.com\/caglayanyagmurestetik\/\",\"https:\/\/www.linkedin.com\/in\/caglayan-yagmur-86592731\",\"https:\/\/www.youtube.com\/@caglayanyagmurestetik\"]}]}<\/script>\n<!-- \/ Yoast SEO plugin. -->","yoast_head_json":{"title":"Ameliyats\u0131z Estetik Nedir? \u00c7e\u015fitleri Nelerdir? | Do\u00e7. Dr. \u00c7a\u011flayan YA\u011eMUR","description":"Estetik alan\u0131nda \u00f6nc\u00fc isim Do\u00e7. Dr. \u00c7a\u011flayan YA\u011eMUR ile ameliyats\u0131z y\u00f6ntemlerle m\u00fckemmel bir d\u00f6n\u00fc\u015f\u00fcm ya\u015fay\u0131n. Hemen T\u0131kla!","robots":{"index":"index","follow":"follow","max-snippet":"max-snippet:-1","max-image-preview":"max-image-preview:large","max-video-preview":"max-video-preview:-1"},"canonical":"https:\/\/caglayanyagmur.com.tr\/de\/ameliyatsiz-estetik\/","og_locale":"de_DE","og_type":"article","og_title":"Ameliyats\u0131z Estetik Nedir? \u00c7e\u015fitleri Nelerdir? | Do\u00e7. Dr. \u00c7a\u011flayan YA\u011eMUR","og_description":"Estetik alan\u0131nda \u00f6nc\u00fc isim Do\u00e7. Dr. \u00c7a\u011flayan YA\u011eMUR ile ameliyats\u0131z y\u00f6ntemlerle m\u00fckemmel bir d\u00f6n\u00fc\u015f\u00fcm ya\u015fay\u0131n. Hemen T\u0131kla!","og_url":"https:\/\/caglayanyagmur.com.tr\/de\/ameliyatsiz-estetik\/","og_site_name":"Do\u00e7. Dr. \u00c7a\u011flayan YA\u011eMUR","article_publisher":"https:\/\/www.facebook.com\/drcaglayanyagmurestetik\/","article_modified_time":"2024-02-21T06:12:37+00:00","og_image":[{"width":1440,"height":614,"url":"https:\/\/caglayanyagmur.com.tr\/wp-content\/uploads\/2022\/02\/caglayan-yagmur-tanitim-videosu.png","type":"image\/png"}],"twitter_card":"summary_large_image","twitter_misc":{"Gesch\u00e4tzte Lesezeit":"1\u00a0Minute"},"schema":{"@context":"https:\/\/schema.org","@graph":[{"@type":"WebPage","@id":"https:\/\/caglayanyagmur.com.tr\/ameliyatsiz-estetik\/","url":"https:\/\/caglayanyagmur.com.tr\/ameliyatsiz-estetik\/","name":"Ameliyats\u0131z Estetik Nedir? \u00c7e\u015fitleri Nelerdir? | Do\u00e7. Dr. \u00c7a\u011flayan YA\u011eMUR","isPartOf":{"@id":"https:\/\/caglayanyagmur.com.tr\/#website"},"datePublished":"2019-06-03T11:46:45+00:00","dateModified":"2024-02-21T06:12:37+00:00","description":"Estetik alan\u0131nda \u00f6nc\u00fc isim Do\u00e7. Dr. \u00c7a\u011flayan YA\u011eMUR ile ameliyats\u0131z y\u00f6ntemlerle m\u00fckemmel bir d\u00f6n\u00fc\u015f\u00fcm ya\u015fay\u0131n. Hemen T\u0131kla!","breadcrumb":{"@id":"https:\/\/caglayanyagmur.com.tr\/ameliyatsiz-estetik\/#breadcrumb"},"inLanguage":"de-DE","potentialAction":[{"@type":"ReadAction","target":["https:\/\/caglayanyagmur.com.tr\/ameliyatsiz-estetik\/"]}]},{"@type":"BreadcrumbList","@id":"https:\/\/caglayanyagmur.com.tr\/ameliyatsiz-estetik\/#breadcrumb","itemListElement":[{"@type":"ListItem","position":1,"name":"Ana sayfa","item":"https:\/\/caglayanyagmur.com.tr\/"},{"@type":"ListItem","position":2,"name":"Ameliyats\u0131z Estetik"}]},{"@type":"WebSite","@id":"https:\/\/caglayanyagmur.com.tr\/#website","url":"https:\/\/caglayanyagmur.com.tr\/","name":"Do\u00e7. Dr. \u00c7a\u011flayan YA\u011eMUR","description":"Plastik ve Estetik Cerrahi Uzman\u0131","publisher":{"@id":"https:\/\/caglayanyagmur.com.tr\/#organization"},"alternateName":"\u00c7a\u011flayan Ya\u011fmur","potentialAction":[{"@type":"SearchAction","target":{"@type":"EntryPoint","urlTemplate":"https:\/\/caglayanyagmur.com.tr\/?s={search_term_string}"},"query-input":{"@type":"PropertyValueSpecification","valueRequired":true,"valueName":"search_term_string"}}],"inLanguage":"de-DE"},{"@type":"Organization","@id":"https:\/\/caglayanyagmur.com.tr\/#organization","name":"Do\u00e7. Dr. \u00c7a\u011flayan YA\u011eMUR Muayenehanesi","alternateName":"Estetik Cerrahi Klini\u011fi","url":"https:\/\/caglayanyagmur.com.tr\/","logo":{"@type":"ImageObject","inLanguage":"de-DE","@id":"https:\/\/caglayanyagmur.com.tr\/#\/schema\/logo\/image\/","url":"https:\/\/caglayanyagmur.com.tr\/wp-content\/uploads\/2023\/03\/Doc-dr-caglayan-yagmur-4.png","contentUrl":"https:\/\/caglayanyagmur.com.tr\/wp-content\/uploads\/2023\/03\/Doc-dr-caglayan-yagmur-4.png","width":693,"height":620,"caption":"Do\u00e7. Dr. \u00c7a\u011flayan YA\u011eMUR Muayenehanesi"},"image":{"@id":"https:\/\/caglayanyagmur.com.tr\/#\/schema\/logo\/image\/"},"sameAs":["https:\/\/www.facebook.com\/drcaglayanyagmurestetik\/","https:\/\/www.instagram.com\/caglayanyagmurestetik\/","https:\/\/www.linkedin.com\/in\/caglayan-yagmur-86592731","https:\/\/www.youtube.com\/@caglayanyagmurestetik"]}]}},"_links":{"self":[{"href":"https:\/\/caglayanyagmur.com.tr\/de\/wp-json\/wp\/v2\/pages\/459","targetHints":{"allow":["GET"]}}],"collection":[{"href":"https:\/\/caglayanyagmur.com.tr\/de\/wp-json\/wp\/v2\/pages"}],"about":[{"href":"https:\/\/caglayanyagmur.com.tr\/de\/wp-json\/wp\/v2\/types\/page"}],"author":[{"embeddable":true,"href":"https:\/\/caglayanyagmur.com.tr\/de\/wp-json\/wp\/v2\/users\/1"}],"replies":[{"embeddable":true,"href":"https:\/\/caglayanyagmur.com.tr\/de\/wp-json\/wp\/v2\/comments?post=459"}],"version-history":[{"count":28,"href":"https:\/\/caglayanyagmur.com.tr\/de\/wp-json\/wp\/v2\/pages\/459\/revisions"}],"predecessor-version":[{"id":3256,"href":"https:\/\/caglayanyagmur.com.tr\/de\/wp-json\/wp\/v2\/pages\/459\/revisions\/3256"}],"wp:attachment":[{"href":"https:\/\/caglayanyagmur.com.tr\/de\/wp-json\/wp\/v2\/media?parent=459"}],"curies":[{"name":"wp","href":"https:\/\/api.w.org\/{rel}","templated":true}]}}