{"id":2260,"date":"2022-02-07T22:48:36","date_gmt":"2022-02-07T19:48:36","guid":{"rendered":"https:\/\/caglayanyagmur.com.tr\/?page_id=2260"},"modified":"2024-02-22T16:28:30","modified_gmt":"2024-02-22T13:28:30","slug":"kvkk-aydinlatma-metni","status":"publish","type":"page","link":"https:\/\/caglayanyagmur.com.tr\/de\/kvkk-aydinlatma-metni\/","title":{"rendered":"KVKK AYDINLATMA METN\u0130"},"content":{"rendered":"<p>Veri Sorumlusu : Do\u00e7. Dr. \u00c7a\u011flayan YA\u011eMUR<br \/>Adres : Mimar Sinan Mahallesi Adnan Menderes 1. K\u0131s\u0131m Bulvar\u0131 No: 247\/A Atakum \/ Samsun<br \/>\u0130leti\u015fim : <a href=\"tel:\/\/+905447947475\">+90 544 794 74 75<\/a><\/p>\n<p>\u00a0 \u00a0Veri sorumlusu olarak ki\u015fisel verilerinizin g\u00fcvenli\u011fi hususuna azami hassasiyet g\u00f6stermekteyiz. Bu bilin\u00e7le, t\u00fcm hizmetlerimizden faydalanan ki\u015filer dahil faaliyet alan\u0131m\u0131zla ili\u015fkili t\u00fcm \u015fah\u0131slara ait her t\u00fcrl\u00fc ki\u015fisel verilerin 6698 say\u0131l\u0131 Ki\u015fisel Verilerin Korunmas\u0131 Kanunu (\u201cKVK Kanunu\u201d)\u2019na, \u201cKi\u015fisel Sa\u011fl\u0131k verilerinin \u0130\u015flenmesi ve Mahremiyetinin Sa\u011flanmas\u0131 Hakk\u0131nda y\u00f6netmelik\u201d ve ilgili mevzuata uygun olarak i\u015flenerek, muhafaza edilmesine b\u00fcy\u00fck \u00f6nem atfetmekteyiz. Bu sorumlulu\u011fumuzun tam idraki ile Veri Sorumlusu s\u0131fat\u0131yla, ki\u015fisel verilerinizi a\u015fa\u011f\u0131da izah edildi\u011fi surette ve mevzuat taraf\u0131ndan emredilen s\u0131n\u0131rlar \u00e7er\u00e7evesinde i\u015flemekteyiz.<\/p>\n<p>Ki\u015fisel Verilerin Korunmas\u0131 Kanunu <br \/>MADDE 3- Tan\u0131mlar<\/p>\n<p>a) A\u00e7\u0131k r\u0131za: Belirli bir konuya ili\u015fkin, bilgilendirilmeye dayanan ve \u00f6zg\u00fcr iradeyle a\u00e7\u0131klanan r\u0131zay\u0131, <br \/>b) Anonim h\u00e2le getirme: Ki\u015fisel verilerin, ba\u015fka verilerle e\u015fle\u015ftirilerek dahi hi\u00e7bir surette kimli\u011fi belirli veya belirlenebilir bir ger\u00e7ek ki\u015fiyle ili\u015fkilendirilemeyecek h\u00e2le getirilmesini, <br \/>c) Ba\u015fkan: Ki\u015fisel Verileri Koruma Kurumu Ba\u015fkan\u0131n\u0131, <br \/>\u00e7) \u0130lgili ki\u015fi: Ki\u015fisel verisi i\u015flenen ger\u00e7ek ki\u015fiyi, <br \/>d) Ki\u015fisel veri: Kimli\u011fi belirli veya belirlenebilir ger\u00e7ek ki\u015fiye ili\u015fkin her t\u00fcrl\u00fc bilgiyi, <br \/>e) Ki\u015fisel verilerin i\u015flenmesi: Ki\u015fisel verilerin tamamen veya k\u0131smen otomatik olan ya da herhangi bir veri kay\u0131t sisteminin par\u00e7as\u0131 olmak kayd\u0131yla otomatik olmayan yollarla elde edilmesi, kaydedilmesi, depolanmas\u0131, muhafaza edilmesi, de\u011fi\u015ftirilmesi, yeniden d\u00fczenlenmesi, a\u00e7\u0131klanmas\u0131, aktar\u0131lmas\u0131, devral\u0131nmas\u0131, elde edilebilir h\u00e2le getirilmesi, s\u0131n\u0131fland\u0131r\u0131lmas\u0131 ya da kullan\u0131lmas\u0131n\u0131n engellenmesi gibi veriler \u00fczerinde ger\u00e7ekle\u015ftirilen her t\u00fcrl\u00fc i\u015flemi, <br \/>f) Kurul: Ki\u015fisel Verileri Koruma Kurulunu, <br \/>g) Kurum: Ki\u015fisel Verileri Koruma Kurumunu, <br \/>\u011f) Veri i\u015fleyen: Veri sorumlusunun verdi\u011fi yetkiye dayanarak onun ad\u0131na ki\u015fisel verileri i\u015fleyen ger\u00e7ek veya t\u00fczel ki\u015fiyi, <br \/>h) Veri kay\u0131t sistemi: Ki\u015fisel verilerin belirli kriterlere g\u00f6re yap\u0131land\u0131r\u0131larak i\u015flendi\u011fi kay\u0131t sistemini, <br \/>\u0131) Veri sorumlusu: Ki\u015fisel verilerin i\u015fleme ama\u00e7lar\u0131n\u0131 ve vas\u0131talar\u0131n\u0131 belirleyen, veri kay\u0131t sisteminin kurulmas\u0131ndan ve y\u00f6netilmesinden sorumlu olan ger\u00e7ek veya t\u00fczel ki\u015fiyi, ifade eder <\/p>\n<p>\u0130\u015eLENEN K\u0130\u015e\u0130SEL VER\u0130LER VE \u00d6ZEL N\u0130TEL\u0130KL\u0130 K\u0130\u015e\u0130SEL VER\u0130LER: <\/p>\n<p>\u00a0 \u00a0Veri sorumlusu olarak faaliyetlerimiz kapsam\u0131nda ilgili ki\u015finin; Kimlik Verisi, \u0130leti\u015fim Verisi, Finans verisi, \u00dcr\u00fcn hizmet alan ki\u015fi\/ hasta\/ m\u00fc\u015fteri verisi, i\u015flem g\u00fcvenli\u011fi, sa\u011fl\u0131k verisi, tutulmaktad\u0131r. Ba\u015fka bir ifade ile ilgili ki\u015fiye ait olan Ad, Soyad, T.C. Kimlik Numaras\u0131, medeni hal, meslek, Cinsiyet, Do\u011fum Tarihi, e-posta adresi, telefon numaras\u0131, adres bilgisi, kredi kart\u0131 ve \u00f6deme bilgileri, sa\u011fl\u0131k hizmetlerinin finansman\u0131 ve planlanmas\u0131 amac\u0131yla \u00f6zel sa\u011fl\u0131k sigortas\u0131na ili\u015fkin verileriniz, Randevu Tarihi, Randevu Saati, yap\u0131lan i\u015fleme dair bilgiler, hasta t\u0131bbi rapor, laboratuvar sonu\u00e7lar\u0131, test sonu\u00e7lar\u0131, muayene verileri, doktor analiz ve yorumlar\u0131, ilgili ki\u015fiye ait tan\u0131 ge\u00e7mi\u015fi bilgileri, tan\u0131, kullan\u0131lan ve \u00f6nerilen \u0130la\u00e7lar, re\u00e7ete bilgisi, a\u015f\u0131 bilgisi, boy, kilo, hasta yak\u0131n\u0131 bilgileri de dahil olmak \u00fczere bunlarla s\u0131n\u0131rl\u0131 olmaks\u0131z\u0131n t\u0131bbi te\u015fhis, tedavi ve bak\u0131m hizmetlerinin y\u00fcr\u00fct\u00fclmesi s\u0131ras\u0131nda ve\/ veya bunlar\u0131n bir sonucu olarak elde edilen her t\u00fcrl\u00fc sa\u011fl\u0131k bilgileridir. <\/p>\n<p>\u0130\u015eLENEN K\u0130\u015e\u0130SEL VE \u00d6ZEL N\u0130TEL\u0130KL\u0130 K\u0130\u015e\u0130SEL VER\u0130LER\u0130N \u0130\u015eLEME AMA\u00c7LARI: <\/p>\n<p>\u00a0 \u00a0\u0130lgili ki\u015fiye ait bahsi ge\u00e7en ki\u015fisel veriler\/ \u00f6zel nitelikli ki\u015fisel veriler, \u0130\u015flenmelerini gerektiren ama\u00e7 \u00e7er\u00e7evesinde ve bu ama\u00e7 ile ba\u011flant\u0131l\u0131,s\u0131n\u0131rl\u0131 ve \u00f6l\u00e7\u00fcl\u00fc \u015fekilde,<\/p>\n<p>\u2022 Bilgi g\u00fcvenli\u011fi s\u00fcre\u00e7lerinin y\u00fcr\u00fct\u00fclmesi <br \/>\u2022 Eri\u015fim Yetkilerinin Y\u00fcr\u00fct\u00fclmesi <br \/>\u2022 Faaliyetlerin mevzuata uygun y\u00fcr\u00fct\u00fclmesi <br \/>\u2022 Finans ve muhasebe i\u015flerinin y\u00fcr\u00fct\u00fclmesi <br \/>\u2022 Ileti\u015fim faaliyetlerinin y\u00fcr\u00fct\u00fclmesi <br \/>\u2022 I\u015f faaliyetlerinin y\u00fcr\u00fct\u00fclmesi ve denetimi <br \/>\u2022 Mal\/ Hizmet sat\u0131\u015f s\u00fcre\u00e7lerinin y\u00fcr\u00fct\u00fclmesi <br \/>\u2022 M\u00fc\u015fteri ili\u015fkileri y\u00f6netimi s\u00fcre\u00e7lerinin y\u00fcr\u00fct\u00fclmesi <br \/>\u2022 Saklama ve ar\u015fiv faaliyetlerinin y\u00fcr\u00fct\u00fclmesi <br \/>\u2022 S\u00f6zle\u015fme s\u00fcre\u00e7leriinin y\u00fcr\u00fct\u00fclmesi <br \/>\u2022 Talep\/ \u015eikayetlerin Takibi <br \/>\u2022 \u00dccret politikas\u0131n\u0131n y\u00fcr\u00fct\u00fclmesi <br \/>\u2022 Kamu sa\u011fl\u0131\u011f\u0131n\u0131n korunmas\u0131, koruyucu hekimlik, t\u0131bb\u00ee te\u015fhis, tedavi ve bak\u0131m hizmetlerinin y\u00fcr\u00fct\u00fclmesi ve geli\u015ftirilmesi, <br \/>\u2022 Sa\u011fl\u0131k hizmetlerinin geli\u015ftirilmesi ve iyile\u015ftirilmesi , <br \/>\u2022 Yetkili ki\u015fi kurum kurulu\u015flara bilgi verilmesi, <br \/>\u2022 Te\u015fhis, t\u0131bbi tan\u0131 ve tedavi s\u00fcre\u00e7lerinin ve hekimlik hizmetlerinin y\u00fcr\u00fct\u00fclmesi ama\u00e7lar\u0131 ile g\u00fcncelli\u011fini koruyarak kaydedilmekte, depolanmakta, muhafaza edilmekte ve i\u015flenmektedir.<\/p>\n<p>\u00a0 \u00a0Ayr\u0131ca yasada a\u00e7\u0131k bir \u015fekilde belirtilen ama\u00e7larla s\u0131n\u0131rl\u0131 olarak elektronik ortamda ve\/veya fiziksel yollarla toplanmaktad\u0131r. Bunun yan\u0131s\u0131ra, Ki\u015fisel veri\/ \u00f6zel nitelikli ki\u015fisel verilerinizin ba\u015fkalar\u0131 taraf\u0131ndan ele ge\u00e7irilmesini engelleyebilmek ad\u0131na kimlik tespiti ve do\u011frulama, kamu sa\u011fl\u0131\u011f\u0131n\u0131n korunmas\u0131, koruyucu hekimlik, t\u0131bbi te\u015fhis ve tedavi ile bak\u0131m hizmetlerinin y\u00fcr\u00fct\u00fclmesi, Sa\u011fl\u0131k hizmetleri ile finansman\u0131n\u0131n planlanmas\u0131 ve y\u00f6netimi, gerekli ila\u00e7 ve\/ veya t\u0131bbi malzememe ve\/ veya cihaz temini i\u00e7in de verileriniz kaydedilmekte, depolanmakta, muhafaza edilmekte ve i\u015flenmektedir.<\/p>\n<p>\u0130LG\u0130L\u0130 K\u0130\u015e\u0130N\u0130N HAKLARI:<\/p>\n<p>\u00a0 \u00a0\u0130lgili ki\u015finin haklar\u0131 veri sorumlusunun internet sitesinden yay\u0131nlanan ayd\u0131nlatma metninde a\u00e7\u0131klanm\u0131\u015ft\u0131r. Ayr\u0131ca 6698 say\u0131l\u0131 yasan\u0131n 11. Maddesi a\u015fa\u011f\u0131da belirtilmi\u015ftir.<\/p>\n<p>\u0130lgili ki\u015finin haklar\u0131 <br \/>MADDE 11- <br \/>(1) Herkes, veri sorumlusuna ba\u015fvurarak kendisiyle ilgili; <br \/>a) Ki\u015fisel veri i\u015flenip i\u015flenmedi\u011fini \u00f6\u011frenme, <br \/>b) Ki\u015fisel verileri i\u015flenmi\u015fse buna ili\u015fkin bilgi talep etme, <br \/>c) Ki\u015fisel verilerin i\u015flenme amac\u0131n\u0131 ve bunlar\u0131n amac\u0131na uygun kullan\u0131l\u0131p kullan\u0131lmad\u0131\u011f\u0131n\u0131 \u00f6\u011frenme, <br \/>\u00e7) Yurt i\u00e7inde veya yurt d\u0131\u015f\u0131nda ki\u015fisel verilerin aktar\u0131ld\u0131\u011f\u0131 \u00fc\u00e7\u00fcnc\u00fc ki\u015fileri bilme, <br \/>d) Ki\u015fisel verilerin eksik veya yanl\u0131\u015f i\u015flenmi\u015f olmas\u0131 h\u00e2linde bunlar\u0131n d\u00fczeltilmesini isteme, <br \/>e) 7 nci maddede \u00f6ng\u00f6r\u00fclen \u015fartlar \u00e7er\u00e7evesinde ki\u015fisel verilerin silinmesini veya yok edilmesini isteme, <br \/>f) (d) ve (e) bentleri uyar\u0131nca yap\u0131lan i\u015flemlerin, ki\u015fisel verilerin aktar\u0131ld\u0131\u011f\u0131 \u00fc\u00e7\u00fcnc\u00fc ki\u015filere bildirilmesini isteme, <br \/>g) \u0130\u015flenen verilerin m\u00fcnhas\u0131ran otomatik sistemler vas\u0131tas\u0131yla analiz edilmesi suretiyle ki\u015finin kendisi aleyhine bir sonucun ortaya \u00e7\u0131kmas\u0131na itiraz etme, <br \/>\u011f) Ki\u015fisel verilerin kanuna ayk\u0131r\u0131 olarak i\u015flenmesi sebebiyle zarara u\u011framas\u0131 h\u00e2linde zarar\u0131n giderilmesini talep etme, haklar\u0131na sahiptir. Veri sorumlusundan edinilecek ba\u015fvuru formu,<\/p>\n<p>\u00a0 \u00a0Veri Sorumlusuna Ba\u015fvuru Usul Ve Esaslar\u0131 Hakk\u0131nda Tebli\u011f\u2019de yer alan usul ve esaslar\u0131na uygun olarak Veri Sahibi, kimli\u011fini g\u00f6steren belgeler ile birlikte \u201cMimar Sinan Mahallesi Adnan Menderes 1. K\u0131s\u0131m Bulvar\u0131 No: 247\/A Atakum \/ Samsun\u201dadresine \u0131slak imzal\u0131 olarak; ya da info@caglayanyagmur.com.tr adresine elektronik posta adresini kullanmak suretiyle ba\u015fvurabilir. Ba\u015fvuruda yer alan talepler en ge\u00e7 30 g\u00fcn i\u00e7erisinde \u00fccretsiz olarak sonland\u0131r\u0131lacakt\u0131r<\/p>\n","protected":false},"excerpt":{"rendered":"<p>Veri Sorumlusu : Do\u00e7. Dr. \u00c7a\u011flayan YA\u011eMURAdres : Mimar Sinan Mahallesi Adnan Menderes 1. K\u0131s\u0131m Bulvar\u0131 No: 247\/A Atakum \/ Samsun\u0130leti\u015fim : +90 544 794 74 75 \u00a0 \u00a0Veri sorumlusu olarak ki\u015fisel verilerinizin g\u00fcvenli\u011fi hususuna azami hassasiyet g\u00f6stermekteyiz. Bu bilin\u00e7le, t\u00fcm hizmetlerimizden faydalanan ki\u015filer dahil faaliyet alan\u0131m\u0131zla ili\u015fkili t\u00fcm \u015fah\u0131slara ait her t\u00fcrl\u00fc ki\u015fisel verilerin [&#8230;]\n","protected":false},"author":1,"featured_media":0,"parent":0,"menu_order":0,"comment_status":"closed","ping_status":"closed","template":"page-blank-title-center.php","meta":{"footnotes":""},"class_list":["post-2260","page","type-page","status-publish","hentry"],"yoast_head":"<!-- This site is optimized with the Yoast SEO plugin v26.4 - https:\/\/yoast.com\/wordpress\/plugins\/seo\/ -->\n<title>KVKK AYDINLATMA METN\u0130<\/title>\n<meta name=\"robots\" content=\"index, follow, max-snippet:-1, max-image-preview:large, max-video-preview:-1\" \/>\n<link rel=\"canonical\" href=\"https:\/\/caglayanyagmur.com.tr\/de\/kvkk-aydinlatma-metni\/\" \/>\n<meta property=\"og:locale\" content=\"de_DE\" \/>\n<meta property=\"og:locale:alternate\" content=\"tr_TR\" \/>\n<meta property=\"og:locale:alternate\" content=\"en_US\" \/>\n<meta property=\"og:type\" content=\"article\" \/>\n<meta property=\"og:title\" content=\"KVKK AYDINLATMA METN\u0130\" \/>\n<meta property=\"og:description\" content=\"Veri Sorumlusu : Do\u00e7. Dr. \u00c7a\u011flayan YA\u011eMURAdres : Mimar Sinan Mahallesi Adnan Menderes 1. K\u0131s\u0131m Bulvar\u0131 No: 247\/A Atakum \/ Samsun\u0130leti\u015fim : +90 544 794 74 75 \u00a0 \u00a0Veri sorumlusu olarak ki\u015fisel verilerinizin g\u00fcvenli\u011fi hususuna azami hassasiyet g\u00f6stermekteyiz. Bu bilin\u00e7le, t\u00fcm hizmetlerimizden faydalanan ki\u015filer dahil faaliyet alan\u0131m\u0131zla ili\u015fkili t\u00fcm \u015fah\u0131slara ait her t\u00fcrl\u00fc ki\u015fisel verilerin [...]\" \/>\n<meta property=\"og:url\" content=\"https:\/\/caglayanyagmur.com.tr\/de\/kvkk-aydinlatma-metni\/\" \/>\n<meta property=\"og:site_name\" content=\"Do\u00e7. Dr. \u00c7a\u011flayan YA\u011eMUR\" \/>\n<meta property=\"article:publisher\" content=\"https:\/\/www.facebook.com\/drcaglayanyagmurestetik\/\" \/>\n<meta property=\"article:modified_time\" content=\"2024-02-22T13:28:30+00:00\" \/>\n<meta property=\"og:image\" content=\"https:\/\/caglayanyagmur.com.tr\/wp-content\/uploads\/2022\/02\/caglayan-yagmur-tanitim-videosu.png\" \/>\n\t<meta property=\"og:image:width\" content=\"1440\" \/>\n\t<meta property=\"og:image:height\" content=\"614\" \/>\n\t<meta property=\"og:image:type\" content=\"image\/png\" \/>\n<meta name=\"twitter:card\" content=\"summary_large_image\" \/>\n<meta name=\"twitter:label1\" content=\"Gesch\u00e4tzte Lesezeit\" \/>\n\t<meta name=\"twitter:data1\" content=\"6\u00a0Minuten\" \/>\n<script type=\"application\/ld+json\" class=\"yoast-schema-graph\">{\"@context\":\"https:\/\/schema.org\",\"@graph\":[{\"@type\":\"WebPage\",\"@id\":\"https:\/\/caglayanyagmur.com.tr\/kvkk-aydinlatma-metni\/\",\"url\":\"https:\/\/caglayanyagmur.com.tr\/kvkk-aydinlatma-metni\/\",\"name\":\"KVKK AYDINLATMA METN\u0130\",\"isPartOf\":{\"@id\":\"https:\/\/caglayanyagmur.com.tr\/#website\"},\"datePublished\":\"2022-02-07T19:48:36+00:00\",\"dateModified\":\"2024-02-22T13:28:30+00:00\",\"breadcrumb\":{\"@id\":\"https:\/\/caglayanyagmur.com.tr\/kvkk-aydinlatma-metni\/#breadcrumb\"},\"inLanguage\":\"de-DE\",\"potentialAction\":[{\"@type\":\"ReadAction\",\"target\":[\"https:\/\/caglayanyagmur.com.tr\/kvkk-aydinlatma-metni\/\"]}]},{\"@type\":\"BreadcrumbList\",\"@id\":\"https:\/\/caglayanyagmur.com.tr\/kvkk-aydinlatma-metni\/#breadcrumb\",\"itemListElement\":[{\"@type\":\"ListItem\",\"position\":1,\"name\":\"Ana sayfa\",\"item\":\"https:\/\/caglayanyagmur.com.tr\/\"},{\"@type\":\"ListItem\",\"position\":2,\"name\":\"KVKK AYDINLATMA METN\u0130\"}]},{\"@type\":\"WebSite\",\"@id\":\"https:\/\/caglayanyagmur.com.tr\/#website\",\"url\":\"https:\/\/caglayanyagmur.com.tr\/\",\"name\":\"Do\u00e7. Dr. \u00c7a\u011flayan YA\u011eMUR\",\"description\":\"Plastik ve Estetik Cerrahi Uzman\u0131\",\"publisher\":{\"@id\":\"https:\/\/caglayanyagmur.com.tr\/#organization\"},\"alternateName\":\"\u00c7a\u011flayan Ya\u011fmur\",\"potentialAction\":[{\"@type\":\"SearchAction\",\"target\":{\"@type\":\"EntryPoint\",\"urlTemplate\":\"https:\/\/caglayanyagmur.com.tr\/?s={search_term_string}\"},\"query-input\":{\"@type\":\"PropertyValueSpecification\",\"valueRequired\":true,\"valueName\":\"search_term_string\"}}],\"inLanguage\":\"de-DE\"},{\"@type\":\"Organization\",\"@id\":\"https:\/\/caglayanyagmur.com.tr\/#organization\",\"name\":\"Do\u00e7. Dr. \u00c7a\u011flayan YA\u011eMUR Muayenehanesi\",\"alternateName\":\"Estetik Cerrahi Klini\u011fi\",\"url\":\"https:\/\/caglayanyagmur.com.tr\/\",\"logo\":{\"@type\":\"ImageObject\",\"inLanguage\":\"de-DE\",\"@id\":\"https:\/\/caglayanyagmur.com.tr\/#\/schema\/logo\/image\/\",\"url\":\"https:\/\/caglayanyagmur.com.tr\/wp-content\/uploads\/2023\/03\/Doc-dr-caglayan-yagmur-4.png\",\"contentUrl\":\"https:\/\/caglayanyagmur.com.tr\/wp-content\/uploads\/2023\/03\/Doc-dr-caglayan-yagmur-4.png\",\"width\":693,\"height\":620,\"caption\":\"Do\u00e7. Dr. \u00c7a\u011flayan YA\u011eMUR Muayenehanesi\"},\"image\":{\"@id\":\"https:\/\/caglayanyagmur.com.tr\/#\/schema\/logo\/image\/\"},\"sameAs\":[\"https:\/\/www.facebook.com\/drcaglayanyagmurestetik\/\",\"https:\/\/www.instagram.com\/caglayanyagmurestetik\/\",\"https:\/\/www.linkedin.com\/in\/caglayan-yagmur-86592731\",\"https:\/\/www.youtube.com\/@caglayanyagmurestetik\"]}]}<\/script>\n<!-- \/ Yoast SEO plugin. -->","yoast_head_json":{"title":"KVKK AYDINLATMA METN\u0130","robots":{"index":"index","follow":"follow","max-snippet":"max-snippet:-1","max-image-preview":"max-image-preview:large","max-video-preview":"max-video-preview:-1"},"canonical":"https:\/\/caglayanyagmur.com.tr\/de\/kvkk-aydinlatma-metni\/","og_locale":"de_DE","og_type":"article","og_title":"[:tr]KVKK AYDINLATMA METN\u0130[:] | Do\u00e7. Dr. \u00c7a\u011flayan YA\u011eMUR","og_description":"Veri Sorumlusu : Do\u00e7. Dr. \u00c7a\u011flayan YA\u011eMURAdres : Mimar Sinan Mahallesi Adnan Menderes 1. K\u0131s\u0131m Bulvar\u0131 No: 247\/A Atakum \/ Samsun\u0130leti\u015fim : +90 544 794 74 75 \u00a0 \u00a0Veri sorumlusu olarak ki\u015fisel verilerinizin g\u00fcvenli\u011fi hususuna azami hassasiyet g\u00f6stermekteyiz. Bu bilin\u00e7le, t\u00fcm hizmetlerimizden faydalanan ki\u015filer dahil faaliyet alan\u0131m\u0131zla ili\u015fkili t\u00fcm \u015fah\u0131slara ait her t\u00fcrl\u00fc ki\u015fisel verilerin [...]","og_url":"https:\/\/caglayanyagmur.com.tr\/de\/kvkk-aydinlatma-metni\/","og_site_name":"Do\u00e7. Dr. \u00c7a\u011flayan YA\u011eMUR","article_publisher":"https:\/\/www.facebook.com\/drcaglayanyagmurestetik\/","article_modified_time":"2024-02-22T13:28:30+00:00","og_image":[{"width":1440,"height":614,"url":"https:\/\/caglayanyagmur.com.tr\/wp-content\/uploads\/2022\/02\/caglayan-yagmur-tanitim-videosu.png","type":"image\/png"}],"twitter_card":"summary_large_image","twitter_misc":{"Gesch\u00e4tzte Lesezeit":"6\u00a0Minuten"},"schema":{"@context":"https:\/\/schema.org","@graph":[{"@type":"WebPage","@id":"https:\/\/caglayanyagmur.com.tr\/kvkk-aydinlatma-metni\/","url":"https:\/\/caglayanyagmur.com.tr\/kvkk-aydinlatma-metni\/","name":"KVKK AYDINLATMA METN\u0130","isPartOf":{"@id":"https:\/\/caglayanyagmur.com.tr\/#website"},"datePublished":"2022-02-07T19:48:36+00:00","dateModified":"2024-02-22T13:28:30+00:00","breadcrumb":{"@id":"https:\/\/caglayanyagmur.com.tr\/kvkk-aydinlatma-metni\/#breadcrumb"},"inLanguage":"de-DE","potentialAction":[{"@type":"ReadAction","target":["https:\/\/caglayanyagmur.com.tr\/kvkk-aydinlatma-metni\/"]}]},{"@type":"BreadcrumbList","@id":"https:\/\/caglayanyagmur.com.tr\/kvkk-aydinlatma-metni\/#breadcrumb","itemListElement":[{"@type":"ListItem","position":1,"name":"Ana sayfa","item":"https:\/\/caglayanyagmur.com.tr\/"},{"@type":"ListItem","position":2,"name":"KVKK AYDINLATMA METN\u0130"}]},{"@type":"WebSite","@id":"https:\/\/caglayanyagmur.com.tr\/#website","url":"https:\/\/caglayanyagmur.com.tr\/","name":"Do\u00e7. Dr. \u00c7a\u011flayan YA\u011eMUR","description":"Plastik ve Estetik Cerrahi Uzman\u0131","publisher":{"@id":"https:\/\/caglayanyagmur.com.tr\/#organization"},"alternateName":"\u00c7a\u011flayan Ya\u011fmur","potentialAction":[{"@type":"SearchAction","target":{"@type":"EntryPoint","urlTemplate":"https:\/\/caglayanyagmur.com.tr\/?s={search_term_string}"},"query-input":{"@type":"PropertyValueSpecification","valueRequired":true,"valueName":"search_term_string"}}],"inLanguage":"de-DE"},{"@type":"Organization","@id":"https:\/\/caglayanyagmur.com.tr\/#organization","name":"Do\u00e7. Dr. \u00c7a\u011flayan YA\u011eMUR Muayenehanesi","alternateName":"Estetik Cerrahi Klini\u011fi","url":"https:\/\/caglayanyagmur.com.tr\/","logo":{"@type":"ImageObject","inLanguage":"de-DE","@id":"https:\/\/caglayanyagmur.com.tr\/#\/schema\/logo\/image\/","url":"https:\/\/caglayanyagmur.com.tr\/wp-content\/uploads\/2023\/03\/Doc-dr-caglayan-yagmur-4.png","contentUrl":"https:\/\/caglayanyagmur.com.tr\/wp-content\/uploads\/2023\/03\/Doc-dr-caglayan-yagmur-4.png","width":693,"height":620,"caption":"Do\u00e7. Dr. \u00c7a\u011flayan YA\u011eMUR Muayenehanesi"},"image":{"@id":"https:\/\/caglayanyagmur.com.tr\/#\/schema\/logo\/image\/"},"sameAs":["https:\/\/www.facebook.com\/drcaglayanyagmurestetik\/","https:\/\/www.instagram.com\/caglayanyagmurestetik\/","https:\/\/www.linkedin.com\/in\/caglayan-yagmur-86592731","https:\/\/www.youtube.com\/@caglayanyagmurestetik"]}]}},"_links":{"self":[{"href":"https:\/\/caglayanyagmur.com.tr\/de\/wp-json\/wp\/v2\/pages\/2260","targetHints":{"allow":["GET"]}}],"collection":[{"href":"https:\/\/caglayanyagmur.com.tr\/de\/wp-json\/wp\/v2\/pages"}],"about":[{"href":"https:\/\/caglayanyagmur.com.tr\/de\/wp-json\/wp\/v2\/types\/page"}],"author":[{"embeddable":true,"href":"https:\/\/caglayanyagmur.com.tr\/de\/wp-json\/wp\/v2\/users\/1"}],"replies":[{"embeddable":true,"href":"https:\/\/caglayanyagmur.com.tr\/de\/wp-json\/wp\/v2\/comments?post=2260"}],"version-history":[{"count":3,"href":"https:\/\/caglayanyagmur.com.tr\/de\/wp-json\/wp\/v2\/pages\/2260\/revisions"}],"predecessor-version":[{"id":2485,"href":"https:\/\/caglayanyagmur.com.tr\/de\/wp-json\/wp\/v2\/pages\/2260\/revisions\/2485"}],"wp:attachment":[{"href":"https:\/\/caglayanyagmur.com.tr\/de\/wp-json\/wp\/v2\/media?parent=2260"}],"curies":[{"name":"wp","href":"https:\/\/api.w.org\/{rel}","templated":true}]}}