{"id":2253,"date":"2022-02-07T22:35:23","date_gmt":"2022-02-07T19:35:23","guid":{"rendered":"https:\/\/caglayanyagmur.com.tr\/?page_id=2253"},"modified":"2022-02-08T00:47:27","modified_gmt":"2022-02-07T21:47:27","slug":"yasal-uyari","status":"publish","type":"page","link":"https:\/\/caglayanyagmur.com.tr\/de\/yasal-uyari\/","title":{"rendered":"Yasal Uyar\u0131"},"content":{"rendered":"<\/p>\n\n\n\t<section class=\"section\" id=\"section_1568927383\">\n\t\t<div class=\"section-bg fill\" >\n\t\t\t\t\t\t\t\t\t\n\t\t\t\n\n\t\t<\/div>\n\n\t\t\n\n\t\t<div class=\"section-content relative\">\n\t\t\t\n<div class=\"row\"  id=\"row-1196670213\">\n\n\t<div id=\"col-203480041\" class=\"col small-12 large-12\"  >\n\t\t\t\t<div class=\"col-inner\"  >\n\t\t\t\n\t\t\t\n<p>YASAL UYARI<\/p>\n<div class=\"is-divider divider clearfix\" style=\"margin-top:5px;margin-bottom:5px;max-width:100%;height:1px;\"><\/div>\n\t\t<\/div>\n\t\t\t\t\n<style>\n#col-203480041 > .col-inner {\n  padding: 0px 0px 20px 0px;\n}\n<\/style>\n\t<\/div>\n\n\t\n<\/div>\n<div class=\"row row-large\"  id=\"row-367180941\">\n\n\t<div id=\"col-1207980715\" class=\"col medium-3 small-12 large-3\"  >\n\t\t\t\t<div class=\"col-inner\"  >\n\t\t\t\n\t\t\t\n\t<div id=\"text-319716161\" class=\"text\">\n\t\t\n<ul>\n<li class=\"bullet-arrow\"><a href=\"https:\/\/caglayanyagmur.com.tr\/hakkimda\/\">Hakk\u0131mda<\/a><\/li>\n<li class=\"bullet-arrow\"><a href=\"https:\/\/caglayanyagmur.com.tr\/hakkimda\/sertifikalar\/\">Sertifikalar<\/a><\/li>\n<li class=\"bullet-arrow\"><a href=\"https:\/\/caglayanyagmur.com.tr\/hakkimda\/bilimsel-yayinlar\/\">Bilimsel Yay\u0131nlar<\/a><\/li>\n<li class=\"bullet-arrow\"><a href=\"https:\/\/caglayanyagmur.com.tr\/galeri\/\">Muayenehane<\/a><\/li>\n<\/ul>\n\t\t\n<style>\n#text-319716161 {\n  font-size: 0.9rem;\n}\n<\/style>\n\t<\/div>\n\t\n\t\t<\/div>\n\t\t\t\t\t<\/div>\n\n\t\n\n\t<div id=\"col-306205570\" class=\"col medium-9 small-12 large-9 small-col-first\"  >\n\t\t\t\t<div class=\"col-inner\"  >\n\t\t\t\n\t\t\t\n<p>Ki\u015fisel verilerin i\u015flenmesi ve korunmas\u0131na ili\u015fkin y\u00fcr\u00fcrl\u00fckte bulunan t\u00fcm mevzuat ile uyumlu davranmak i\u00e7in azami gayreti g\u00f6stermekteyiz. Klini\u011fimiz ile temasta olan ki\u015filerin ki\u015fisel verilerinin taraf\u0131m\u0131zca i\u015flenmesi hakk\u0131nda daha detayl\u0131 bilgilere a\u015fa\u011f\u0131daki \u201cKi\u015fisel Verilerin Korunmas\u0131\u201d linkinden ula\u015fabilirsiniz.<\/p>\n<a href=\"https:\/\/caglayanyagmur.com.tr\/kvkk-aydinlatma-metni\/\" target=\"_blank\" class=\"button alert is-link is-small\" rel=\"noopener\"  >\n\t<i class=\"icon-plus\" aria-hidden=\"true\" ><\/i>\t<span>KKVK Ayd\u0131nlatma Metni<\/span>\n\t<\/a>\n\n<a href=\"https:\/\/caglayanyagmur.com.tr\/saklama-ve-imha-politikasi\/\" target=\"_blank\" class=\"button alert is-link is-small\" rel=\"noopener\"  >\n\t<i class=\"icon-plus\" aria-hidden=\"true\" ><\/i>\t<span>Saklama ve \u0130mha Politikas\u0131<\/span>\n\t<\/a>\n\n<a href=\"https:\/\/caglayanyagmur.com.tr\/ilgili-kisi-basvuru-formu\/\" target=\"_blank\" class=\"button alert is-link is-small\" rel=\"noopener\"  >\n\t<i class=\"icon-plus\" aria-hidden=\"true\" ><\/i>\t<span>\u0130lgili Ki\u015fi Ba\u015fvuru Formu<\/span>\n\t<\/a>\n\n\t\t<\/div>\n\t\t\t\t\t<\/div>\n\n\t\n<\/div>\n<div class=\"row\"  id=\"row-680096135\">\n\n\t<div id=\"col-1158460265\" class=\"col small-12 large-12\"  >\n\t\t\t\t<div class=\"col-inner\"  >\n\t\t\t\n\t\t\t\n\n  <div class=\"banner has-hover bg-color\" id=\"banner-1014858379\">\n          <div class=\"banner-inner fill\">\n        <div class=\"banner-bg fill\" >\n            <img decoding=\"async\" width=\"1200\" height=\"1200\" src=\"https:\/\/caglayanyagmur.com.tr\/wp-content\/uploads\/2019\/12\/Doc\u0327-Dr-C\u0327ag\u0306layan-Yag\u0306mur-Estetik-Cerrahi-Samsun-Atakum.jpg\" class=\"bg attachment-original size-original\" alt=\"Doc\u0327 Dr C\u0327ag\u0306layan Yag\u0306mur Estetik Cerrahi Samsun Atakum\" \/>                                    \n            <div class=\"effect-sparkle bg-effect fill no-click\"><\/div>        <\/div>\n\t\t\n\t<div class=\"ux-shape-divider ux-shape-divider--bottom ux-shape-divider--style-waves-opacity-3 ux-shape-divider--flip\">\n\t\t<svg viewBox=\"0 0 1000 300\" xmlns=\"http:\/\/www.w3.org\/2000\/svg\" preserveAspectRatio=\"none\">\n\t<path class=\"ux-shape-fill\" opacity=\"0.05\" d=\"M1014 264V386H206L34 300C34 300 344.42 277.16 436 221C542 156 590 160 704 209C811 255 899.11 214.94 979 346L1014 264Z\"\/>\n\t<path class=\"ux-shape-fill\" opacity=\"0.1\" d=\"M-302 55C-302 55 -66.73 263.25 50 214C178 160 283 116 353 141C445.68 174.1 534.28 256.19 588 249C692.9 235 764.52 75.94 855 131C940.61 183.09 1000 254 1000 254V328L-306 338L-302 55Z\"\/>\n\t<path class=\"ux-shape-fill\" opacity=\"0.15\" d=\"M-286 255C-286 255 -72 152 52 126C176 100 255 155 436 227C581.57 284.91 614.7 277.79 708 227C787 184 1009 3.0001 1093 164C1146 265.63 1031 293 1031 293L924 377L-288 389L-286 255Z\"\/>\n\t<path class=\"ux-shape-fill\" opacity=\"0.3\" d=\"M-24 69C-24 69 275.68 370.66 389 314C397 310 622 316 673 356C690.47 369.7 845 224 890 182C944.8 130.85 1018 92 1078 143C1154.12 207.7 1196 242 1196 242L1184 374L-28 386L-24 69Z\"\/>\n\t<path class=\"ux-shape-fill\" d=\"M-12 201C-12 201 58 284 182 258C306 232 342.29 221.23 456 264C565 305 640.82 288.36 721 249C776 222 837.5 191.31 935 253C984 284 1030 279 1030 279L1024 430L-12 440V201Z\"\/>\n<\/svg>\n\t<\/div>\n        <div class=\"banner-layers container\">\n            <div class=\"fill banner-link\"><\/div>            \n        <\/div>\n      <\/div>\n\n            \n<style>\n#banner-1014858379 {\n  padding-top: 99.99%;\n  background-color: rgb(247, 245, 244);\n}\n#banner-1014858379 .banner-bg img {\n  object-position: 53% 40%;\n}\n#banner-1014858379 .ux-shape-divider--bottom svg {\n  height: 150px;\n  --divider-width: 100%;\n}\n@media (min-width:550px) {\n  #banner-1014858379 {\n    padding-top: 500px;\n  }\n}\n<\/style>\n  <\/div>\n\n\n\t\t<\/div>\n\t\t\t\t\t<\/div>\n\n\t\n<\/div>\n<div class=\"row align-center\"  id=\"row-309175595\">\n\n\t<div id=\"col-174288781\" class=\"col medium-9 small-12 large-9\"  >\n\t\t\t\t<div class=\"col-inner\"  >\n\t\t\t\n\t\t\t\n\t<div id=\"gap-1760022977\" class=\"gap-element clearfix\" style=\"display:block; height:auto;\">\n\t\t\n<style>\n#gap-1760022977 {\n  padding-top: 30px;\n}\n<\/style>\n\t<\/div>\n\t\n<p>www.caglayanyagmur.com.tr internet sitemiz i\u00e7eri\u011finde yer alan bilgi, yorum, g\u00f6r\u00fcnt\u00fc, dok\u00fcman, foto\u011fraf, ses kayd\u0131, video, g\u00f6r\u00fc\u015f v.b. \u015feyler yaln\u0131zca e\u011fitim ve bilgilendirme amac\u0131yla sunulmaktad\u0131r. Reklam, te\u015fhis, tan\u0131, tedavi, y\u00f6nlendirme ve ticari bir amac\u0131 bulunmamaktad\u0131r. \u0130\u00e7erikte yer verilenler profesyonel t\u0131bbi bak\u0131m yerine ge\u00e7memektedir, t\u0131bbi tavsiye ve hizmetler i\u00e7ermemektedir. Bir sa\u011fl\u0131k sorununuz varsa veya b\u00f6yle bir sorununuz oldu\u011fundan \u015f\u00fcpheleniyorsan\u0131z mutlaka hekiminize dan\u0131\u015fman\u0131z gerekmektedir. Bu konudaki her t\u00fcrl\u00fc karar ve sorumluluk web sitesini ziyaret eden ki\u015filere aittir.<\/p>\n<p>Web sitesini ziyaret eden ki\u015filer, her t\u00fcrl\u00fc sorumluluk kendilerine ait olmak \u00fczere web sitesine ve i\u00e7eri\u011fine ula\u015fmay\u0131 kabul etmi\u015f say\u0131lmaktad\u0131r. Sitede yer alan i\u00e7erik ve e-uygulamalar nedeniyle hi\u00e7 bir ki\u015fi ve\/veya kurulu\u015fa kar\u015f\u0131 taahh\u00fctte bulunulmamaktad\u0131r.<\/p>\n<p>Klini\u011fimiz, hi\u00e7bir hal ve \u015fartta, bu sitede yer alan veya bu site arac\u0131l\u0131\u011f\u0131yla eri\u015filen bilgilerin kullan\u0131m\u0131yla (veya hatal\u0131 kullan\u0131m\u0131yla) her hangi bir bi\u00e7imde ili\u015fkilendirilebilecek hi\u00e7bir zarar veya sorumluluktan \u00f6t\u00fcr\u00fc veya dolayl\u0131 olarak sorumlu ve y\u00fck\u00fcml\u00fc olmayacakt\u0131r.<\/p>\n<p>\u0130nternet sitemizde yer alan bilgilerin do\u011fru, mevcut ve ger\u00e7ek durumu yans\u0131tmas\u0131 i\u00e7in her t\u00fcrl\u00fc \u00f6zen ve gayreti g\u00f6stermektedir. Ancak buna ra\u011fmen e-uygulamalar veya site i\u00e7eri\u011finde yer alan yaz\u0131m hatas\u0131, eksikli\u011fi, g\u00fcncellemede gecikme, muhtemel bir yanl\u0131\u015fl\u0131k veya ba\u015fkaca nedenlerden dolay\u0131 olu\u015fabilecek zarar nedeniyle sorumlu veya y\u00fck\u00fcml\u00fc olmayacakt\u0131r.<\/p>\n<p>Sitede yer alan i\u00e7erik ve uygulamalar\u0131n \u00f6nceden haber verilmeksizin g\u00fcncellenmesi, d\u00fczenlenmesi, de\u011fi\u015ftirilmesi, kald\u0131r\u0131lmas\u0131 gibi i\u015flemlerin yap\u0131lmas\u0131 hakk\u0131 ve yetkisi yaln\u0131zca Do\u00e7. Dr. \u00c7a\u011flayan YA\u011eMUR\u2019a aittir.<\/p>\n<p>Sitede yer alan i\u00e7eri\u011fin (bilgi, dok\u00fcman, foto\u011fraf, ses kayd\u0131, g\u00f6r\u00fcnt\u00fc, video v.s.) Do\u00e7. Dr. \u00c7a\u011flayan YA\u011eMUR&#8217;un yaz\u0131l\u0131 izni olmaks\u0131z\u0131n k\u0131smen veya tamamen kopya edilmesi, yay\u0131nlanmas\u0131, da\u011f\u0131t\u0131lmas\u0131, de\u011fi\u015ftirilmesi, saklanmas\u0131, ticari bir ama\u00e7la kullan\u0131lmas\u0131 veya kulland\u0131r\u0131lmas\u0131 v.b. faaliyetler yasakt\u0131r. Bu konudaki t\u00fcm haklar sakl\u0131d\u0131r.<\/p>\n<p>www.caglayanyagmur.com.tr internet sitesinin kullan\u0131c\u0131lar\u0131na, ilgilerini \u00e7ekebilecek ba\u015fka internet sitelerine \u00fcst ba\u011flant\u0131lar kurarak bu sitelere eri\u015fim sa\u011flayabilir. www.caglayanyagmur.com.tr internet sitelerinden eri\u015filebilecek her hangi bir bilgiye dair bunlar\u0131n do\u011frulu\u011fu ve eksiksizli\u011fi de dahil olmak \u00fczere hi\u00e7bir beyanat veya g\u00fcvence sunulmamaktad\u0131r. Do\u00e7. Dr. \u00c7a\u011flayan YA\u011eMUR, ba\u015fka bir internet sitesine \u00fcst ba\u011flant\u0131 i\u00e7erirken bu sitelerde belirtilen g\u00f6r\u00fc\u015f veya d\u00fc\u015f\u00fcncelere ili\u015fkin hi\u00e7bir onayda da bulunmamaktad\u0131r. Bu web sitesi \u00fczerinden ba\u015fka sitelere yap\u0131lacak ba\u011flant\u0131lar nedeniyle olu\u015fabilecek zararlardan klini\u011fimiz sorumlu olmayacakt\u0131r.<\/p>\n<p>Web sitesine \u00fcye olan kullan\u0131c\u0131lara mahsus e-hizmetlerden faydalanan ziyaret\u00e7ilerin, siteye \u00fcye giri\u015fi i\u00e7in kulland\u0131klar\u0131 kullan\u0131c\u0131 adlar\u0131n\u0131 ve\/veya \u015fifrelerini hi\u00e7 kimseyle payla\u015fmamas\u0131, bu bilgilerin gizli ve ki\u015fisel nitelikte olmas\u0131 nedeniyle \u00fc\u00e7\u00fcnc\u00fc \u015fah\u0131slar taraf\u0131ndan kullan\u0131lmas\u0131na engel olacak \u015fekilde gerekli gizlili\u011fi ve \u00f6zeni g\u00f6stermeleri zorunludur. Aksi halde meydana gelebilecek her t\u00fcrl\u00fc zarardan dolay\u0131 sorumluk kullan\u0131c\u0131lara aittir.<\/p>\n<p>Kli\u011finimiz, bildirilen ki\u015fisel bilgileri yasal bir zorunluluk olmad\u0131k\u00e7a \u00fc\u00e7\u00fcnc\u00fc ki\u015filere a\u00e7\u0131klamayacak ve bu bilgilerin gizli kalmas\u0131 konusunda gereken \u00f6zeni g\u00f6sterecektir.<\/p>\n<p>Do\u00e7 Dr. \u00c7a\u011flayan YA\u011eMUR MUAYENEHANES\u0130<\/p>\n<p>Adres: Mimar Sinan Mahallesi Adnan Menderes 1. K\u0131s\u0131m Bulvar\u0131 No: 247\/A         Atakum \/ Samsun<\/p>\n<p>Mail : info@caglayanyagmur.com.tr<\/p>\n\t\t<\/div>\n\t\t\t\t\t<\/div>\n\n\t\n<\/div>\n\t\t<\/div>\n\n\t\t\n<style>\n#section_1568927383 {\n  padding-top: 30px;\n  padding-bottom: 30px;\n}\n<\/style>\n\t<\/section>\n\t\n<p>\n","protected":false},"excerpt":{"rendered":"","protected":false},"author":1,"featured_media":0,"parent":0,"menu_order":0,"comment_status":"closed","ping_status":"closed","template":"page-blank.php","meta":{"footnotes":""},"class_list":["post-2253","page","type-page","status-publish","hentry"],"yoast_head":"<!-- This site is optimized with the Yoast SEO plugin v26.4 - https:\/\/yoast.com\/wordpress\/plugins\/seo\/ -->\n<title>Yasal Uyar\u0131<\/title>\n<meta name=\"robots\" content=\"index, follow, max-snippet:-1, max-image-preview:large, max-video-preview:-1\" \/>\n<link rel=\"canonical\" href=\"https:\/\/caglayanyagmur.com.tr\/de\/yasal-uyari\/\" \/>\n<meta property=\"og:locale\" content=\"de_DE\" \/>\n<meta property=\"og:locale:alternate\" content=\"tr_TR\" \/>\n<meta property=\"og:locale:alternate\" content=\"en_US\" \/>\n<meta property=\"og:type\" content=\"article\" \/>\n<meta property=\"og:title\" content=\"Yasal Uyar\u0131\" \/>\n<meta property=\"og:url\" content=\"https:\/\/caglayanyagmur.com.tr\/de\/yasal-uyari\/\" \/>\n<meta property=\"og:site_name\" content=\"Do\u00e7. Dr. \u00c7a\u011flayan YA\u011eMUR\" \/>\n<meta property=\"article:publisher\" content=\"https:\/\/www.facebook.com\/drcaglayanyagmurestetik\/\" \/>\n<meta property=\"article:modified_time\" content=\"2022-02-07T21:47:27+00:00\" \/>\n<meta property=\"og:image\" content=\"https:\/\/caglayanyagmur.com.tr\/wp-content\/uploads\/2022\/02\/caglayan-yagmur-tanitim-videosu.png\" \/>\n\t<meta property=\"og:image:width\" content=\"1440\" \/>\n\t<meta property=\"og:image:height\" content=\"614\" \/>\n\t<meta property=\"og:image:type\" content=\"image\/png\" \/>\n<meta name=\"twitter:card\" content=\"summary_large_image\" \/>\n<meta name=\"twitter:label1\" content=\"Gesch\u00e4tzte Lesezeit\" \/>\n\t<meta name=\"twitter:data1\" content=\"11\u00a0Minuten\" \/>\n<script type=\"application\/ld+json\" class=\"yoast-schema-graph\">{\"@context\":\"https:\/\/schema.org\",\"@graph\":[{\"@type\":\"WebPage\",\"@id\":\"https:\/\/caglayanyagmur.com.tr\/yasal-uyari\/\",\"url\":\"https:\/\/caglayanyagmur.com.tr\/yasal-uyari\/\",\"name\":\"Yasal Uyar\u0131\",\"isPartOf\":{\"@id\":\"https:\/\/caglayanyagmur.com.tr\/#website\"},\"datePublished\":\"2022-02-07T19:35:23+00:00\",\"dateModified\":\"2022-02-07T21:47:27+00:00\",\"breadcrumb\":{\"@id\":\"https:\/\/caglayanyagmur.com.tr\/yasal-uyari\/#breadcrumb\"},\"inLanguage\":\"de-DE\",\"potentialAction\":[{\"@type\":\"ReadAction\",\"target\":[\"https:\/\/caglayanyagmur.com.tr\/yasal-uyari\/\"]}]},{\"@type\":\"BreadcrumbList\",\"@id\":\"https:\/\/caglayanyagmur.com.tr\/yasal-uyari\/#breadcrumb\",\"itemListElement\":[{\"@type\":\"ListItem\",\"position\":1,\"name\":\"Ana sayfa\",\"item\":\"https:\/\/caglayanyagmur.com.tr\/\"},{\"@type\":\"ListItem\",\"position\":2,\"name\":\"Yasal Uyar\u0131\"}]},{\"@type\":\"WebSite\",\"@id\":\"https:\/\/caglayanyagmur.com.tr\/#website\",\"url\":\"https:\/\/caglayanyagmur.com.tr\/\",\"name\":\"Do\u00e7. Dr. \u00c7a\u011flayan YA\u011eMUR\",\"description\":\"Plastik ve Estetik Cerrahi Uzman\u0131\",\"publisher\":{\"@id\":\"https:\/\/caglayanyagmur.com.tr\/#organization\"},\"alternateName\":\"\u00c7a\u011flayan Ya\u011fmur\",\"potentialAction\":[{\"@type\":\"SearchAction\",\"target\":{\"@type\":\"EntryPoint\",\"urlTemplate\":\"https:\/\/caglayanyagmur.com.tr\/?s={search_term_string}\"},\"query-input\":{\"@type\":\"PropertyValueSpecification\",\"valueRequired\":true,\"valueName\":\"search_term_string\"}}],\"inLanguage\":\"de-DE\"},{\"@type\":\"Organization\",\"@id\":\"https:\/\/caglayanyagmur.com.tr\/#organization\",\"name\":\"Do\u00e7. Dr. \u00c7a\u011flayan YA\u011eMUR Muayenehanesi\",\"alternateName\":\"Estetik Cerrahi Klini\u011fi\",\"url\":\"https:\/\/caglayanyagmur.com.tr\/\",\"logo\":{\"@type\":\"ImageObject\",\"inLanguage\":\"de-DE\",\"@id\":\"https:\/\/caglayanyagmur.com.tr\/#\/schema\/logo\/image\/\",\"url\":\"https:\/\/caglayanyagmur.com.tr\/wp-content\/uploads\/2023\/03\/Doc-dr-caglayan-yagmur-4.png\",\"contentUrl\":\"https:\/\/caglayanyagmur.com.tr\/wp-content\/uploads\/2023\/03\/Doc-dr-caglayan-yagmur-4.png\",\"width\":693,\"height\":620,\"caption\":\"Do\u00e7. Dr. \u00c7a\u011flayan YA\u011eMUR Muayenehanesi\"},\"image\":{\"@id\":\"https:\/\/caglayanyagmur.com.tr\/#\/schema\/logo\/image\/\"},\"sameAs\":[\"https:\/\/www.facebook.com\/drcaglayanyagmurestetik\/\",\"https:\/\/www.instagram.com\/caglayanyagmurestetik\/\",\"https:\/\/www.linkedin.com\/in\/caglayan-yagmur-86592731\",\"https:\/\/www.youtube.com\/@caglayanyagmurestetik\"]}]}<\/script>\n<!-- \/ Yoast SEO plugin. -->","yoast_head_json":{"title":"Yasal Uyar\u0131","robots":{"index":"index","follow":"follow","max-snippet":"max-snippet:-1","max-image-preview":"max-image-preview:large","max-video-preview":"max-video-preview:-1"},"canonical":"https:\/\/caglayanyagmur.com.tr\/de\/yasal-uyari\/","og_locale":"de_DE","og_type":"article","og_title":"[:tr]Yasal Uyar\u0131[:] | Do\u00e7. Dr. \u00c7a\u011flayan YA\u011eMUR","og_url":"https:\/\/caglayanyagmur.com.tr\/de\/yasal-uyari\/","og_site_name":"Do\u00e7. Dr. \u00c7a\u011flayan YA\u011eMUR","article_publisher":"https:\/\/www.facebook.com\/drcaglayanyagmurestetik\/","article_modified_time":"2022-02-07T21:47:27+00:00","og_image":[{"width":1440,"height":614,"url":"https:\/\/caglayanyagmur.com.tr\/wp-content\/uploads\/2022\/02\/caglayan-yagmur-tanitim-videosu.png","type":"image\/png"}],"twitter_card":"summary_large_image","twitter_misc":{"Gesch\u00e4tzte Lesezeit":"11\u00a0Minuten"},"schema":{"@context":"https:\/\/schema.org","@graph":[{"@type":"WebPage","@id":"https:\/\/caglayanyagmur.com.tr\/yasal-uyari\/","url":"https:\/\/caglayanyagmur.com.tr\/yasal-uyari\/","name":"Yasal Uyar\u0131","isPartOf":{"@id":"https:\/\/caglayanyagmur.com.tr\/#website"},"datePublished":"2022-02-07T19:35:23+00:00","dateModified":"2022-02-07T21:47:27+00:00","breadcrumb":{"@id":"https:\/\/caglayanyagmur.com.tr\/yasal-uyari\/#breadcrumb"},"inLanguage":"de-DE","potentialAction":[{"@type":"ReadAction","target":["https:\/\/caglayanyagmur.com.tr\/yasal-uyari\/"]}]},{"@type":"BreadcrumbList","@id":"https:\/\/caglayanyagmur.com.tr\/yasal-uyari\/#breadcrumb","itemListElement":[{"@type":"ListItem","position":1,"name":"Ana sayfa","item":"https:\/\/caglayanyagmur.com.tr\/"},{"@type":"ListItem","position":2,"name":"Yasal Uyar\u0131"}]},{"@type":"WebSite","@id":"https:\/\/caglayanyagmur.com.tr\/#website","url":"https:\/\/caglayanyagmur.com.tr\/","name":"Do\u00e7. Dr. \u00c7a\u011flayan YA\u011eMUR","description":"Plastik ve Estetik Cerrahi Uzman\u0131","publisher":{"@id":"https:\/\/caglayanyagmur.com.tr\/#organization"},"alternateName":"\u00c7a\u011flayan Ya\u011fmur","potentialAction":[{"@type":"SearchAction","target":{"@type":"EntryPoint","urlTemplate":"https:\/\/caglayanyagmur.com.tr\/?s={search_term_string}"},"query-input":{"@type":"PropertyValueSpecification","valueRequired":true,"valueName":"search_term_string"}}],"inLanguage":"de-DE"},{"@type":"Organization","@id":"https:\/\/caglayanyagmur.com.tr\/#organization","name":"Do\u00e7. Dr. \u00c7a\u011flayan YA\u011eMUR Muayenehanesi","alternateName":"Estetik Cerrahi Klini\u011fi","url":"https:\/\/caglayanyagmur.com.tr\/","logo":{"@type":"ImageObject","inLanguage":"de-DE","@id":"https:\/\/caglayanyagmur.com.tr\/#\/schema\/logo\/image\/","url":"https:\/\/caglayanyagmur.com.tr\/wp-content\/uploads\/2023\/03\/Doc-dr-caglayan-yagmur-4.png","contentUrl":"https:\/\/caglayanyagmur.com.tr\/wp-content\/uploads\/2023\/03\/Doc-dr-caglayan-yagmur-4.png","width":693,"height":620,"caption":"Do\u00e7. Dr. \u00c7a\u011flayan YA\u011eMUR Muayenehanesi"},"image":{"@id":"https:\/\/caglayanyagmur.com.tr\/#\/schema\/logo\/image\/"},"sameAs":["https:\/\/www.facebook.com\/drcaglayanyagmurestetik\/","https:\/\/www.instagram.com\/caglayanyagmurestetik\/","https:\/\/www.linkedin.com\/in\/caglayan-yagmur-86592731","https:\/\/www.youtube.com\/@caglayanyagmurestetik"]}]}},"_links":{"self":[{"href":"https:\/\/caglayanyagmur.com.tr\/de\/wp-json\/wp\/v2\/pages\/2253","targetHints":{"allow":["GET"]}}],"collection":[{"href":"https:\/\/caglayanyagmur.com.tr\/de\/wp-json\/wp\/v2\/pages"}],"about":[{"href":"https:\/\/caglayanyagmur.com.tr\/de\/wp-json\/wp\/v2\/types\/page"}],"author":[{"embeddable":true,"href":"https:\/\/caglayanyagmur.com.tr\/de\/wp-json\/wp\/v2\/users\/1"}],"replies":[{"embeddable":true,"href":"https:\/\/caglayanyagmur.com.tr\/de\/wp-json\/wp\/v2\/comments?post=2253"}],"version-history":[{"count":10,"href":"https:\/\/caglayanyagmur.com.tr\/de\/wp-json\/wp\/v2\/pages\/2253\/revisions"}],"predecessor-version":[{"id":2277,"href":"https:\/\/caglayanyagmur.com.tr\/de\/wp-json\/wp\/v2\/pages\/2253\/revisions\/2277"}],"wp:attachment":[{"href":"https:\/\/caglayanyagmur.com.tr\/de\/wp-json\/wp\/v2\/media?parent=2253"}],"curies":[{"name":"wp","href":"https:\/\/api.w.org\/{rel}","templated":true}]}}